{"id":29847,"date":"2026-02-27T00:08:05","date_gmt":"2026-02-27T00:08:05","guid":{"rendered":"https:\/\/nordicmart.andreevmaster.com\/product\/songmics-wc-hylly-saadettavilla-hyllyilla-pilvinen-valkoinen\/"},"modified":"2026-02-27T09:32:10","modified_gmt":"2026-02-27T09:32:10","slug":"songmics-wc-hylly-saadettavilla-hyllyilla-pilvinen-valkoinen","status":"publish","type":"product","link":"https:\/\/nordicmart.andreevmaster.com\/fi\/tuote\/songmics-wc-hylly-saadettavilla-hyllyilla-pilvinen-valkoinen\/","title":{"rendered":"SONGMICS WC-hylly s\u00e4\u00e4dett\u00e4vill\u00e4 hyllyill\u00e4, pilvinen valkoinen"},"content":{"rendered":"<p>SONGMICS WC-hylly, kylpyhuonehylly, 4-tasoinen kylpyhuonehylly, s\u00e4\u00e4dett\u00e4v\u00e4t hyllyt, tilaa s\u00e4\u00e4st\u00e4v\u00e4, sopii useimpiin WC-tiloihin, luonnonbeige BTS041N01<br \/>\nV\u00e4ri: pilvinen valkoinen<br \/>\nMateriaali: bambu<br \/>\nKoko: 26 x 63 x 185 cm (S x L x K)<br \/>\nPaino: 7,8 kg<br \/>\nMaks. staattinen kantavuus hylly\u00e4 kohti: 10 kg<br \/>\nMaks. staattinen kokonaiskuormitus: 40 kg<\/p>\n","protected":false},"excerpt":{"rendered":"<p>SONGMICS WC-hylly, kylpyhuonehylly, 4-tasoinen kylpyhuonehylly, s\u00e4\u00e4dett\u00e4v\u00e4t hyllyt, tilaa s\u00e4\u00e4st\u00e4v\u00e4, sopii useimpiin WC-tiloihin, luonnonbeige BTS041N01<\/p>\n","protected":false},"featured_media":39255,"comment_status":"open","ping_status":"closed","template":"","meta":[],"product_brand":[],"product_cat":[32],"product_tag":[],"class_list":{"0":"post-29847","1":"product","2":"type-product","3":"status-publish","4":"has-post-thumbnail","6":"product_cat-uncategorized-fi","8":"first","9":"instock","10":"shipping-taxable","11":"purchasable","12":"product-type-simple"},"_links":{"self":[{"href":"https:\/\/nordicmart.andreevmaster.com\/fi\/wp-json\/wp\/v2\/product\/29847","targetHints":{"allow":["GET"]}}],"collection":[{"href":"https:\/\/nordicmart.andreevmaster.com\/fi\/wp-json\/wp\/v2\/product"}],"about":[{"href":"https:\/\/nordicmart.andreevmaster.com\/fi\/wp-json\/wp\/v2\/types\/product"}],"replies":[{"embeddable":true,"href":"https:\/\/nordicmart.andreevmaster.com\/fi\/wp-json\/wp\/v2\/comments?post=29847"}],"wp:featuredmedia":[{"embeddable":true,"href":"https:\/\/nordicmart.andreevmaster.com\/fi\/wp-json\/wp\/v2\/media\/39255"}],"wp:attachment":[{"href":"https:\/\/nordicmart.andreevmaster.com\/fi\/wp-json\/wp\/v2\/media?parent=29847"}],"wp:term":[{"taxonomy":"product_brand","embeddable":true,"href":"https:\/\/nordicmart.andreevmaster.com\/fi\/wp-json\/wp\/v2\/product_brand?post=29847"},{"taxonomy":"product_cat","embeddable":true,"href":"https:\/\/nordicmart.andreevmaster.com\/fi\/wp-json\/wp\/v2\/product_cat?post=29847"},{"taxonomy":"product_tag","embeddable":true,"href":"https:\/\/nordicmart.andreevmaster.com\/fi\/wp-json\/wp\/v2\/product_tag?post=29847"}],"curies":[{"name":"wp","href":"https:\/\/api.w.org\/{rel}","templated":true}]}}