{"id":29845,"date":"2026-02-27T00:08:05","date_gmt":"2026-02-27T00:08:05","guid":{"rendered":"https:\/\/nordicmart.andreevmaster.com\/product\/songmics-4-tasoinen-wc-hylly-saadettavilla-hyllyilla-kyyhkynharmaa\/"},"modified":"2026-02-27T09:32:10","modified_gmt":"2026-02-27T09:32:10","slug":"songmics-4-tasoinen-wc-hylly-saadettavilla-hyllyilla-kyyhkynharmaa","status":"publish","type":"product","link":"https:\/\/nordicmart.andreevmaster.com\/fi\/tuote\/songmics-4-tasoinen-wc-hylly-saadettavilla-hyllyilla-kyyhkynharmaa\/","title":{"rendered":"SONGMICS 4-tasoinen WC-hylly s\u00e4\u00e4dett\u00e4vill\u00e4 hyllyill\u00e4, kyyhkynharmaa"},"content":{"rendered":"<p>SONGMICS 4-tasoinen WC-hylly, kylpyhuonehylly, pesukonehylly, s\u00e4\u00e4dett\u00e4v\u00e4t hyllyt, koukkuilla, WC-paperiteline, tilaa s\u00e4\u00e4st\u00e4v\u00e4, 30 x 83 x 176 cm<br \/>\nV\u00e4ri: kyyhkynharmaa<br \/>\nMateriaali: metalli<br \/>\nKoko: 30 x 83 x 176 cm (S x L x K)<br \/>\nPaino: 6,6 kg<br \/>\nMaks. staattinen kantavuus tasoa kohti: 11,3 kg<\/p>\n","protected":false},"excerpt":{"rendered":"<p>SONGMICS 4-tasoinen WC-hylly, kylpyhuonehylly, pesukonehylly, s\u00e4\u00e4dett\u00e4v\u00e4t hyllyt, koukkuilla, WC-paperiteline, tilaa s\u00e4\u00e4st\u00e4v\u00e4, 30 x 83 x 176 cm<\/p>\n","protected":false},"featured_media":39253,"comment_status":"open","ping_status":"closed","template":"","meta":[],"product_brand":[],"product_cat":[32],"product_tag":[],"class_list":{"0":"post-29845","1":"product","2":"type-product","3":"status-publish","4":"has-post-thumbnail","6":"product_cat-uncategorized-fi","8":"first","9":"instock","10":"shipping-taxable","11":"purchasable","12":"product-type-simple"},"_links":{"self":[{"href":"https:\/\/nordicmart.andreevmaster.com\/fi\/wp-json\/wp\/v2\/product\/29845","targetHints":{"allow":["GET"]}}],"collection":[{"href":"https:\/\/nordicmart.andreevmaster.com\/fi\/wp-json\/wp\/v2\/product"}],"about":[{"href":"https:\/\/nordicmart.andreevmaster.com\/fi\/wp-json\/wp\/v2\/types\/product"}],"replies":[{"embeddable":true,"href":"https:\/\/nordicmart.andreevmaster.com\/fi\/wp-json\/wp\/v2\/comments?post=29845"}],"wp:featuredmedia":[{"embeddable":true,"href":"https:\/\/nordicmart.andreevmaster.com\/fi\/wp-json\/wp\/v2\/media\/39253"}],"wp:attachment":[{"href":"https:\/\/nordicmart.andreevmaster.com\/fi\/wp-json\/wp\/v2\/media?parent=29845"}],"wp:term":[{"taxonomy":"product_brand","embeddable":true,"href":"https:\/\/nordicmart.andreevmaster.com\/fi\/wp-json\/wp\/v2\/product_brand?post=29845"},{"taxonomy":"product_cat","embeddable":true,"href":"https:\/\/nordicmart.andreevmaster.com\/fi\/wp-json\/wp\/v2\/product_cat?post=29845"},{"taxonomy":"product_tag","embeddable":true,"href":"https:\/\/nordicmart.andreevmaster.com\/fi\/wp-json\/wp\/v2\/product_tag?post=29845"}],"curies":[{"name":"wp","href":"https:\/\/api.w.org\/{rel}","templated":true}]}}