{"id":29842,"date":"2026-02-27T00:08:05","date_gmt":"2026-02-27T00:08:05","guid":{"rendered":"https:\/\/nordicmart.andreevmaster.com\/product\/vasagle-wc-hylly-liukuovella-25-x-83-x-170-cm-pilvinen-valkoinen\/"},"modified":"2026-02-27T09:32:09","modified_gmt":"2026-02-27T09:32:09","slug":"vasagle-wc-hylly-liukuovella-25-x-83-x-170-cm-pilvinen-valkoinen","status":"publish","type":"product","link":"https:\/\/nordicmart.andreevmaster.com\/fi\/tuote\/vasagle-wc-hylly-liukuovella-25-x-83-x-170-cm-pilvinen-valkoinen\/","title":{"rendered":"VASAGLE WC-hylly liukuovella 25 x 83 x 170 cm pilvinen valkoinen"},"content":{"rendered":"<p>VASAGLE WC-hylly, kylpyhuonehylly liukuovella, s\u00e4\u00e4dett\u00e4v\u00e4t hyllyt, tilaa s\u00e4\u00e4st\u00e4v\u00e4, sopii useimpiin WC-tiloihin, moderni, 25 x 83 x 170 cm, pilvinen valkoinen BTS018W01<br \/>\nV\u00e4ri: pilvinen valkoinen<br \/>\nMateriaali: lastulevy, MDF (keskitihe\u00e4 kuitulevy)<br \/>\nKoko: 25 x 83 x 170 cm (S x L x K)<br \/>\nPaino: 26,3 kg<br \/>\nMaks. staattinen kokonaiskuormitus: 95,1 kg<\/p>\n","protected":false},"excerpt":{"rendered":"<p>VASAGLE WC-hylly, kylpyhuonehylly liukuovella, s\u00e4\u00e4dett\u00e4v\u00e4t hyllyt, tilaa s\u00e4\u00e4st\u00e4v\u00e4, sopii useimpiin WC-tiloihin, moderni, 25 x 83 x 170 cm, pilvinen valkoinen BTS018W01<\/p>\n","protected":false},"featured_media":39250,"comment_status":"open","ping_status":"closed","template":"","meta":[],"product_brand":[],"product_cat":[32],"product_tag":[],"class_list":{"0":"post-29842","1":"product","2":"type-product","3":"status-publish","4":"has-post-thumbnail","6":"product_cat-uncategorized-fi","8":"first","9":"instock","10":"shipping-taxable","11":"purchasable","12":"product-type-simple"},"_links":{"self":[{"href":"https:\/\/nordicmart.andreevmaster.com\/fi\/wp-json\/wp\/v2\/product\/29842","targetHints":{"allow":["GET"]}}],"collection":[{"href":"https:\/\/nordicmart.andreevmaster.com\/fi\/wp-json\/wp\/v2\/product"}],"about":[{"href":"https:\/\/nordicmart.andreevmaster.com\/fi\/wp-json\/wp\/v2\/types\/product"}],"replies":[{"embeddable":true,"href":"https:\/\/nordicmart.andreevmaster.com\/fi\/wp-json\/wp\/v2\/comments?post=29842"}],"wp:featuredmedia":[{"embeddable":true,"href":"https:\/\/nordicmart.andreevmaster.com\/fi\/wp-json\/wp\/v2\/media\/39250"}],"wp:attachment":[{"href":"https:\/\/nordicmart.andreevmaster.com\/fi\/wp-json\/wp\/v2\/media?parent=29842"}],"wp:term":[{"taxonomy":"product_brand","embeddable":true,"href":"https:\/\/nordicmart.andreevmaster.com\/fi\/wp-json\/wp\/v2\/product_brand?post=29842"},{"taxonomy":"product_cat","embeddable":true,"href":"https:\/\/nordicmart.andreevmaster.com\/fi\/wp-json\/wp\/v2\/product_cat?post=29842"},{"taxonomy":"product_tag","embeddable":true,"href":"https:\/\/nordicmart.andreevmaster.com\/fi\/wp-json\/wp\/v2\/product_tag?post=29842"}],"curies":[{"name":"wp","href":"https:\/\/api.w.org\/{rel}","templated":true}]}}