{"id":29836,"date":"2026-02-27T00:08:03","date_gmt":"2026-02-27T00:08:03","guid":{"rendered":"https:\/\/nordicmart.andreevmaster.com\/product\/vasagle-wc-hylly-3-hyllylla\/"},"modified":"2026-02-27T09:32:09","modified_gmt":"2026-02-27T09:32:09","slug":"vasagle-wc-hylly-3-hyllylla","status":"publish","type":"product","link":"https:\/\/nordicmart.andreevmaster.com\/fi\/tuote\/vasagle-wc-hylly-3-hyllylla\/","title":{"rendered":"VASAGLE WC-hylly 3 hyllyll\u00e4"},"content":{"rendered":"<p>VASAGLE WC-hylly, kylpyhuonehylly, pesukonehylly, kylpyhuonehylly 3 avoimella hyllyll\u00e4, tilaa s\u00e4\u00e4st\u00e4v\u00e4, vakaa, helppo asentaa, teollinen muotoilu, vintage-ruskea-musta BTS002B01<br \/>\nV\u00e4ri: greige-musta<br \/>\nMateriaali: lastulevy, ter\u00e4s<br \/>\nKoko: 63 x 25 x 165 cm (P x L x K)<br \/>\nPaino: 10,2 kg<br \/>\nMaks. staattinen kantavuus: 15 kg<\/p>\n","protected":false},"excerpt":{"rendered":"<p>VASAGLE WC-hylly, kylpyhuonehylly, pesukonehylly, kylpyhuonehylly 3 avoimella hyllyll\u00e4, tilaa s\u00e4\u00e4st\u00e4v\u00e4, vakaa, helppo asentaa, teollinen muotoilu, vintage-ruskea-musta BTS002B01<\/p>\n","protected":false},"featured_media":39244,"comment_status":"open","ping_status":"closed","template":"","meta":[],"product_brand":[],"product_cat":[32],"product_tag":[],"class_list":{"0":"post-29836","1":"product","2":"type-product","3":"status-publish","4":"has-post-thumbnail","6":"product_cat-uncategorized-fi","8":"first","9":"instock","10":"shipping-taxable","11":"purchasable","12":"product-type-simple"},"_links":{"self":[{"href":"https:\/\/nordicmart.andreevmaster.com\/fi\/wp-json\/wp\/v2\/product\/29836","targetHints":{"allow":["GET"]}}],"collection":[{"href":"https:\/\/nordicmart.andreevmaster.com\/fi\/wp-json\/wp\/v2\/product"}],"about":[{"href":"https:\/\/nordicmart.andreevmaster.com\/fi\/wp-json\/wp\/v2\/types\/product"}],"replies":[{"embeddable":true,"href":"https:\/\/nordicmart.andreevmaster.com\/fi\/wp-json\/wp\/v2\/comments?post=29836"}],"wp:featuredmedia":[{"embeddable":true,"href":"https:\/\/nordicmart.andreevmaster.com\/fi\/wp-json\/wp\/v2\/media\/39244"}],"wp:attachment":[{"href":"https:\/\/nordicmart.andreevmaster.com\/fi\/wp-json\/wp\/v2\/media?parent=29836"}],"wp:term":[{"taxonomy":"product_brand","embeddable":true,"href":"https:\/\/nordicmart.andreevmaster.com\/fi\/wp-json\/wp\/v2\/product_brand?post=29836"},{"taxonomy":"product_cat","embeddable":true,"href":"https:\/\/nordicmart.andreevmaster.com\/fi\/wp-json\/wp\/v2\/product_cat?post=29836"},{"taxonomy":"product_tag","embeddable":true,"href":"https:\/\/nordicmart.andreevmaster.com\/fi\/wp-json\/wp\/v2\/product_tag?post=29836"}],"curies":[{"name":"wp","href":"https:\/\/api.w.org\/{rel}","templated":true}]}}