{"id":29834,"date":"2026-02-27T00:08:03","date_gmt":"2026-02-27T00:08:03","guid":{"rendered":"https:\/\/nordicmart.andreevmaster.com\/product\/songmics-3-tasoinen-kylpyhuonehylly-bambusta-pilvinen-valkoinen-luonnonvari\/"},"modified":"2026-02-27T09:32:08","modified_gmt":"2026-02-27T09:32:08","slug":"songmics-3-tasoinen-kylpyhuonehylly-bambusta-pilvinen-valkoinen-luonnonvari","status":"publish","type":"product","link":"https:\/\/nordicmart.andreevmaster.com\/fi\/tuote\/songmics-3-tasoinen-kylpyhuonehylly-bambusta-pilvinen-valkoinen-luonnonvari\/","title":{"rendered":"SONGMICS 3-tasoinen kylpyhuonehylly bambusta, pilvinen valkoinen, luonnonv\u00e4ri"},"content":{"rendered":"<p>SONGMICS WC-hylly, kylpyhuonehylly, pesukonehylly, 3-tasoinen bambusta valmistettu kylpyhuonehylly, s\u00e4\u00e4dett\u00e4v\u00e4, monik\u00e4ytt\u00f6inen, staattinen kantavuus 15 kg per taso, helppo asentaa, valkoinen BTS01WT<\/p>\n","protected":false},"excerpt":{"rendered":"<p>SONGMICS WC-hylly, kylpyhuonehylly, pesukonehylly, 3-tasoinen bambusta valmistettu kylpyhuonehylly, s\u00e4\u00e4dett\u00e4v\u00e4, monik\u00e4ytt\u00f6inen, staattinen kantavuus 15 kg per taso, helppo asentaa, valkoinen BTS01WT<\/p>\n","protected":false},"featured_media":39242,"comment_status":"open","ping_status":"closed","template":"","meta":[],"product_brand":[],"product_cat":[32],"product_tag":[],"class_list":{"0":"post-29834","1":"product","2":"type-product","3":"status-publish","4":"has-post-thumbnail","6":"product_cat-uncategorized-fi","8":"first","9":"instock","10":"shipping-taxable","11":"purchasable","12":"product-type-simple"},"_links":{"self":[{"href":"https:\/\/nordicmart.andreevmaster.com\/fi\/wp-json\/wp\/v2\/product\/29834","targetHints":{"allow":["GET"]}}],"collection":[{"href":"https:\/\/nordicmart.andreevmaster.com\/fi\/wp-json\/wp\/v2\/product"}],"about":[{"href":"https:\/\/nordicmart.andreevmaster.com\/fi\/wp-json\/wp\/v2\/types\/product"}],"replies":[{"embeddable":true,"href":"https:\/\/nordicmart.andreevmaster.com\/fi\/wp-json\/wp\/v2\/comments?post=29834"}],"wp:featuredmedia":[{"embeddable":true,"href":"https:\/\/nordicmart.andreevmaster.com\/fi\/wp-json\/wp\/v2\/media\/39242"}],"wp:attachment":[{"href":"https:\/\/nordicmart.andreevmaster.com\/fi\/wp-json\/wp\/v2\/media?parent=29834"}],"wp:term":[{"taxonomy":"product_brand","embeddable":true,"href":"https:\/\/nordicmart.andreevmaster.com\/fi\/wp-json\/wp\/v2\/product_brand?post=29834"},{"taxonomy":"product_cat","embeddable":true,"href":"https:\/\/nordicmart.andreevmaster.com\/fi\/wp-json\/wp\/v2\/product_cat?post=29834"},{"taxonomy":"product_tag","embeddable":true,"href":"https:\/\/nordicmart.andreevmaster.com\/fi\/wp-json\/wp\/v2\/product_tag?post=29834"}],"curies":[{"name":"wp","href":"https:\/\/api.w.org\/{rel}","templated":true}]}}