{"id":29822,"date":"2026-02-27T00:08:01","date_gmt":"2026-02-27T00:08:01","guid":{"rendered":"https:\/\/nordicmart.andreevmaster.com\/product\/vasagle-hylly-vesiputkimainen-ulkonako-5-hyllya\/"},"modified":"2026-02-27T09:32:07","modified_gmt":"2026-02-27T09:32:07","slug":"vasagle-hylly-vesiputkimainen-ulkonako-5-hyllya","status":"publish","type":"product","link":"https:\/\/nordicmart.andreevmaster.com\/fi\/tuote\/vasagle-hylly-vesiputkimainen-ulkonako-5-hyllya\/","title":{"rendered":"VASAGLE-hylly, vesiputkimainen ulkon\u00e4k\u00f6, 5 hylly\u00e4"},"content":{"rendered":"<p>Tuotetiedot: V\u00e4ri: putket mustat, vintage-hyllyt tummanruskeat Materiaali: rauta, synteettiset hyllylattiat Koko: 39,5 x 30,5 x 129,5 cm (P x L x K)Hyllyn koko: 35 x 28,5 cm Paino: 6,1 kg Maks. staattinen kantavuus per taso: 25 kg Toimitus sis\u00e4lt\u00e4\u00e4: 1 x hylly 1 x lis\u00e4varustepussi 1 x ohjeet (DE, EN, FR, ES, IT) VASAGLE Huomautukset: Hyllyn maksimikantavuus on 25 kg. \u00c4l\u00e4 ylit\u00e4 t\u00e4t\u00e4 maksimipainoa.<\/p>\n","protected":false},"excerpt":{"rendered":"<p>VASAGLE 5 hyllyll\u00e4 varustettu hyllykk\u00f6, kirjahylly, teollisen muotoilun keitti\u00f6hylly, kylpyhuonehylly, laajennettava, kasvien hylly s\u00e4\u00e4dett\u00e4vill\u00e4 hyllyill\u00e4, olohuone, parveke, vintage BSC25BX<\/p>\n","protected":false},"featured_media":39230,"comment_status":"open","ping_status":"closed","template":"","meta":[],"product_brand":[],"product_cat":[32],"product_tag":[],"class_list":{"0":"post-29822","1":"product","2":"type-product","3":"status-publish","4":"has-post-thumbnail","6":"product_cat-uncategorized-fi","8":"first","9":"instock","10":"shipping-taxable","11":"purchasable","12":"product-type-simple"},"_links":{"self":[{"href":"https:\/\/nordicmart.andreevmaster.com\/fi\/wp-json\/wp\/v2\/product\/29822","targetHints":{"allow":["GET"]}}],"collection":[{"href":"https:\/\/nordicmart.andreevmaster.com\/fi\/wp-json\/wp\/v2\/product"}],"about":[{"href":"https:\/\/nordicmart.andreevmaster.com\/fi\/wp-json\/wp\/v2\/types\/product"}],"replies":[{"embeddable":true,"href":"https:\/\/nordicmart.andreevmaster.com\/fi\/wp-json\/wp\/v2\/comments?post=29822"}],"wp:featuredmedia":[{"embeddable":true,"href":"https:\/\/nordicmart.andreevmaster.com\/fi\/wp-json\/wp\/v2\/media\/39230"}],"wp:attachment":[{"href":"https:\/\/nordicmart.andreevmaster.com\/fi\/wp-json\/wp\/v2\/media?parent=29822"}],"wp:term":[{"taxonomy":"product_brand","embeddable":true,"href":"https:\/\/nordicmart.andreevmaster.com\/fi\/wp-json\/wp\/v2\/product_brand?post=29822"},{"taxonomy":"product_cat","embeddable":true,"href":"https:\/\/nordicmart.andreevmaster.com\/fi\/wp-json\/wp\/v2\/product_cat?post=29822"},{"taxonomy":"product_tag","embeddable":true,"href":"https:\/\/nordicmart.andreevmaster.com\/fi\/wp-json\/wp\/v2\/product_tag?post=29822"}],"curies":[{"name":"wp","href":"https:\/\/api.w.org\/{rel}","templated":true}]}}