{"id":29818,"date":"2026-02-27T00:08:00","date_gmt":"2026-02-27T00:08:00","guid":{"rendered":"https:\/\/nordicmart.andreevmaster.com\/product\/songmics-tarjoiluvaunu-3-tasoa\/"},"modified":"2026-02-27T09:32:06","modified_gmt":"2026-02-27T09:32:06","slug":"songmics-tarjoiluvaunu-3-tasoa","status":"publish","type":"product","link":"https:\/\/nordicmart.andreevmaster.com\/fi\/tuote\/songmics-tarjoiluvaunu-3-tasoa\/","title":{"rendered":"SONGMICS-tarjoiluvaunu, 3 tasoa"},"content":{"rendered":"<p>Kest\u00e4v\u00e4 ter\u00e4srunko, 3 hylly\u00e4 ja 4 korkealaatuista py\u00f6r\u00e4\u00e4 (joista 2 lukittavissa) \u2013 rullaa t\u00e4m\u00e4 SONGMICS-hylly sinne, miss\u00e4 tarvitset lis\u00e4\u00e4 s\u00e4ilytystilaa. Pesutilaan: ty\u00f6nn\u00e4 t\u00e4m\u00e4 hylly pesutilaan, jotta pesuaineet, huuhteluaineet, puhdistusaineet jne. pysyv\u00e4t siististi paikoillaan. Huomenna on pyykkip\u00e4iv\u00e4! Mutta \u00e4l\u00e4 huoli, kaikki tarvikkeet ovat jo k\u00e4rryss\u00e4 odottamassa k\u00e4ytt\u00f6\u00e4! Keitti\u00f6\u00f6n: mausteet ylemm\u00e4ss\u00e4 s\u00e4ilytyslokerossa, hedelm\u00e4t keskimm\u00e4isess\u00e4 ja vihannekset alemmassa \u2013 kaikella on oma paikkansa! Vihdoin voit vapauttaa ty\u00f6tasot kaaoksesta ja k\u00e4ytt\u00e4\u00e4 niit\u00e4 j\u00e4lleen j\u00e4rkev\u00e4sti. Toimistoon: voit s\u00e4ilytt\u00e4\u00e4 toimistotarvikkeesi t\u00e4ss\u00e4 hyllyss\u00e4 ja luoda j\u00e4rjestyst\u00e4 ty\u00f6p\u00f6yd\u00e4llesi. J\u00e4rjestyksess\u00e4 oleva ty\u00f6piste on tuottavan ty\u00f6n perusta! Jos toimistosi kaipaa hieman vihreytt\u00e4, voit sijoittaa muutaman pienen mehikasvin t\u00e4m\u00e4n hyllyn yl\u00e4osaan. Ajattele laajemmin! T\u00e4ll\u00e4 rullavaunulla on loputtomasti k\u00e4ytt\u00f6mahdollisuuksia! Syntym\u00e4p\u00e4iv\u00e4lahjojen yll\u00e4tyskuljetus? Kirjojen s\u00e4ilytys? Tai pienten kasvien esittely&#8230; Mit\u00e4 muuta? T\u00e4h\u00e4n tarjoiluvaunuun mahtuu erilaisia esineit\u00e4. Tuotetiedot: V\u00e4ri: mintunvihre\u00e4 Materiaali: ter\u00e4s Koko: 41,4 x 30,7 x 79 cm (P x L x K) Paino: 4,2 kg Maks. staattinen kantavuus per taso: 10 kg Toimitus sis\u00e4lt\u00e4\u00e4: 1 x rullavaunu 1 x lis\u00e4varustepaketti 1 x ohjeet<\/p>\n","protected":false},"excerpt":{"rendered":"<p>SONGMICS 3-tasoinen rullavaunu, metallinen tarjoiluvaunu, keitti\u00f6vaunu, keitti\u00f6hylly kahvoilla, 2 jarrua, helppo koota, maalausv\u00e4lineille, makuuhuoneeseen, pesutilaan, musta BSC068B01<\/p>\n","protected":false},"featured_media":39226,"comment_status":"open","ping_status":"closed","template":"","meta":[],"product_brand":[],"product_cat":[32],"product_tag":[],"class_list":{"0":"post-29818","1":"product","2":"type-product","3":"status-publish","4":"has-post-thumbnail","6":"product_cat-uncategorized-fi","8":"first","9":"instock","10":"shipping-taxable","11":"purchasable","12":"product-type-simple"},"_links":{"self":[{"href":"https:\/\/nordicmart.andreevmaster.com\/fi\/wp-json\/wp\/v2\/product\/29818","targetHints":{"allow":["GET"]}}],"collection":[{"href":"https:\/\/nordicmart.andreevmaster.com\/fi\/wp-json\/wp\/v2\/product"}],"about":[{"href":"https:\/\/nordicmart.andreevmaster.com\/fi\/wp-json\/wp\/v2\/types\/product"}],"replies":[{"embeddable":true,"href":"https:\/\/nordicmart.andreevmaster.com\/fi\/wp-json\/wp\/v2\/comments?post=29818"}],"wp:featuredmedia":[{"embeddable":true,"href":"https:\/\/nordicmart.andreevmaster.com\/fi\/wp-json\/wp\/v2\/media\/39226"}],"wp:attachment":[{"href":"https:\/\/nordicmart.andreevmaster.com\/fi\/wp-json\/wp\/v2\/media?parent=29818"}],"wp:term":[{"taxonomy":"product_brand","embeddable":true,"href":"https:\/\/nordicmart.andreevmaster.com\/fi\/wp-json\/wp\/v2\/product_brand?post=29818"},{"taxonomy":"product_cat","embeddable":true,"href":"https:\/\/nordicmart.andreevmaster.com\/fi\/wp-json\/wp\/v2\/product_cat?post=29818"},{"taxonomy":"product_tag","embeddable":true,"href":"https:\/\/nordicmart.andreevmaster.com\/fi\/wp-json\/wp\/v2\/product_tag?post=29818"}],"curies":[{"name":"wp","href":"https:\/\/api.w.org\/{rel}","templated":true}]}}