{"id":29816,"date":"2026-02-27T00:08:00","date_gmt":"2026-02-27T00:08:00","guid":{"rendered":"https:\/\/nordicmart.andreevmaster.com\/product\/songmics-tarjoiluvaunu-3-tasoa-valkoinen-ja-lapinakyva\/"},"modified":"2026-02-27T09:32:06","modified_gmt":"2026-02-27T09:32:06","slug":"songmics-tarjoiluvaunu-3-tasoa-valkoinen-ja-lapinakyva","status":"publish","type":"product","link":"https:\/\/nordicmart.andreevmaster.com\/fi\/tuote\/songmics-tarjoiluvaunu-3-tasoa-valkoinen-ja-lapinakyva\/","title":{"rendered":"SONGMICS tarjoiluvaunu, 3 tasoa, valkoinen ja l\u00e4pin\u00e4kyv\u00e4"},"content":{"rendered":"<p>SONGMICS rullavaunu, 3 tasoa, tarjoiluvaunu, keitti\u00f6vaunu kahvalla, 2 pient\u00e4 ripustettavaa lokeroa, 2 jarrua, muoviset s\u00e4ilytyslokerot, helppo koota, makuuhuone, pesutupa, musta BSC067B01<br \/>\nV\u00e4ri: valkoinen-l\u00e4pin\u00e4kyv\u00e4<br \/>\nMateriaali: ter\u00e4s, muovi<br \/>\nKoko: 37,3 x 42,5 x 86,3 cm (S x L x K)<br \/>\nPaino: 3 kg<br \/>\nMaks. staattinen kantavuus tasoa kohti: 10 kg<\/p>\n","protected":false},"excerpt":{"rendered":"<p>SONGMICS rullavaunu, 3 tasoa, tarjoiluvaunu, keitti\u00f6vaunu kahvalla, 2 pient\u00e4 ripustettavaa lokeroa, 2 jarrua, muoviset s\u00e4ilytyslokerot, helppo koota, makuuhuone, pesutupa, musta BSC067B01<\/p>\n","protected":false},"featured_media":39224,"comment_status":"open","ping_status":"closed","template":"","meta":[],"product_brand":[],"product_cat":[32],"product_tag":[],"class_list":{"0":"post-29816","1":"product","2":"type-product","3":"status-publish","4":"has-post-thumbnail","6":"product_cat-uncategorized-fi","8":"first","9":"instock","10":"shipping-taxable","11":"purchasable","12":"product-type-simple"},"_links":{"self":[{"href":"https:\/\/nordicmart.andreevmaster.com\/fi\/wp-json\/wp\/v2\/product\/29816","targetHints":{"allow":["GET"]}}],"collection":[{"href":"https:\/\/nordicmart.andreevmaster.com\/fi\/wp-json\/wp\/v2\/product"}],"about":[{"href":"https:\/\/nordicmart.andreevmaster.com\/fi\/wp-json\/wp\/v2\/types\/product"}],"replies":[{"embeddable":true,"href":"https:\/\/nordicmart.andreevmaster.com\/fi\/wp-json\/wp\/v2\/comments?post=29816"}],"wp:featuredmedia":[{"embeddable":true,"href":"https:\/\/nordicmart.andreevmaster.com\/fi\/wp-json\/wp\/v2\/media\/39224"}],"wp:attachment":[{"href":"https:\/\/nordicmart.andreevmaster.com\/fi\/wp-json\/wp\/v2\/media?parent=29816"}],"wp:term":[{"taxonomy":"product_brand","embeddable":true,"href":"https:\/\/nordicmart.andreevmaster.com\/fi\/wp-json\/wp\/v2\/product_brand?post=29816"},{"taxonomy":"product_cat","embeddable":true,"href":"https:\/\/nordicmart.andreevmaster.com\/fi\/wp-json\/wp\/v2\/product_cat?post=29816"},{"taxonomy":"product_tag","embeddable":true,"href":"https:\/\/nordicmart.andreevmaster.com\/fi\/wp-json\/wp\/v2\/product_tag?post=29816"}],"curies":[{"name":"wp","href":"https:\/\/api.w.org\/{rel}","templated":true}]}}