{"id":29813,"date":"2026-02-27T00:07:59","date_gmt":"2026-02-27T00:07:59","guid":{"rendered":"https:\/\/nordicmart.andreevmaster.com\/product\/songmics-rullavaunu-musta\/"},"modified":"2026-02-27T09:32:06","modified_gmt":"2026-02-27T09:32:06","slug":"songmics-rullavaunu-musta","status":"publish","type":"product","link":"https:\/\/nordicmart.andreevmaster.com\/fi\/tuote\/songmics-rullavaunu-musta\/","title":{"rendered":"SONGMICS rullavaunu, musta"},"content":{"rendered":"<p>T\u00e4ydellinen kylpyammeen viereen: T\u00e4yt\u00e4 t\u00e4m\u00e4 k\u00e4yt\u00e4nn\u00f6llinen kylpyhuonehylly shampoolla, suihkugeelill\u00e4 ja sienell\u00e4, rullaa se kylpyammeen viereen ja hypp\u00e4\u00e4 kuumaan vaahtokylpyyn!K\u00e4tev\u00e4 keitti\u00f6n ty\u00f6tason vieress\u00e4:&nbsp;Sijoita mausteet, kastikkeet, ruoka\u00f6ljyt ja muut usein k\u00e4ytetyt ruoanlaittoaineet t\u00e4lle keitti\u00f6hyllylle ja ty\u00f6nn\u00e4 se pieneen koloon keitti\u00f6n ty\u00f6tason vieress\u00e4. N\u00e4in suola, pippuri ja oliivi\u00f6ljy ovat heti k\u00e4den ulottuvilla, kun valmistat kuuluisaa couscous-salaattiasi.Hy\u00f6dyllinen ty\u00f6p\u00f6yd\u00e4n vieress\u00e4:&nbsp;Aseta pienet laatikot, joissa on toimistotarvikkeet, nitoja ja rei&#8217;itin, t\u00e4lle joustavalle rullavaunulle ja ty\u00f6nn\u00e4 se ty\u00f6p\u00f6yd\u00e4n viereen. N\u00e4in saat t\u00e4rke\u00e4t ty\u00f6v\u00e4lineet nopeasti k\u00e4siisi ilman, ett\u00e4 ty\u00f6p\u00f6yt\u00e4si uppoaa kaaokseen.Tuotetiedot: V\u00e4ri: musta Materiaali: ter\u00e4s Koko: 41 x 13,5 x 62,5 cm (P x L x K) Paino: 2,7 kg Maks. staattinen kantavuus per taso: 4 kg Toimitus sis\u00e4lt\u00e4\u00e4: 1 x rullavaunu 1 x lis\u00e4varustepaketti 1 x ohjeet (DE, EN, FR, IT, ES)<\/p>\n","protected":false},"excerpt":{"rendered":"<p>SONGMICS rullavaunu, kapea hylly, keitti\u00f6hylly 3 ritil\u00e4koriin, tilaa s\u00e4\u00e4st\u00e4v\u00e4, kylpyhuonehylly, pieniin tiloihin, keitti\u00f6\u00f6n, toimistoon, kylpyhuoneeseen, olohuoneeseen, musta BSC066B01<\/p>\n","protected":false},"featured_media":39221,"comment_status":"open","ping_status":"closed","template":"","meta":[],"product_brand":[],"product_cat":[32],"product_tag":[],"class_list":{"0":"post-29813","1":"product","2":"type-product","3":"status-publish","4":"has-post-thumbnail","6":"product_cat-uncategorized-fi","8":"first","9":"instock","10":"shipping-taxable","11":"purchasable","12":"product-type-simple"},"_links":{"self":[{"href":"https:\/\/nordicmart.andreevmaster.com\/fi\/wp-json\/wp\/v2\/product\/29813","targetHints":{"allow":["GET"]}}],"collection":[{"href":"https:\/\/nordicmart.andreevmaster.com\/fi\/wp-json\/wp\/v2\/product"}],"about":[{"href":"https:\/\/nordicmart.andreevmaster.com\/fi\/wp-json\/wp\/v2\/types\/product"}],"replies":[{"embeddable":true,"href":"https:\/\/nordicmart.andreevmaster.com\/fi\/wp-json\/wp\/v2\/comments?post=29813"}],"wp:featuredmedia":[{"embeddable":true,"href":"https:\/\/nordicmart.andreevmaster.com\/fi\/wp-json\/wp\/v2\/media\/39221"}],"wp:attachment":[{"href":"https:\/\/nordicmart.andreevmaster.com\/fi\/wp-json\/wp\/v2\/media?parent=29813"}],"wp:term":[{"taxonomy":"product_brand","embeddable":true,"href":"https:\/\/nordicmart.andreevmaster.com\/fi\/wp-json\/wp\/v2\/product_brand?post=29813"},{"taxonomy":"product_cat","embeddable":true,"href":"https:\/\/nordicmart.andreevmaster.com\/fi\/wp-json\/wp\/v2\/product_cat?post=29813"},{"taxonomy":"product_tag","embeddable":true,"href":"https:\/\/nordicmart.andreevmaster.com\/fi\/wp-json\/wp\/v2\/product_tag?post=29813"}],"curies":[{"name":"wp","href":"https:\/\/api.w.org\/{rel}","templated":true}]}}