{"id":29812,"date":"2026-02-27T00:07:59","date_gmt":"2026-02-27T00:07:59","guid":{"rendered":"https:\/\/nordicmart.andreevmaster.com\/product\/songmics-kapea-4-tasoinen-rullavaunu\/"},"modified":"2026-02-27T09:32:06","modified_gmt":"2026-02-27T09:32:06","slug":"songmics-kapea-4-tasoinen-rullavaunu","status":"publish","type":"product","link":"https:\/\/nordicmart.andreevmaster.com\/fi\/tuote\/songmics-kapea-4-tasoinen-rullavaunu\/","title":{"rendered":"SONGMICS Kapea 4-tasoinen rullavaunu"},"content":{"rendered":"<p>T\u00e4ydellinen kylpyammeesi viereen: T\u00e4yt\u00e4 t\u00e4m\u00e4 k\u00e4yt\u00e4nn\u00f6llinen kylpyhuonehylly shampoolla, suihkugeelill\u00e4 ja sienell\u00e4, rullaa se kylpyammeesi viereen ja hypp\u00e4\u00e4 kuumaan vaahtokylpyyn! K\u00e4tev\u00e4 keitti\u00f6n ty\u00f6tason vieress\u00e4: Aseta mausteet, kastikkeet, ruoka\u00f6ljyt ja muut usein k\u00e4ytetyt ruoanlaittoaineet t\u00e4lle keitti\u00f6hyllylle ja ty\u00f6nn\u00e4 se pieneen koloon keitti\u00f6n ty\u00f6tason viereen. N\u00e4in suola, pippuri ja oliivi\u00f6ljy ovat heti k\u00e4den ulottuvilla, kun valmistat kuuluisaa couscous-salaattiasi. K\u00e4tev\u00e4 ty\u00f6p\u00f6yd\u00e4n vieress\u00e4: Aseta pienet laatikot, joissa on toimistotarvikkeet, nitoja ja rei&#8217;itin, t\u00e4lle joustavalle rullavaunulle ja ty\u00f6nn\u00e4 se ty\u00f6p\u00f6yd\u00e4n viereen. N\u00e4in saat t\u00e4rke\u00e4t ty\u00f6v\u00e4lineet nopeasti k\u00e4siisi ilman, ett\u00e4 ty\u00f6p\u00f6yt\u00e4si uppoaa kaaokseen. Tuotetiedot:- V\u00e4ri: musta &#8211; Materiaali: ter\u00e4s &#8211; Koko: 40,5 x 13,5 x 90,6 cm (P x L x K) &#8211; Paino: 3,3 kg &#8211; Maks. staattinen kantavuus per taso: 4 kg Toimitus sis\u00e4lt\u00e4\u00e4: &#8211; 1 x kapea rullavaunu &#8211; 1 x lis\u00e4varustepaketti &#8211; 1 x ohjeet (DE, EN, FR, IT, ES)<\/p>\n","protected":false},"excerpt":{"rendered":"<p>SONGMICS 4-tasoinen rullavaunu, kapea hylly, keitti\u00f6vaunu, kylpyhuonehylly, keitti\u00f6hylly, tilaa s\u00e4\u00e4st\u00e4v\u00e4, helppo koota, keitti\u00f6, toimisto, kylpyhuone, olohuone, musta BSC065B01<\/p>\n","protected":false},"featured_media":39220,"comment_status":"open","ping_status":"closed","template":"","meta":[],"product_brand":[],"product_cat":[32],"product_tag":[],"class_list":{"0":"post-29812","1":"product","2":"type-product","3":"status-publish","4":"has-post-thumbnail","6":"product_cat-uncategorized-fi","8":"first","9":"instock","10":"shipping-taxable","11":"purchasable","12":"product-type-simple"},"_links":{"self":[{"href":"https:\/\/nordicmart.andreevmaster.com\/fi\/wp-json\/wp\/v2\/product\/29812","targetHints":{"allow":["GET"]}}],"collection":[{"href":"https:\/\/nordicmart.andreevmaster.com\/fi\/wp-json\/wp\/v2\/product"}],"about":[{"href":"https:\/\/nordicmart.andreevmaster.com\/fi\/wp-json\/wp\/v2\/types\/product"}],"replies":[{"embeddable":true,"href":"https:\/\/nordicmart.andreevmaster.com\/fi\/wp-json\/wp\/v2\/comments?post=29812"}],"wp:featuredmedia":[{"embeddable":true,"href":"https:\/\/nordicmart.andreevmaster.com\/fi\/wp-json\/wp\/v2\/media\/39220"}],"wp:attachment":[{"href":"https:\/\/nordicmart.andreevmaster.com\/fi\/wp-json\/wp\/v2\/media?parent=29812"}],"wp:term":[{"taxonomy":"product_brand","embeddable":true,"href":"https:\/\/nordicmart.andreevmaster.com\/fi\/wp-json\/wp\/v2\/product_brand?post=29812"},{"taxonomy":"product_cat","embeddable":true,"href":"https:\/\/nordicmart.andreevmaster.com\/fi\/wp-json\/wp\/v2\/product_cat?post=29812"},{"taxonomy":"product_tag","embeddable":true,"href":"https:\/\/nordicmart.andreevmaster.com\/fi\/wp-json\/wp\/v2\/product_tag?post=29812"}],"curies":[{"name":"wp","href":"https:\/\/api.w.org\/{rel}","templated":true}]}}