{"id":29811,"date":"2026-02-27T00:07:59","date_gmt":"2026-02-27T00:07:59","guid":{"rendered":"https:\/\/nordicmart.andreevmaster.com\/product\/songmics-5-tasoinen-rullavaunu-musta\/"},"modified":"2026-02-27T09:32:05","modified_gmt":"2026-02-27T09:32:05","slug":"songmics-5-tasoinen-rullavaunu-musta","status":"publish","type":"product","link":"https:\/\/nordicmart.andreevmaster.com\/fi\/tuote\/songmics-5-tasoinen-rullavaunu-musta\/","title":{"rendered":"SONGMICS 5-tasoinen rullavaunu, musta"},"content":{"rendered":"<p>Kest\u00e4v\u00e4 ter\u00e4srunko, 5 metallilankakoria ja 4 korkealaatuista py\u00f6r\u00e4\u00e4 (joista 2 lukittavissa) \u2013 rullaa t\u00e4m\u00e4 SONGMICS-hylly sinne, miss\u00e4 tarvitset lis\u00e4\u00e4 s\u00e4ilytystilaa.Kylpyhuoneeseen: ty\u00f6nn\u00e4 t\u00e4m\u00e4 hylly kylpyammeen viereen, jotta shampoo, suihkugeeli, pyyhkeet ja muut kylpyhuonetarvikkeet ovat k\u00e4den ulottuvilla, kun makaat mukavasti kylpyammeessa. Keitti\u00f6\u00f6n: mausteet ylemm\u00e4ss\u00e4 hyllyss\u00e4, hedelm\u00e4t keskimm\u00e4isess\u00e4 ja vihannekset alemmassa \u2013 kaikella on oma paikkansa! Vihdoin voit vapauttaa ty\u00f6tasosi kaaoksesta ja k\u00e4ytt\u00e4\u00e4 niit\u00e4 j\u00e4lleen j\u00e4rkev\u00e4sti. Toimistoon: Voit s\u00e4ilytt\u00e4\u00e4 toimistotarvikkeesi t\u00e4ss\u00e4 hyllyss\u00e4 ja luoda j\u00e4rjestyst\u00e4 ty\u00f6p\u00f6yd\u00e4llesi. J\u00e4rjestyksess\u00e4 oleva ty\u00f6paikka on tuottavan ty\u00f6n perusta! Jos toimistosi kaipaa hieman vihreytt\u00e4, voit sijoittaa muutaman pienen mehikasvin hyllyn yl\u00e4osaan. Ajattele laajemmin! T\u00e4ll\u00e4 rullavaunulla on loputtomasti k\u00e4ytt\u00f6mahdollisuuksia! Haluatko tuoda keitti\u00f6st\u00e4 yll\u00e4tyskakun ja syntym\u00e4p\u00e4iv\u00e4lahjat? Kuljettaa kirjoja? Tai s\u00e4ilytt\u00e4\u00e4 viinipulloja cocktail-juhlia varten&#8230; Mit\u00e4 muuta? T\u00e4h\u00e4n tarjoiluvaunuun mahtuu erilaisia esineit\u00e4.Tuotetiedot: V\u00e4ri: musta Materiaali: ter\u00e4s Koko: 41,5 x 32,5 x 108 cm (P x L x K) Paino: 4,4 kg Maks. staattinen kantavuus per taso: 10 kg Toimitus sis\u00e4lt\u00e4\u00e4: 1 x rullavaunu 1 x lis\u00e4varustepaketti 1 x ohjeet (DE, EN, FR, ES, IT)<\/p>\n","protected":false},"excerpt":{"rendered":"<p>SONGMICS 5-tasoinen rullavaunu, metallinen keitti\u00f6vaunu, keitti\u00f6hylly, 2 jarrua, tarjoiluvaunu kahvoilla, helppo asentaa, kylpyhuoneeseen, keitti\u00f6\u00f6n, toimistoon, musta BSC063B01<\/p>\n","protected":false},"featured_media":39219,"comment_status":"open","ping_status":"closed","template":"","meta":[],"product_brand":[],"product_cat":[32],"product_tag":[],"class_list":{"0":"post-29811","1":"product","2":"type-product","3":"status-publish","4":"has-post-thumbnail","6":"product_cat-uncategorized-fi","8":"first","9":"instock","10":"shipping-taxable","11":"purchasable","12":"product-type-simple"},"_links":{"self":[{"href":"https:\/\/nordicmart.andreevmaster.com\/fi\/wp-json\/wp\/v2\/product\/29811","targetHints":{"allow":["GET"]}}],"collection":[{"href":"https:\/\/nordicmart.andreevmaster.com\/fi\/wp-json\/wp\/v2\/product"}],"about":[{"href":"https:\/\/nordicmart.andreevmaster.com\/fi\/wp-json\/wp\/v2\/types\/product"}],"replies":[{"embeddable":true,"href":"https:\/\/nordicmart.andreevmaster.com\/fi\/wp-json\/wp\/v2\/comments?post=29811"}],"wp:featuredmedia":[{"embeddable":true,"href":"https:\/\/nordicmart.andreevmaster.com\/fi\/wp-json\/wp\/v2\/media\/39219"}],"wp:attachment":[{"href":"https:\/\/nordicmart.andreevmaster.com\/fi\/wp-json\/wp\/v2\/media?parent=29811"}],"wp:term":[{"taxonomy":"product_brand","embeddable":true,"href":"https:\/\/nordicmart.andreevmaster.com\/fi\/wp-json\/wp\/v2\/product_brand?post=29811"},{"taxonomy":"product_cat","embeddable":true,"href":"https:\/\/nordicmart.andreevmaster.com\/fi\/wp-json\/wp\/v2\/product_cat?post=29811"},{"taxonomy":"product_tag","embeddable":true,"href":"https:\/\/nordicmart.andreevmaster.com\/fi\/wp-json\/wp\/v2\/product_tag?post=29811"}],"curies":[{"name":"wp","href":"https:\/\/api.w.org\/{rel}","templated":true}]}}