{"id":29809,"date":"2026-02-27T00:07:58","date_gmt":"2026-02-27T00:07:58","guid":{"rendered":"https:\/\/nordicmart.andreevmaster.com\/product\/songmics-rullavaunu-harmaa\/"},"modified":"2026-02-27T09:32:05","modified_gmt":"2026-02-27T09:32:05","slug":"songmics-rullavaunu-harmaa","status":"publish","type":"product","link":"https:\/\/nordicmart.andreevmaster.com\/fi\/tuote\/songmics-rullavaunu-harmaa\/","title":{"rendered":"SONGMICS rullavaunu, harmaa"},"content":{"rendered":"<p>T\u00e4ydellinen kylpyammeen viereen: t\u00e4yt\u00e4 t\u00e4m\u00e4 k\u00e4yt\u00e4nn\u00f6llinen kylpyhuonehylly shampoolla, suihkugeelill\u00e4, pyyhkeill\u00e4 ja sienell\u00e4, rullaa se kylpyammeen viereen ja hypp\u00e4\u00e4 kuumaan vaahtokylpyyn! K\u00e4tev\u00e4 keitti\u00f6n ty\u00f6tason viereen: Aseta mausteet, kulho hienonnettuja sipuleita, inkiv\u00e4\u00e4ri\u00e4, lautasellinen kananrintapaloja ja muita ainesosia t\u00e4lle keitti\u00f6hyllylle, ty\u00f6nn\u00e4 se suoraan keitti\u00f6n ty\u00f6tason viereen ja valmista kuuluisa kanakurrysi! Hy\u00f6dyllinen ty\u00f6p\u00f6yd\u00e4n vieress\u00e4: Aseta pienet laatikot, joissa on toimistotarvikkeet, nitoja ja rei&#8217;itin, t\u00e4lle joustavalle rullavaunulle ja ty\u00f6nn\u00e4 se ty\u00f6p\u00f6yd\u00e4n viereen. N\u00e4in p\u00e4\u00e4set nopeasti k\u00e4siksi t\u00e4rkeisiin ty\u00f6v\u00e4lineisiin ilman, ett\u00e4 ty\u00f6p\u00f6yt\u00e4si uppoaa kaaokseen. Tuotetiedot: V\u00e4ri: harmaa Materiaali: ter\u00e4s Koko: 42 x 26 x 62,3 cm (P x L x K) Koko ritil\u00e4korissa: 41,2 x 27 cm (P x L) Paino: 3 kg Maks. staattinen kantavuus tasoa kohti: 5 kg Toimitus sis\u00e4lt\u00e4\u00e4: 1 x rullavaunu 1 x lis\u00e4varustepaketti 1 x ohjeet (DE, EN, FR, IT, ES)<\/p>\n","protected":false},"excerpt":{"rendered":"<p>SONGMICS rullavaunu, kotitalousvaunu, kylpyhuonehylly, keitti\u00f6hylly, kapea hylly 3 ritil\u00e4korilla, tilaa s\u00e4\u00e4st\u00e4v\u00e4, helppo koota, keitti\u00f6, toimisto, kylpyhuone, olohuone, harmaa BSC061G01<\/p>\n","protected":false},"featured_media":39217,"comment_status":"open","ping_status":"closed","template":"","meta":[],"product_brand":[],"product_cat":[32],"product_tag":[],"class_list":{"0":"post-29809","1":"product","2":"type-product","3":"status-publish","4":"has-post-thumbnail","6":"product_cat-uncategorized-fi","8":"first","9":"instock","10":"shipping-taxable","11":"purchasable","12":"product-type-simple"},"_links":{"self":[{"href":"https:\/\/nordicmart.andreevmaster.com\/fi\/wp-json\/wp\/v2\/product\/29809","targetHints":{"allow":["GET"]}}],"collection":[{"href":"https:\/\/nordicmart.andreevmaster.com\/fi\/wp-json\/wp\/v2\/product"}],"about":[{"href":"https:\/\/nordicmart.andreevmaster.com\/fi\/wp-json\/wp\/v2\/types\/product"}],"replies":[{"embeddable":true,"href":"https:\/\/nordicmart.andreevmaster.com\/fi\/wp-json\/wp\/v2\/comments?post=29809"}],"wp:featuredmedia":[{"embeddable":true,"href":"https:\/\/nordicmart.andreevmaster.com\/fi\/wp-json\/wp\/v2\/media\/39217"}],"wp:attachment":[{"href":"https:\/\/nordicmart.andreevmaster.com\/fi\/wp-json\/wp\/v2\/media?parent=29809"}],"wp:term":[{"taxonomy":"product_brand","embeddable":true,"href":"https:\/\/nordicmart.andreevmaster.com\/fi\/wp-json\/wp\/v2\/product_brand?post=29809"},{"taxonomy":"product_cat","embeddable":true,"href":"https:\/\/nordicmart.andreevmaster.com\/fi\/wp-json\/wp\/v2\/product_cat?post=29809"},{"taxonomy":"product_tag","embeddable":true,"href":"https:\/\/nordicmart.andreevmaster.com\/fi\/wp-json\/wp\/v2\/product_tag?post=29809"}],"curies":[{"name":"wp","href":"https:\/\/api.w.org\/{rel}","templated":true}]}}