{"id":29808,"date":"2026-02-27T00:07:58","date_gmt":"2026-02-27T00:07:58","guid":{"rendered":"https:\/\/nordicmart.andreevmaster.com\/product\/songmics-3-tasoinen-rullavaunu-harmaavihrea\/"},"modified":"2026-02-27T09:32:05","modified_gmt":"2026-02-27T09:32:05","slug":"songmics-3-tasoinen-rullavaunu-harmaavihrea","status":"publish","type":"product","link":"https:\/\/nordicmart.andreevmaster.com\/fi\/tuote\/songmics-3-tasoinen-rullavaunu-harmaavihrea\/","title":{"rendered":"SONGMICS 3-tasoinen rullavaunu, harmaavihre\u00e4"},"content":{"rendered":"<p>Monipuolinen ja tilava \u2013 t\u00e4m\u00e4 SONGMICS-rullavaunu on uskollinen puolustaja kotisi, luokkahuoneesi ja toimistosi kaaosta vastaan. Siin\u00e4 on 4 korkealaatuista py\u00f6r\u00e4\u00e4, joista 2 on lukittavissa, joten sit\u00e4 voi liikutella edestakaisin tai pit\u00e4\u00e4 aina samassa paikassa.Miksi valita SONGMICS-rullavaunu? Pitk\u00e4n k\u00e4ytt\u00f6i\u00e4n vuoksi: Kest\u00e4v\u00e4, jauhemaalattu ter\u00e4sputki ja korkealaatuiset muoviliittimet tekev\u00e4t t\u00e4st\u00e4 hyllyst\u00e4 erityisen kest\u00e4v\u00e4n. Helpon k\u00e4yt\u00f6n vuoksi: T\u00e4t\u00e4 rullavaunua on helppo siirt\u00e4\u00e4 huoneesta toiseen, mik\u00e4 helpottaa pienten esineiden kuljettamista. Avoimien s\u00e4ilytyslokeroiden ansiosta p\u00e4\u00e4set my\u00f6s nopeasti k\u00e4siksi esineisiin. Lis\u00e4s\u00e4ilytystilan ansiosta: 3 korkeuss\u00e4\u00e4dett\u00e4v\u00e4n s\u00e4ilytyslokeron (37,5 x 29,5 x 8,5 cm, 38 x 30 x 8,5 cm ja 38,5 x 30,5 x 8,5 cm) t\u00e4m\u00e4 hylly tarjoaa tilavan kodin usein k\u00e4ytetyille p\u00e4ivitt\u00e4isille tarvikkeille, lastesi leluille jne. Jos tarvitset monipuolisen, tilavan rullavaunun, t\u00e4m\u00e4 SONGMICS:n yleisk\u00e4ytt\u00f6inen vaunu on juuri sinulle sopiva! Tuotetiedot:V\u00e4ri: harmaavihre\u00e4 Materiaali: ter\u00e4s Koko: 43 x 35 x 73,5 cm (P x L x K) Paino: 4,7 kg Maks. staattinen kantavuus per taso: 10 kg Toimitus sis\u00e4lt\u00e4\u00e4: 1 x rullavaunu 1 x lis\u00e4varustepussi 1 x ohjeet (DE, EN, FR, ES, IT)<\/p>\n","protected":false},"excerpt":{"rendered":"<p>SONGMICS 3-tasoinen rullavaunu, s\u00e4ilytysvaunu, keitti\u00f6hylly rullilla, korkeuss\u00e4\u00e4dett\u00e4v\u00e4t hyllylokerot, tarjoiluvaunu 2 jarrulla, helppo asentaa, kylpyhuoneeseen, keitti\u00f6\u00f6n, toimistoon, harmaavihre\u00e4 BSC060C01<\/p>\n","protected":false},"featured_media":39216,"comment_status":"open","ping_status":"closed","template":"","meta":[],"product_brand":[],"product_cat":[32],"product_tag":[],"class_list":{"0":"post-29808","1":"product","2":"type-product","3":"status-publish","4":"has-post-thumbnail","6":"product_cat-uncategorized-fi","8":"first","9":"instock","10":"shipping-taxable","11":"purchasable","12":"product-type-simple"},"_links":{"self":[{"href":"https:\/\/nordicmart.andreevmaster.com\/fi\/wp-json\/wp\/v2\/product\/29808","targetHints":{"allow":["GET"]}}],"collection":[{"href":"https:\/\/nordicmart.andreevmaster.com\/fi\/wp-json\/wp\/v2\/product"}],"about":[{"href":"https:\/\/nordicmart.andreevmaster.com\/fi\/wp-json\/wp\/v2\/types\/product"}],"replies":[{"embeddable":true,"href":"https:\/\/nordicmart.andreevmaster.com\/fi\/wp-json\/wp\/v2\/comments?post=29808"}],"wp:featuredmedia":[{"embeddable":true,"href":"https:\/\/nordicmart.andreevmaster.com\/fi\/wp-json\/wp\/v2\/media\/39216"}],"wp:attachment":[{"href":"https:\/\/nordicmart.andreevmaster.com\/fi\/wp-json\/wp\/v2\/media?parent=29808"}],"wp:term":[{"taxonomy":"product_brand","embeddable":true,"href":"https:\/\/nordicmart.andreevmaster.com\/fi\/wp-json\/wp\/v2\/product_brand?post=29808"},{"taxonomy":"product_cat","embeddable":true,"href":"https:\/\/nordicmart.andreevmaster.com\/fi\/wp-json\/wp\/v2\/product_cat?post=29808"},{"taxonomy":"product_tag","embeddable":true,"href":"https:\/\/nordicmart.andreevmaster.com\/fi\/wp-json\/wp\/v2\/product_tag?post=29808"}],"curies":[{"name":"wp","href":"https:\/\/api.w.org\/{rel}","templated":true}]}}