{"id":29807,"date":"2026-02-27T00:07:58","date_gmt":"2026-02-27T00:07:58","guid":{"rendered":"https:\/\/nordicmart.andreevmaster.com\/product\/songmics-metallinen-kylpyhuonehylly-saadettavilla-hyllyilla\/"},"modified":"2026-02-27T09:32:05","modified_gmt":"2026-02-27T09:32:05","slug":"songmics-metallinen-kylpyhuonehylly-saadettavilla-hyllyilla","status":"publish","type":"product","link":"https:\/\/nordicmart.andreevmaster.com\/fi\/tuote\/songmics-metallinen-kylpyhuonehylly-saadettavilla-hyllyilla\/","title":{"rendered":"SONGMICS metallinen kylpyhuonehylly s\u00e4\u00e4dett\u00e4vill\u00e4 hyllyill\u00e4"},"content":{"rendered":"<p>SONGMICS metallinen kylpyhuonehylly, keitti\u00f6hylly, 3 tasoa, kylpyhuonehylly, lattialla seisova hylly, kasvien hylly, laajennettava, s\u00e4\u00e4dett\u00e4v\u00e4t hyllytasot, teollinen muotoilu, kylpyhuoneeseen, keitti\u00f6\u00f6n, musta BSC33BK<br \/>\nV\u00e4ri: musta<br \/>\nMateriaali: ter\u00e4s<br \/>\nKoko: 38,1 x 30 x 156,7 cm<br \/>\nPaino: 4,1 kg<br \/>\nMaks. staattinen kantavuus tasoa kohti: 10 kg<\/p>\n","protected":false},"excerpt":{"rendered":"<p>SONGMICS metallinen kylpyhuonehylly, keitti\u00f6hylly, 3 tasoa, kylpyhuonehylly, lattialla seisova hylly, kasvien hylly, laajennettava, s\u00e4\u00e4dett\u00e4v\u00e4t hyllytasot, teollinen muotoilu, kylpyhuoneeseen, keitti\u00f6\u00f6n, musta BSC33BK<\/p>\n","protected":false},"featured_media":39215,"comment_status":"open","ping_status":"closed","template":"","meta":[],"product_brand":[],"product_cat":[32],"product_tag":[],"class_list":{"0":"post-29807","1":"product","2":"type-product","3":"status-publish","4":"has-post-thumbnail","6":"product_cat-uncategorized-fi","8":"first","9":"instock","10":"shipping-taxable","11":"purchasable","12":"product-type-simple"},"_links":{"self":[{"href":"https:\/\/nordicmart.andreevmaster.com\/fi\/wp-json\/wp\/v2\/product\/29807","targetHints":{"allow":["GET"]}}],"collection":[{"href":"https:\/\/nordicmart.andreevmaster.com\/fi\/wp-json\/wp\/v2\/product"}],"about":[{"href":"https:\/\/nordicmart.andreevmaster.com\/fi\/wp-json\/wp\/v2\/types\/product"}],"replies":[{"embeddable":true,"href":"https:\/\/nordicmart.andreevmaster.com\/fi\/wp-json\/wp\/v2\/comments?post=29807"}],"wp:featuredmedia":[{"embeddable":true,"href":"https:\/\/nordicmart.andreevmaster.com\/fi\/wp-json\/wp\/v2\/media\/39215"}],"wp:attachment":[{"href":"https:\/\/nordicmart.andreevmaster.com\/fi\/wp-json\/wp\/v2\/media?parent=29807"}],"wp:term":[{"taxonomy":"product_brand","embeddable":true,"href":"https:\/\/nordicmart.andreevmaster.com\/fi\/wp-json\/wp\/v2\/product_brand?post=29807"},{"taxonomy":"product_cat","embeddable":true,"href":"https:\/\/nordicmart.andreevmaster.com\/fi\/wp-json\/wp\/v2\/product_cat?post=29807"},{"taxonomy":"product_tag","embeddable":true,"href":"https:\/\/nordicmart.andreevmaster.com\/fi\/wp-json\/wp\/v2\/product_tag?post=29807"}],"curies":[{"name":"wp","href":"https:\/\/api.w.org\/{rel}","templated":true}]}}