{"id":29806,"date":"2026-02-27T00:07:58","date_gmt":"2026-02-27T00:07:58","guid":{"rendered":"https:\/\/nordicmart.andreevmaster.com\/product\/songmics-metallinen-kylpyhuonehylly\/"},"modified":"2026-02-27T09:32:05","modified_gmt":"2026-02-27T09:32:05","slug":"songmics-metallinen-kylpyhuonehylly","status":"publish","type":"product","link":"https:\/\/nordicmart.andreevmaster.com\/fi\/tuote\/songmics-metallinen-kylpyhuonehylly\/","title":{"rendered":"SONGMICS metallinen kylpyhuonehylly"},"content":{"rendered":"<p>T\u00e4m\u00e4n kylpyhuonehyllyn kohokohdat yhdell\u00e4 silm\u00e4yksell\u00e4: &#8211; Korkeuss\u00e4\u00e4dett\u00e4vien hyllyjen ansiosta voit s\u00e4ilytt\u00e4\u00e4 hyllyll\u00e4 erikokoisia esineit\u00e4. &#8211; Voit yhdist\u00e4\u00e4 useita n\u00e4it\u00e4 hyllyj\u00e4 toisiinsa saadaksesi lis\u00e4\u00e4 s\u00e4ilytystilaa. &#8211; T\u00e4m\u00e4 kompakti keitti\u00f6hylly vie vain v\u00e4h\u00e4n lattiatilaa. &#8211; Jokainen t\u00e4m\u00e4n kasvien hyllyn hylly kest\u00e4\u00e4 jopa 10 kg:n painon.- Tihe\u00e4verkkoiset hyllyt antavat kylpyhuonehyllylle hyv\u00e4n vakauden ja kantavuuden. &#8211; S\u00e4\u00e4dett\u00e4v\u00e4t jalat tasoittavat pienet ep\u00e4tasaisuudet lattiassa. &#8211; Yksinkertaiset, ymm\u00e4rrett\u00e4v\u00e4t ohjeet ja selke\u00e4sti merkityt osat helpottavat t\u00e4m\u00e4n hyllyn kokoamista. &#8211; T\u00e4m\u00e4 hylly on tyylik\u00e4s ja k\u00e4yt\u00e4nn\u00f6llinen ja sopii eri huoneisiin. Tuotetiedot:- V\u00e4ri: musta &#8211; Materiaali: ter\u00e4s &#8211; Koko: 38 x 30 x 96 cm (P x L x K) &#8211; Paino: 2,7 kg &#8211; Maks. staattinen kantavuus per taso: 10 kg Toimitus sis\u00e4lt\u00e4\u00e4: &#8211; 1 x kylpyhuonehylly &#8211; 1 x lis\u00e4varustepaketti &#8211; 1 x kaatumissuoja &#8211; 1 x ohjeet SONGMICS Huomautukset:- Jokaisen hyllyn asennuksessa sivurungon nelj\u00e4n rei\u00e4n tulee olla samalla korkeudella.<\/p>\n","protected":false},"excerpt":{"rendered":"<p>SONGMICS metallinen kylpyhuonehylly, keitti\u00f6hylly, 4 tasoa, kylpyhuonehylly, lattialla seisova hylly, kasvien hylly, laajennettava, s\u00e4\u00e4dett\u00e4v\u00e4t hyllytasot, teollinen muotoilu, kylpyhuoneeseen, keitti\u00f6\u00f6n, musta BSC034B01<\/p>\n","protected":false},"featured_media":39214,"comment_status":"open","ping_status":"closed","template":"","meta":[],"product_brand":[],"product_cat":[32],"product_tag":[],"class_list":{"0":"post-29806","1":"product","2":"type-product","3":"status-publish","4":"has-post-thumbnail","6":"product_cat-uncategorized-fi","8":"first","9":"instock","10":"shipping-taxable","11":"purchasable","12":"product-type-simple"},"_links":{"self":[{"href":"https:\/\/nordicmart.andreevmaster.com\/fi\/wp-json\/wp\/v2\/product\/29806","targetHints":{"allow":["GET"]}}],"collection":[{"href":"https:\/\/nordicmart.andreevmaster.com\/fi\/wp-json\/wp\/v2\/product"}],"about":[{"href":"https:\/\/nordicmart.andreevmaster.com\/fi\/wp-json\/wp\/v2\/types\/product"}],"replies":[{"embeddable":true,"href":"https:\/\/nordicmart.andreevmaster.com\/fi\/wp-json\/wp\/v2\/comments?post=29806"}],"wp:featuredmedia":[{"embeddable":true,"href":"https:\/\/nordicmart.andreevmaster.com\/fi\/wp-json\/wp\/v2\/media\/39214"}],"wp:attachment":[{"href":"https:\/\/nordicmart.andreevmaster.com\/fi\/wp-json\/wp\/v2\/media?parent=29806"}],"wp:term":[{"taxonomy":"product_brand","embeddable":true,"href":"https:\/\/nordicmart.andreevmaster.com\/fi\/wp-json\/wp\/v2\/product_brand?post=29806"},{"taxonomy":"product_cat","embeddable":true,"href":"https:\/\/nordicmart.andreevmaster.com\/fi\/wp-json\/wp\/v2\/product_cat?post=29806"},{"taxonomy":"product_tag","embeddable":true,"href":"https:\/\/nordicmart.andreevmaster.com\/fi\/wp-json\/wp\/v2\/product_tag?post=29806"}],"curies":[{"name":"wp","href":"https:\/\/api.w.org\/{rel}","templated":true}]}}