{"id":29805,"date":"2026-02-27T00:07:57","date_gmt":"2026-02-27T00:07:57","guid":{"rendered":"https:\/\/nordicmart.andreevmaster.com\/product\/book-nook-sunset-kirjahylly\/"},"modified":"2026-02-27T09:32:05","modified_gmt":"2026-02-27T09:32:05","slug":"book-nook-sunset-kirjahylly","status":"publish","type":"product","link":"https:\/\/nordicmart.andreevmaster.com\/fi\/tuote\/book-nook-sunset-kirjahylly\/","title":{"rendered":"Book Nook sunset -kirjahylly"},"content":{"rendered":"<p>BooK NooK on enemm\u00e4n kuin tavallinen lasten hylly \u2013 se on sijoitus lapsesi kehitykseen ja itsen\u00e4istymiseen. Hyllymme, jossa on sis\u00e4\u00e4nrakennettu kirjasto, auttaa paitsi pit\u00e4m\u00e4\u00e4n huoneen j\u00e4rjestyksess\u00e4 my\u00f6s her\u00e4tt\u00e4m\u00e4\u00e4n rakkauden lukemiseen. <\/p>\n<p>Montessori-filosofian innoittamana olemme luoneet hyllyn, joka kannustaa lapsia lukemaan j\u00e4rjest\u00e4m\u00e4ll\u00e4 kirjat kansi eteenp\u00e4in, jolloin ne ovat helposti saatavilla ja visuaalisesti n\u00e4kyviss\u00e4. Alareuna on suunniteltu leluille ja yl\u00e4osa kirjastoksi, mik\u00e4 inspiroi oppimiseen ja leikkimiseen. <\/p>\n<p>T\u00e4rkeimm\u00e4t ominaisuudet:<br \/>\n\u2022 Inspiraatiota lukemiseen: Kannustaa lapsia j\u00e4rjest\u00e4m\u00e4\u00e4n kirjat kansi eteenp\u00e4in, mik\u00e4 her\u00e4tt\u00e4\u00e4 heid\u00e4n kiinnostuksensa lukemiseen ja kehitt\u00e4\u00e4 intohimoa kirjallisuuteen jo varhaisesta i\u00e4st\u00e4 l\u00e4htien.<br \/>\n \u2022 J\u00e4rjestys ja siisteys: Tarjoaa k\u00e4yt\u00e4nn\u00f6llisen s\u00e4ilytystilan t\u00e4rkeimmille pikkuesineille ja leluille, mik\u00e4 auttaa pit\u00e4m\u00e4\u00e4n lastenhuoneen siistin\u00e4.<br \/>\n \u2022 Turvalliset materiaalit: T\u00e4ytt\u00e4\u00e4 eurooppalaiset turvallisuusstandardit, ja siin\u00e4 on k\u00e4ytetty lapsille turvallisia, sertifioituja vesiohenteisia maaleja.  <\/p>\n<p>Huonekalujen materiaali ja viimeistely:<br \/>\n Reunus: lakattu MDF-levy<br \/>\n Sivut, hyllyt: laminoitu levy <\/p>\n<p>Lakkaprosessissa on k\u00e4ytetty vesiohenteisia maaleja, jotka ovat lapsille turvallisia ja sertifioituja lasten huonekaluja ja leluja koskevan EN71\/3-standardin mukaisesti. <\/p>\n<p>Mitat: <\/p>\n<p>\u2022 Korkeus: 76 cm<br \/>\n \u2022 Syvyys: 33 cm<br \/>\n \u2022 Leveys: 71 cm <\/p>\n<p>Saatavilla olevat v\u00e4rit:<br \/>\n Snow, Latte, Sage, Sunset<\/p>\n<p> Hoito-ohjeet: <\/p>\n<p>Huonekalut tulee pyyhki\u00e4 pehme\u00e4ll\u00e4, vedell\u00e4 kostutetulla puuvillakankaalla tai huonekalujen hoitoaineella, jotta ne s\u00e4ilytt\u00e4v\u00e4t kauneutensa ja kest\u00e4vyytens\u00e4 vuosien ajan. Lis\u00e4tietoja: Huonekalut toimitetaan itse koottavina paketteina, joissa on helppotajuiset ohjeet ja tarvittavat tarvikkeet.<\/p>\n","protected":false},"excerpt":{"rendered":"<p>BooK NooK on enemm\u00e4n kuin tavallinen lasten hylly \u2013 se on sijoitus lapsesi kehitykseen ja itsen\u00e4istymiseen. Hyllymme, jossa on sis\u00e4\u00e4nrakennettu kirjasto, auttaa paitsi pit\u00e4m\u00e4\u00e4n huoneen j\u00e4rjestyksess\u00e4 my\u00f6s her\u00e4tt\u00e4m\u00e4\u00e4n rakkauden lukemiseen. Montessori-filosofian innoittamana olemme luoneet hyllyn, joka kannustaa lapsia lukemaan j\u00e4rjest\u00e4m\u00e4ll\u00e4 kirjat kansi eteenp\u00e4in, jolloin ne ovat helposti saatavilla ja visuaalisesti n\u00e4kyviss\u00e4. Alareuna on suunniteltu leluille [&hellip;]<\/p>\n","protected":false},"featured_media":0,"comment_status":"open","ping_status":"closed","template":"","meta":[],"product_brand":[],"product_cat":[32],"product_tag":[],"class_list":{"0":"post-29805","1":"product","2":"type-product","3":"status-publish","5":"product_cat-uncategorized-fi","7":"first","8":"instock","9":"shipping-taxable","10":"purchasable","11":"product-type-simple"},"_links":{"self":[{"href":"https:\/\/nordicmart.andreevmaster.com\/fi\/wp-json\/wp\/v2\/product\/29805","targetHints":{"allow":["GET"]}}],"collection":[{"href":"https:\/\/nordicmart.andreevmaster.com\/fi\/wp-json\/wp\/v2\/product"}],"about":[{"href":"https:\/\/nordicmart.andreevmaster.com\/fi\/wp-json\/wp\/v2\/types\/product"}],"replies":[{"embeddable":true,"href":"https:\/\/nordicmart.andreevmaster.com\/fi\/wp-json\/wp\/v2\/comments?post=29805"}],"wp:attachment":[{"href":"https:\/\/nordicmart.andreevmaster.com\/fi\/wp-json\/wp\/v2\/media?parent=29805"}],"wp:term":[{"taxonomy":"product_brand","embeddable":true,"href":"https:\/\/nordicmart.andreevmaster.com\/fi\/wp-json\/wp\/v2\/product_brand?post=29805"},{"taxonomy":"product_cat","embeddable":true,"href":"https:\/\/nordicmart.andreevmaster.com\/fi\/wp-json\/wp\/v2\/product_cat?post=29805"},{"taxonomy":"product_tag","embeddable":true,"href":"https:\/\/nordicmart.andreevmaster.com\/fi\/wp-json\/wp\/v2\/product_tag?post=29805"}],"curies":[{"name":"wp","href":"https:\/\/api.w.org\/{rel}","templated":true}]}}