{"id":29798,"date":"2026-02-27T00:07:56","date_gmt":"2026-02-27T00:07:56","guid":{"rendered":"https:\/\/nordicmart.andreevmaster.com\/product\/vasagle-pyykkikori-4-osastoa-pyykkikori-hyllylla-pyykkilaatikko\/"},"modified":"2026-02-27T09:32:04","modified_gmt":"2026-02-27T09:32:04","slug":"vasagle-pyykkikori-4-osastoa-pyykkikori-hyllylla-pyykkilaatikko","status":"publish","type":"product","link":"https:\/\/nordicmart.andreevmaster.com\/fi\/tuote\/vasagle-pyykkikori-4-osastoa-pyykkikori-hyllylla-pyykkilaatikko\/","title":{"rendered":"VASAGLE pyykkikori 4 osastoa, pyykkikori hyllyll\u00e4, pyykkilaatikko"},"content":{"rendered":"<p>Pyykki kori 4 lokeroa, pyykkikori hyllyll\u00e4, pyykkilaatikko, irrotettava pyykkipussi, metallirunko, 4 x 40 l, vintage-ruskea-musta<br \/>\nTuotetiedot:<br \/>\n&#8211; V\u00e4ri: vintage-ruskea-musta<br \/>\n&#8211; Materiaali: MDF (keskitihe\u00e4 kuitulevy), ter\u00e4s, Oxford-kangas<br \/>\n&#8211; Kokonaismitat: 116 x 33 x 72 cm (P x L x K)<br \/>\n&#8211; Kunkin pussin koko: 25 x 30 x 51 cm (P x L x K)<br \/>\n&#8211; Paino: 8,7 kg<br \/>\n&#8211; Maks. staattinen kokonaiskuormitus: 62 kg<br \/>\n&#8211; Kunkin laukun maks. staattinen kantavuus: 8 kg<br \/>\n&#8211; Hyllyn maks. staattinen kantavuus: 30 kg<\/p>\n<p>Toimitus sis\u00e4lt\u00e4\u00e4:<br \/>\n&#8211; 1 x pyykkikori hyllyll\u00e4<br \/>\n&#8211; 2 x kaatumissuoja<br \/>\n&#8211; 1 x lis\u00e4varustepaketti<br \/>\n&#8211; 1 x k\u00e4ytt\u00f6ohje<\/p>\n<p>Huomautukset:<br \/>\n&#8211; Kiinnit\u00e4 t\u00e4m\u00e4 4-osastoinen pyykkikori sein\u00e4\u00e4n mukana toimitetulla kaatumissuojalla turvallisen k\u00e4ytt\u00f6ymp\u00e4rist\u00f6n luomiseksi.<br \/>\n&#8211; \u00c4l\u00e4 istu pyykkikorille, jotta se ei kaadu.<br \/>\n&#8211; Ole varovainen, kun ved\u00e4t koreja ulos ja ty\u00f6nn\u00e4t niit\u00e4 sis\u00e4\u00e4n, jotta sormesi eiv\u00e4t j\u00e4\u00e4 puristuksiin.<br \/>\n&#8211; Kangaskassit eiv\u00e4t sovellu konepesuun.<\/p>\n","protected":false},"excerpt":{"rendered":"<p>Pyykki kori 4 lokeroa, pyykkikori hyllyll\u00e4, pyykkilaatikko, irrotettava pyykkipussi, metallirunko, 4 x 40 l, vintage-ruskea-musta<\/p>\n","protected":false},"featured_media":39211,"comment_status":"open","ping_status":"closed","template":"","meta":[],"product_brand":[],"product_cat":[32],"product_tag":[],"class_list":{"0":"post-29798","1":"product","2":"type-product","3":"status-publish","4":"has-post-thumbnail","6":"product_cat-uncategorized-fi","8":"first","9":"instock","10":"shipping-taxable","11":"purchasable","12":"product-type-simple"},"_links":{"self":[{"href":"https:\/\/nordicmart.andreevmaster.com\/fi\/wp-json\/wp\/v2\/product\/29798","targetHints":{"allow":["GET"]}}],"collection":[{"href":"https:\/\/nordicmart.andreevmaster.com\/fi\/wp-json\/wp\/v2\/product"}],"about":[{"href":"https:\/\/nordicmart.andreevmaster.com\/fi\/wp-json\/wp\/v2\/types\/product"}],"replies":[{"embeddable":true,"href":"https:\/\/nordicmart.andreevmaster.com\/fi\/wp-json\/wp\/v2\/comments?post=29798"}],"wp:featuredmedia":[{"embeddable":true,"href":"https:\/\/nordicmart.andreevmaster.com\/fi\/wp-json\/wp\/v2\/media\/39211"}],"wp:attachment":[{"href":"https:\/\/nordicmart.andreevmaster.com\/fi\/wp-json\/wp\/v2\/media?parent=29798"}],"wp:term":[{"taxonomy":"product_brand","embeddable":true,"href":"https:\/\/nordicmart.andreevmaster.com\/fi\/wp-json\/wp\/v2\/product_brand?post=29798"},{"taxonomy":"product_cat","embeddable":true,"href":"https:\/\/nordicmart.andreevmaster.com\/fi\/wp-json\/wp\/v2\/product_cat?post=29798"},{"taxonomy":"product_tag","embeddable":true,"href":"https:\/\/nordicmart.andreevmaster.com\/fi\/wp-json\/wp\/v2\/product_tag?post=29798"}],"curies":[{"name":"wp","href":"https:\/\/api.w.org\/{rel}","templated":true}]}}