{"id":29787,"date":"2026-02-27T00:07:54","date_gmt":"2026-02-27T00:07:54","guid":{"rendered":"https:\/\/nordicmart.andreevmaster.com\/product\/vasagle-pyykkikori-pyykkikori-2-hyllylla-ulosvedettava-ja-irrotettava-pyykkipussi\/"},"modified":"2026-02-27T09:32:03","modified_gmt":"2026-02-27T09:32:03","slug":"vasagle-pyykkikori-pyykkikori-2-hyllylla-ulosvedettava-ja-irrotettava-pyykkipussi","status":"publish","type":"product","link":"https:\/\/nordicmart.andreevmaster.com\/fi\/tuote\/vasagle-pyykkikori-pyykkikori-2-hyllylla-ulosvedettava-ja-irrotettava-pyykkipussi\/","title":{"rendered":"VASAGLE pyykkikori, pyykkikori 2 hyllyll\u00e4, ulosvedett\u00e4v\u00e4 ja irrotettava pyykkipussi"},"content":{"rendered":"<p>VASAGLE pyykkikori, pyykkikori 2 hyllyll\u00e4, ulosvedett\u00e4v\u00e4 ja irrotettava pyykkipussi, 65 litraa, kylpyhuoneeseen, pesutilaan, vintage-ruskea-musta BLH212B01<br \/>\nTekniset tiedot:<br \/>\n&#8211; Kokonaismitat: 50 x 33 x 92 cm (P x L x K)<br \/>\n&#8211; Laukun mitat: 42 x 30 x 53 cm (P x L x K)<br \/>\n&#8211; Paino: 6,3 kg<br \/>\n&#8211; Maks. staattinen kokonaiskantavuus: 30 kg<br \/>\n&#8211; Laukun maks. staattinen kantavuus: 10 kg<br \/>\n&#8211; Kunkin hyllyn suurin staattinen kantavuus: 10 kg<br \/>\n&#8211; Materiaali: MDF (keskitihe\u00e4 kuitulevy), ter\u00e4s, Oxford-kangas<br \/>\n&#8211; V\u00e4ri: vintage-ruskea-musta<\/p>\n","protected":false},"excerpt":{"rendered":"<p>VASAGLE pyykkikori, pyykkikori 2 hyllyll\u00e4, ulosvedett\u00e4v\u00e4 ja irrotettava pyykkipussi, 65 litraa, kylpyhuoneeseen, pesutilaan, vintage-ruskea-musta BLH212B01<\/p>\n","protected":false},"featured_media":39200,"comment_status":"open","ping_status":"closed","template":"","meta":[],"product_brand":[],"product_cat":[32],"product_tag":[],"class_list":{"0":"post-29787","1":"product","2":"type-product","3":"status-publish","4":"has-post-thumbnail","6":"product_cat-uncategorized-fi","8":"first","9":"instock","10":"shipping-taxable","11":"purchasable","12":"product-type-simple"},"_links":{"self":[{"href":"https:\/\/nordicmart.andreevmaster.com\/fi\/wp-json\/wp\/v2\/product\/29787","targetHints":{"allow":["GET"]}}],"collection":[{"href":"https:\/\/nordicmart.andreevmaster.com\/fi\/wp-json\/wp\/v2\/product"}],"about":[{"href":"https:\/\/nordicmart.andreevmaster.com\/fi\/wp-json\/wp\/v2\/types\/product"}],"replies":[{"embeddable":true,"href":"https:\/\/nordicmart.andreevmaster.com\/fi\/wp-json\/wp\/v2\/comments?post=29787"}],"wp:featuredmedia":[{"embeddable":true,"href":"https:\/\/nordicmart.andreevmaster.com\/fi\/wp-json\/wp\/v2\/media\/39200"}],"wp:attachment":[{"href":"https:\/\/nordicmart.andreevmaster.com\/fi\/wp-json\/wp\/v2\/media?parent=29787"}],"wp:term":[{"taxonomy":"product_brand","embeddable":true,"href":"https:\/\/nordicmart.andreevmaster.com\/fi\/wp-json\/wp\/v2\/product_brand?post=29787"},{"taxonomy":"product_cat","embeddable":true,"href":"https:\/\/nordicmart.andreevmaster.com\/fi\/wp-json\/wp\/v2\/product_cat?post=29787"},{"taxonomy":"product_tag","embeddable":true,"href":"https:\/\/nordicmart.andreevmaster.com\/fi\/wp-json\/wp\/v2\/product_tag?post=29787"}],"curies":[{"name":"wp","href":"https:\/\/api.w.org\/{rel}","templated":true}]}}