{"id":29754,"date":"2026-02-27T00:07:48","date_gmt":"2026-02-27T00:07:48","guid":{"rendered":"https:\/\/nordicmart.andreevmaster.com\/product\/vasagle-pyykkikori-pyyhehyllylla-kylpyhuonekaluste-greige-harmaa\/"},"modified":"2026-02-27T09:31:59","modified_gmt":"2026-02-27T09:31:59","slug":"vasagle-pyykkikori-pyyhehyllylla-kylpyhuonekaluste-greige-harmaa","status":"publish","type":"product","link":"https:\/\/nordicmart.andreevmaster.com\/fi\/tuote\/vasagle-pyykkikori-pyyhehyllylla-kylpyhuonekaluste-greige-harmaa\/","title":{"rendered":"VASAGLE pyykkikori pyyhehyllyll\u00e4 kylpyhuonekaluste greige-harmaa"},"content":{"rendered":"<p>VASAGLE pyykkikori pyyhehyllyll\u00e4, pyyheteline pyykkikoriin, 73 x 33 x 177 cm, pyyheteline, pyykkis\u00e4ilytys 2 lokeroa, hyllykk\u00f6, kylpyhuonekalusteet<br \/>\nV\u00e4ri: harmahtava liuskekivi<br \/>\nMateriaali: lastulevy, ter\u00e4s, Oxford-kangas<br \/>\nKoko: 73 x 33 x 177 cm (P x L x K)<br \/>\nPaino: 9,3 kg<br \/>\nYl\u00e4hyllyn maks. staattinen kantavuus: 10 kg<br \/>\nAlemman hyllyn maks. staattinen kantavuus: 90 kg<br \/>\nKunkin taskun maks. staattinen kantavuus: 10 kg<br \/>\nPyyhetelineen maks. staattinen kantavuus: 20 kg<\/p>\n","protected":false},"excerpt":{"rendered":"<p>VASAGLE pyykkikori pyyhehyllyll\u00e4, pyyheteline pyykkikoriin, 73 x 33 x 177 cm, pyyheteline, pyykkis\u00e4ilytys 2 lokeroa, hyllykk\u00f6, kylpyhuonekalusteet<\/p>\n","protected":false},"featured_media":39170,"comment_status":"open","ping_status":"closed","template":"","meta":[],"product_brand":[],"product_cat":[32],"product_tag":[],"class_list":{"0":"post-29754","1":"product","2":"type-product","3":"status-publish","4":"has-post-thumbnail","6":"product_cat-uncategorized-fi","8":"first","9":"instock","10":"shipping-taxable","11":"purchasable","12":"product-type-simple"},"_links":{"self":[{"href":"https:\/\/nordicmart.andreevmaster.com\/fi\/wp-json\/wp\/v2\/product\/29754","targetHints":{"allow":["GET"]}}],"collection":[{"href":"https:\/\/nordicmart.andreevmaster.com\/fi\/wp-json\/wp\/v2\/product"}],"about":[{"href":"https:\/\/nordicmart.andreevmaster.com\/fi\/wp-json\/wp\/v2\/types\/product"}],"replies":[{"embeddable":true,"href":"https:\/\/nordicmart.andreevmaster.com\/fi\/wp-json\/wp\/v2\/comments?post=29754"}],"wp:featuredmedia":[{"embeddable":true,"href":"https:\/\/nordicmart.andreevmaster.com\/fi\/wp-json\/wp\/v2\/media\/39170"}],"wp:attachment":[{"href":"https:\/\/nordicmart.andreevmaster.com\/fi\/wp-json\/wp\/v2\/media?parent=29754"}],"wp:term":[{"taxonomy":"product_brand","embeddable":true,"href":"https:\/\/nordicmart.andreevmaster.com\/fi\/wp-json\/wp\/v2\/product_brand?post=29754"},{"taxonomy":"product_cat","embeddable":true,"href":"https:\/\/nordicmart.andreevmaster.com\/fi\/wp-json\/wp\/v2\/product_cat?post=29754"},{"taxonomy":"product_tag","embeddable":true,"href":"https:\/\/nordicmart.andreevmaster.com\/fi\/wp-json\/wp\/v2\/product_tag?post=29754"}],"curies":[{"name":"wp","href":"https:\/\/api.w.org\/{rel}","templated":true}]}}