{"id":29746,"date":"2026-02-27T00:07:46","date_gmt":"2026-02-27T00:07:46","guid":{"rendered":"https:\/\/nordicmart.andreevmaster.com\/product\/vasagle-pyykkikori-4-lokeroa-luonnonbeige-kamelinruskea-kermanvalkoinen\/"},"modified":"2026-02-27T09:31:58","modified_gmt":"2026-02-27T09:31:58","slug":"vasagle-pyykkikori-4-lokeroa-luonnonbeige-kamelinruskea-kermanvalkoinen","status":"publish","type":"product","link":"https:\/\/nordicmart.andreevmaster.com\/fi\/tuote\/vasagle-pyykkikori-4-lokeroa-luonnonbeige-kamelinruskea-kermanvalkoinen\/","title":{"rendered":"VASAGLE pyykkikori 4 lokeroa luonnonbeige-kamelinruskea-kermanvalkoinen"},"content":{"rendered":"<p>VASAGLE pyykkikori 4 lokeroa, pyykkikori 150 l, pyykkilajittelija, rullat, pyykkik\u00e4rry hyllyll\u00e4, pyykkipussi, pienet sivutaskut, 6 etiketti\u00e4, luonnonbeige-kamelinruskea-kermanvalkoinen BLH203N01<br \/>\nV\u00e4ri: luonnonbeige-kamelinruskea-kermanvalkoinen<br \/>\nMateriaali: ter\u00e4s, Oxford-kangas, puulevy<br \/>\nKoko: 98,6 x 33 x 80,5 cm (P x L x K)<br \/>\nPaino: 8,8 kg<br \/>\nYl\u00e4hyllyn maks. staattinen kantavuus: 20 kg<br \/>\nPienimpien korejen maks. staattinen kantavuus: 4 kg<br \/>\nSuurin staattinen kantavuus jokaisessa suuressa korissa: 8 kg<br \/>\nSuurin staattinen kantavuus yhteens\u00e4: 48 kg<\/p>\n","protected":false},"excerpt":{"rendered":"<p>VASAGLE pyykkikori 4 lokeroa, pyykkikori 150 l, pyykkilajittelija, rullat, pyykkik\u00e4rry hyllyll\u00e4, pyykkipussi, pienet sivutaskut, 6 etiketti\u00e4, luonnonbeige-kamelinruskea-kermanvalkoinen BLH203N01<\/p>\n","protected":false},"featured_media":39163,"comment_status":"open","ping_status":"closed","template":"","meta":[],"product_brand":[],"product_cat":[32],"product_tag":[],"class_list":{"0":"post-29746","1":"product","2":"type-product","3":"status-publish","4":"has-post-thumbnail","6":"product_cat-uncategorized-fi","8":"first","9":"instock","10":"shipping-taxable","11":"purchasable","12":"product-type-simple"},"_links":{"self":[{"href":"https:\/\/nordicmart.andreevmaster.com\/fi\/wp-json\/wp\/v2\/product\/29746","targetHints":{"allow":["GET"]}}],"collection":[{"href":"https:\/\/nordicmart.andreevmaster.com\/fi\/wp-json\/wp\/v2\/product"}],"about":[{"href":"https:\/\/nordicmart.andreevmaster.com\/fi\/wp-json\/wp\/v2\/types\/product"}],"replies":[{"embeddable":true,"href":"https:\/\/nordicmart.andreevmaster.com\/fi\/wp-json\/wp\/v2\/comments?post=29746"}],"wp:featuredmedia":[{"embeddable":true,"href":"https:\/\/nordicmart.andreevmaster.com\/fi\/wp-json\/wp\/v2\/media\/39163"}],"wp:attachment":[{"href":"https:\/\/nordicmart.andreevmaster.com\/fi\/wp-json\/wp\/v2\/media?parent=29746"}],"wp:term":[{"taxonomy":"product_brand","embeddable":true,"href":"https:\/\/nordicmart.andreevmaster.com\/fi\/wp-json\/wp\/v2\/product_brand?post=29746"},{"taxonomy":"product_cat","embeddable":true,"href":"https:\/\/nordicmart.andreevmaster.com\/fi\/wp-json\/wp\/v2\/product_cat?post=29746"},{"taxonomy":"product_tag","embeddable":true,"href":"https:\/\/nordicmart.andreevmaster.com\/fi\/wp-json\/wp\/v2\/product_tag?post=29746"}],"curies":[{"name":"wp","href":"https:\/\/api.w.org\/{rel}","templated":true}]}}