{"id":29742,"date":"2026-02-27T00:07:45","date_gmt":"2026-02-27T00:07:45","guid":{"rendered":"https:\/\/nordicmart.andreevmaster.com\/product\/vasagle-pyykkikori-3-lokeroa-kastanjanruskea-mustanmusta-kyyhkynharmaa\/"},"modified":"2026-02-27T09:31:57","modified_gmt":"2026-02-27T09:31:57","slug":"vasagle-pyykkikori-3-lokeroa-kastanjanruskea-mustanmusta-kyyhkynharmaa","status":"publish","type":"product","link":"https:\/\/nordicmart.andreevmaster.com\/fi\/tuote\/vasagle-pyykkikori-3-lokeroa-kastanjanruskea-mustanmusta-kyyhkynharmaa\/","title":{"rendered":"VASAGLE pyykkikori 3 lokeroa kastanjanruskea-mustanmusta-kyyhkynharmaa"},"content":{"rendered":"<p>VASAGLE pyykkikori 3 lokeroa, pyykkikori 100 l, pyykkis\u00e4ilytys, rullat, pyykkik\u00e4rry hyllyll\u00e4, pyykkipussi, pienet sivutaskut, 6 etiketti\u00e4, luonnonbeige-kyyhkynharmaa-kermanvalkoinen BLH202G01<br \/>\nV\u00e4ri: kastanjanruskea-mustanmusta-kyyhkynharmaa<br \/>\nMateriaali: ter\u00e4s, Oxford-kangas, puulevy<br \/>\nKoko: 68,6 x 33 x 80,5 cm (P x L x K)<br \/>\nPaino: 6,9 kg<br \/>\nYl\u00e4hyllyn maks. staattinen kantavuus: 15 kg<br \/>\nPienimpien korejen maks. staattinen kantavuus: 4 kg<br \/>\nSuurin staattinen kantavuus jokaisessa suuressa korissa: 8 kg<br \/>\nMaks. staattinen kantavuus yhteens\u00e4: 35 kg<\/p>\n","protected":false},"excerpt":{"rendered":"<p>VASAGLE pyykkikori 3 lokeroa, pyykkikori 100 l, pyykkis\u00e4ilytys, rullat, pyykkik\u00e4rry hyllyll\u00e4, pyykkipussi, pienet sivutaskut, 6 etiketti\u00e4, luonnonbeige-kyyhkynharmaa-kermanvalkoinen BLH202G01<\/p>\n","protected":false},"featured_media":39159,"comment_status":"open","ping_status":"closed","template":"","meta":[],"product_brand":[],"product_cat":[32],"product_tag":[],"class_list":{"0":"post-29742","1":"product","2":"type-product","3":"status-publish","4":"has-post-thumbnail","6":"product_cat-uncategorized-fi","8":"first","9":"instock","10":"shipping-taxable","11":"purchasable","12":"product-type-simple"},"_links":{"self":[{"href":"https:\/\/nordicmart.andreevmaster.com\/fi\/wp-json\/wp\/v2\/product\/29742","targetHints":{"allow":["GET"]}}],"collection":[{"href":"https:\/\/nordicmart.andreevmaster.com\/fi\/wp-json\/wp\/v2\/product"}],"about":[{"href":"https:\/\/nordicmart.andreevmaster.com\/fi\/wp-json\/wp\/v2\/types\/product"}],"replies":[{"embeddable":true,"href":"https:\/\/nordicmart.andreevmaster.com\/fi\/wp-json\/wp\/v2\/comments?post=29742"}],"wp:featuredmedia":[{"embeddable":true,"href":"https:\/\/nordicmart.andreevmaster.com\/fi\/wp-json\/wp\/v2\/media\/39159"}],"wp:attachment":[{"href":"https:\/\/nordicmart.andreevmaster.com\/fi\/wp-json\/wp\/v2\/media?parent=29742"}],"wp:term":[{"taxonomy":"product_brand","embeddable":true,"href":"https:\/\/nordicmart.andreevmaster.com\/fi\/wp-json\/wp\/v2\/product_brand?post=29742"},{"taxonomy":"product_cat","embeddable":true,"href":"https:\/\/nordicmart.andreevmaster.com\/fi\/wp-json\/wp\/v2\/product_cat?post=29742"},{"taxonomy":"product_tag","embeddable":true,"href":"https:\/\/nordicmart.andreevmaster.com\/fi\/wp-json\/wp\/v2\/product_tag?post=29742"}],"curies":[{"name":"wp","href":"https:\/\/api.w.org\/{rel}","templated":true}]}}