{"id":29737,"date":"2026-02-27T00:07:44","date_gmt":"2026-02-27T00:07:44","guid":{"rendered":"https:\/\/nordicmart.andreevmaster.com\/product\/vasagle-pyykkikori-jossa-on-ulosvedettavat-pyykkipussit\/"},"modified":"2026-02-27T09:31:56","modified_gmt":"2026-02-27T09:31:56","slug":"vasagle-pyykkikori-jossa-on-ulosvedettavat-pyykkipussit","status":"publish","type":"product","link":"https:\/\/nordicmart.andreevmaster.com\/fi\/tuote\/vasagle-pyykkikori-jossa-on-ulosvedettavat-pyykkipussit\/","title":{"rendered":"VASAGLE pyykkikori, jossa on ulosvedett\u00e4v\u00e4t pyykkipussit"},"content":{"rendered":"<p>Tuotetiedot: &#8211; V\u00e4ri: vintage-ruskea-musta &#8211; Materiaali: lastulevy, ter\u00e4s, Oxford-kangas &#8211; Kokonaismitat: 73 x 33 x 72 cm (P x L x K) &#8211; Yhden pussin mitat: 30 x 30 x 63 cm (P x L x K) &#8211; Paino: 6 kg &#8211; Maks. staattinen kokonaiskuormitus: 30 kg &#8211; Maks. staattinen kuormitus per pussi: 5 kg &#8211; Maks. staattinen kuormitus hyllylle: 20 kg  Toimitus sis\u00e4lt\u00e4\u00e4: &#8211; 1 x pyykkikori &#8211; 2 x kaatumissuoja &#8211; 1 x lis\u00e4varustepaketti &#8211; 1 x ohjeet VASAGLE Huomautukset:- Turvallisuussyist\u00e4 lapset eiv\u00e4t saa kiivet\u00e4 tuotteen p\u00e4\u00e4lle tai leikki\u00e4 sill\u00e4. &#8211; Kiinnit\u00e4 t\u00e4m\u00e4 tuote sein\u00e4\u00e4n mukana toimitetulla kaatumissuojalla turvallisen k\u00e4yt\u00f6n varmistamiseksi. &#8211; \u00c4l\u00e4 istu pyykkikorin p\u00e4\u00e4lle, jotta tuote ei kaadu.- Ole varovainen, kun ved\u00e4t pyykkikoreja ulos ja ty\u00f6nn\u00e4t niit\u00e4 sis\u00e4\u00e4n, jotta sormesi eiv\u00e4t j\u00e4\u00e4 puristuksiin. &#8211; Kangaskassit eiv\u00e4t sovellu konepesuun.<\/p>\n","protected":false},"excerpt":{"rendered":"<p>VASAGLE pyykkikori, pyykkikori, 2 irrotettavaa Oxford-kangaspussia, metallirunko, 2 x 46 litraa, 73 x 33 x 72 cm, vintage-ruskea-musta BLH201B01<\/p>\n","protected":false},"featured_media":39154,"comment_status":"open","ping_status":"closed","template":"","meta":[],"product_brand":[],"product_cat":[32],"product_tag":[],"class_list":{"0":"post-29737","1":"product","2":"type-product","3":"status-publish","4":"has-post-thumbnail","6":"product_cat-uncategorized-fi","8":"first","9":"instock","10":"shipping-taxable","11":"purchasable","12":"product-type-simple"},"_links":{"self":[{"href":"https:\/\/nordicmart.andreevmaster.com\/fi\/wp-json\/wp\/v2\/product\/29737","targetHints":{"allow":["GET"]}}],"collection":[{"href":"https:\/\/nordicmart.andreevmaster.com\/fi\/wp-json\/wp\/v2\/product"}],"about":[{"href":"https:\/\/nordicmart.andreevmaster.com\/fi\/wp-json\/wp\/v2\/types\/product"}],"replies":[{"embeddable":true,"href":"https:\/\/nordicmart.andreevmaster.com\/fi\/wp-json\/wp\/v2\/comments?post=29737"}],"wp:featuredmedia":[{"embeddable":true,"href":"https:\/\/nordicmart.andreevmaster.com\/fi\/wp-json\/wp\/v2\/media\/39154"}],"wp:attachment":[{"href":"https:\/\/nordicmart.andreevmaster.com\/fi\/wp-json\/wp\/v2\/media?parent=29737"}],"wp:term":[{"taxonomy":"product_brand","embeddable":true,"href":"https:\/\/nordicmart.andreevmaster.com\/fi\/wp-json\/wp\/v2\/product_brand?post=29737"},{"taxonomy":"product_cat","embeddable":true,"href":"https:\/\/nordicmart.andreevmaster.com\/fi\/wp-json\/wp\/v2\/product_cat?post=29737"},{"taxonomy":"product_tag","embeddable":true,"href":"https:\/\/nordicmart.andreevmaster.com\/fi\/wp-json\/wp\/v2\/product_tag?post=29737"}],"curies":[{"name":"wp","href":"https:\/\/api.w.org\/{rel}","templated":true}]}}