{"id":29729,"date":"2026-02-27T00:07:43","date_gmt":"2026-02-27T00:07:43","guid":{"rendered":"https:\/\/nordicmart.andreevmaster.com\/product\/bip-bip-lakanat-40x90\/"},"modified":"2026-02-27T09:31:55","modified_gmt":"2026-02-27T09:31:55","slug":"bip-bip-lakanat-40x90","status":"publish","type":"product","link":"https:\/\/nordicmart.andreevmaster.com\/fi\/tuote\/bip-bip-lakanat-40x90\/","title":{"rendered":"Bip Bip -lakanat 40&#215;90"},"content":{"rendered":"<p>Lakana on valmistettu korkealaatuisesta puuvillasta.  Lakana sopii t\u00e4ydellisesti patjaan ja on juuri oikean tiukka \u2013 kaikki t\u00e4m\u00e4 takaa rauhallisen unen vauvallesi. Se on valmistettu puuvillasta, joka on hell\u00e4varainen vauvan tai lapsen iholle. ** ** **Yksityiskohdat:** &#8211; lakanat on valmistettu luonnonpuuvillasta, jolla on **Oeko-TEX Standard 100 IW 00034**-sertifikaatti &#8211; pehme\u00e4 ja miellytt\u00e4v\u00e4 kosketus &#8211; joustava reuna est\u00e4\u00e4 liukumisen patjalla &#8211; sopii t\u00e4ydellisesti kehtoihin ja kantokoppiin<\/p>\n<p> **Mitat:** XS: 40&#215;90 cm, korkeus 8 cm ** ** **Materiaali:** &#8211; 100 % puuvillaa, langan paino 150 g\/m2, **Oeko-TEX Standard 100 -sertifikaatti ** **<br \/>\n **Pesuohjeet:****<br \/>\n &#8211; konepesu 40 \u00b0C:ssa<br \/>\n &#8211; silitys enint\u00e4\u00e4n 110 \u00b0C:ssa<br \/>\n &#8211; ei valkaisuaineita<br \/>\n &#8211; ei rumpukuivausta<\/p>\n","protected":false},"excerpt":{"rendered":"<p>Lakana on valmistettu korkealaatuisesta puuvillasta. Lakana sopii t\u00e4ydellisesti patjaan ja on juuri oikean tiukka \u2013 kaikki t\u00e4m\u00e4 takaa rauhallisen unen vauvallesi. Se on valmistettu puuvillasta, joka on hell\u00e4varainen vauvan tai lapsen iholle. ** ** **Yksityiskohdat:** &#8211; lakanat on valmistettu luonnonpuuvillasta, jolla on **Oeko-TEX Standard 100 IW 00034**-sertifikaatti &#8211; pehme\u00e4 ja miellytt\u00e4v\u00e4 kosketus &#8211; joustava reuna [&hellip;]<\/p>\n","protected":false},"featured_media":0,"comment_status":"open","ping_status":"closed","template":"","meta":[],"product_brand":[],"product_cat":[32],"product_tag":[],"class_list":{"0":"post-29729","1":"product","2":"type-product","3":"status-publish","5":"product_cat-uncategorized-fi","7":"first","8":"instock","9":"shipping-taxable","10":"purchasable","11":"product-type-simple"},"_links":{"self":[{"href":"https:\/\/nordicmart.andreevmaster.com\/fi\/wp-json\/wp\/v2\/product\/29729","targetHints":{"allow":["GET"]}}],"collection":[{"href":"https:\/\/nordicmart.andreevmaster.com\/fi\/wp-json\/wp\/v2\/product"}],"about":[{"href":"https:\/\/nordicmart.andreevmaster.com\/fi\/wp-json\/wp\/v2\/types\/product"}],"replies":[{"embeddable":true,"href":"https:\/\/nordicmart.andreevmaster.com\/fi\/wp-json\/wp\/v2\/comments?post=29729"}],"wp:attachment":[{"href":"https:\/\/nordicmart.andreevmaster.com\/fi\/wp-json\/wp\/v2\/media?parent=29729"}],"wp:term":[{"taxonomy":"product_brand","embeddable":true,"href":"https:\/\/nordicmart.andreevmaster.com\/fi\/wp-json\/wp\/v2\/product_brand?post=29729"},{"taxonomy":"product_cat","embeddable":true,"href":"https:\/\/nordicmart.andreevmaster.com\/fi\/wp-json\/wp\/v2\/product_cat?post=29729"},{"taxonomy":"product_tag","embeddable":true,"href":"https:\/\/nordicmart.andreevmaster.com\/fi\/wp-json\/wp\/v2\/product_tag?post=29729"}],"curies":[{"name":"wp","href":"https:\/\/api.w.org\/{rel}","templated":true}]}}