{"id":29728,"date":"2026-02-27T00:07:43","date_gmt":"2026-02-27T00:07:43","guid":{"rendered":"https:\/\/nordicmart.andreevmaster.com\/product\/tooky-toy-box-xxl-montessori-educational-7-in-1-sensory-box-25-30-kuukautta\/"},"modified":"2026-02-27T09:31:55","modified_gmt":"2026-02-27T09:31:55","slug":"tooky-toy-box-xxl-montessori-educational-7-in-1-sensory-box-25-30-kuukautta","status":"publish","type":"product","link":"https:\/\/nordicmart.andreevmaster.com\/fi\/tuote\/tooky-toy-box-xxl-montessori-educational-7-in-1-sensory-box-25-30-kuukautta\/","title":{"rendered":"TOOKY TOY Box XXL Montessori Educational 7-in-1 Sensory Box 25-30 kuukautta"},"content":{"rendered":"<p>TOOKY LELU tarjoukset koulutus koulutus Montessori Lelu laatikon. T\u00e4m\u00e4 puiset lelu on suunniteltu lapsille lapsille 25\u201330 25\u201330 kuukautta. Matkalaukku matkalaukku sis\u00e4lt\u00e4\u00e4 6 erilaista kasvatuksellisia peli\u00e4 ja leluja jotka ovat varmoja kiinnostavat kiinnostavat sinua pieni pikku T\u00e4m\u00e4 laatikko on on loistava tapa kehitt\u00e4\u00e4 kehitt\u00e4\u00e4 kognitiivisia emotionaalinen, ja motoriset taidot ja nuorilla lapsilla! T\u00e4m\u00e4 sarja sis\u00e4lt\u00e4\u00e4 mukana  k\u00e4ytt\u00f6 k\u00e4ytt\u00f6 sis\u00e4lt\u00e4\u00e4 sis\u00e4lt\u00e4\u00e4 tietoja laitteesta sis\u00e4ll\u00f6st\u00e4 sis\u00e4ll\u00f6st\u00e4 sis\u00e4lt\u00f6\u00e4 sis\u00e4lt\u00f6 pakkauksen ohjeet k\u00e4ytt\u00f6 k\u00e4ytt\u00f6 k\u00e4ytt\u00f6 k\u00e4ytt\u00f6 ja hy\u00f6dyllisi\u00e4 vinkkej\u00e4.<\/p>\n<p>Ominaisuudet:<\/p>\n<p>* &#8211; Lelu tarkoitettu lapsille lapsille 25\u201330 25\u201330 kuukautta. &#8211; On a positiivinen vaikutus on kehitykseen kehitykseen<br \/>\n* &#8211; Stimuloivat aistien aistien ja hienoja motorisia taidot<br \/>\n* &#8211; T\u00e4ysin turvallinen pienille lapsille lapsille<br \/>\n* &#8211; Sis\u00e4lt\u00e4\u00e4 ohjeet k\u00e4ytt\u00f6 k\u00e4ytt\u00f6\u00f6n, joissa auttavat tehd\u00e4 sen helpompaa k\u00e4ytt\u00e4\u00e4 k\u00e4ytt\u00e4\u00e4 k\u00e4ytt\u00e4\u00e4 matkalaukku<\/p>\n<p>Lelu kehittyy kehittyy:<\/p>\n<p>* &#8211; laskemistaitoja taidot<br \/>\n* &#8211; Spatiaalinen kuvittelu<br \/>\n* &#8211; K\u00e4si-silm\u00e4 koordinaatio<br \/>\n* &#8211; Keskittymiskyky ja tarkkaavaisuus<br \/>\n* &#8211; Ty\u00f6 muisti<\/p>\n<p> sis\u00e4lt\u00e4\u00e4 sis\u00e4lt\u00e4\u00e4:<\/p>\n<p>1. &#8221;Muodon tunnistuksen&#8221; lajittelija<\/p>\n<p>T\u00e4m\u00e4 lelu on todella todella loistava koulutus lahja lasten lapsille! Se ei vain mahdollistaa heille pelaamaan pelata, mutta my\u00f6s kehitt\u00e4\u00e4 kehitt\u00e4\u00e4 heid\u00e4n kognitiivisia taitojaan. Se sis\u00e4lt\u00e4\u00e4 puinen puinen pohjan levyn ja 4 tappia ja 12 v\u00e4rikk\u00e4it\u00e4 palikoita geometriset geometriset muotoja: ympyr\u00e4t, suorakulmiot, kolmiot, ja neli\u00f6t.  Kiitos kiitos eri eri v\u00e4reist\u00e4 erilaisista erilaisille palikoiden lapset voi harjoitella tunnistamaan ja nime\u00e4m\u00e4\u00e4n v\u00e4rej\u00e4. T\u00e4m\u00e4 on t\u00e4rke\u00e4 t\u00e4rke\u00e4 taito , joka auttaa joka joka el\u00e4m\u00e4ss\u00e4. Palikat erilaisissa eri muotoiset (ympyr\u00e4, suorakulmio, kolmio, ja neli\u00f6) mahdollistavat lapsille ymm\u00e4rt\u00e4\u00e4 ymm\u00e4rt\u00e4\u00e4 perus geometriset kuviot. T\u00e4m\u00e4 on ensimm\u00e4inen ensimm\u00e4inen askel matematiikan oppimisessa.  Palikoiden lajittelu voi olla hyv\u00e4 tapa oppia laskemaan. Lapset voivat laskea, kuinka monta palikkaa kussakin muodossa tai yhteens\u00e4 on. K\u00e4sien ja silmien koordinaatio: Palikoiden asettaminen oikeille tappeille vaatii tarkkuutta ja liikkeiden koordinaatiota. T\u00e4m\u00e4 on erinomainen harjoitus pienille k\u00e4sille. <\/p>\n<p>2. Koulutuspeli &#8221;Match the Animal&#8221;<\/p>\n<p>T\u00e4m\u00e4 on pieni palapeli, jossa lapsi yhdist\u00e4\u00e4 pehmolelut taskujen kanssa. Jokaisella el\u00e4imell\u00e4 on oma paikkansa, johon se on laitettava. Kun lapset alkavat yhdist\u00e4\u00e4 pieni\u00e4 el\u00e4imi\u00e4 taskujen kanssa, he kehitt\u00e4v\u00e4t visuaalista muistia, kuvioiden tunnistamista ja keskittymiskyky\u00e4. Lelun pinta on pehme\u00e4 ja sile\u00e4, ja naru on joustava. El\u00e4inten sijoittaminen taskujen kanssa auttaa lasta harjoittelemaan tarkkaa k\u00e4si-silm\u00e4-koordinaatiota ja keskittymist\u00e4.3. Koulutusv\u00e4lineen\u00e4 toimivat v\u00e4rikk\u00e4\u00e4t &#8221;optiset tarjottimet&#8221;<\/p>\n<p>V\u00e4rikk\u00e4\u00e4t tarjottimet on suunniteltu kehitt\u00e4m\u00e4\u00e4n mielikuvitusta, havainnointikyky\u00e4 ja p\u00e4\u00e4ttelykyky\u00e4. T\u00e4m\u00e4n aistien kehittymist\u00e4 edist\u00e4v\u00e4n lelun kanssa leikkiminen stimuloi n\u00e4k\u00f6aistia ja kehitt\u00e4\u00e4 lapsen k\u00e4den taitoja. L\u00e4pin\u00e4kyvyytens\u00e4 ansiosta tarjottimet sopivat erinomaisesti kotona leikkimiseen. Valo her\u00e4tt\u00e4\u00e4 uteliaisuutta, rohkaisee kokeilemaan ja tarjoaa lis\u00e4\u00e4 aistiel\u00e4myksi\u00e4.Lelun k\u00e4ytt\u00f6: * Optiikan ja valon oppiminen: Optiset kauhat voivat auttaa lapsia ymm\u00e4rt\u00e4m\u00e4\u00e4n optiikan perusperiaatteita, kuten taittumista, heijastumista ja prismoja. Lapset voivat tutkia, miten valo kulkee eri v\u00e4risten kauhojen l\u00e4pi ja miten niiden ominaisuudet muuttuvat. * Kuvioiden ja kuvien luominen: Optiset kauhat voidaan j\u00e4rjest\u00e4\u00e4 erilaisiksi kuvioiksi ja kuviksi. T\u00e4m\u00e4 on erinomainen tapa kehitt\u00e4\u00e4 lasten luovuutta ja k\u00e4dentaitoja. He voivat luoda abstrakteja sommitelmia tai jopa j\u00e4ljitell\u00e4 tuttuja kuvia.<br \/>\n* Aistileikki: Lapset voivat leikki\u00e4 lavoilla ja tarkkailla, kuinka valo kulkee niiden l\u00e4pi ja muuttuu v\u00e4rin mukaan. T\u00e4m\u00e4 voi olla my\u00f6s stimuloiva aistikokemus.<br \/>\n* Tieteelliset kokeet: Optisia lapoja voidaan k\u00e4ytt\u00e4\u00e4 yksinkertaisten kokeiden tekemiseen, kuten veden valon taittumisen tutkimiseen tai sateenkaaren tarkkailuun.<\/p>\n<p>Optiikan ja valon oppiminen: Optiset melat voivat auttaa lapsia ymm\u00e4rt\u00e4m\u00e4\u00e4n optiikan perusperiaatteita, kuten taittumista, heijastumista ja prismoja. Lapset voivat tutkia, kuinka valo kulkee eri v\u00e4risten melojen l\u00e4pi ja kuinka niiden ominaisuudet muuttuvat. <\/p>\n<p>Kuvioiden ja kuvien luominen: Optiset melat voidaan j\u00e4rjest\u00e4\u00e4 erilaisiksi kuvioiksi ja kuviksi. T\u00e4m\u00e4 on loistava tapa kehitt\u00e4\u00e4 lasten luovuutta ja k\u00e4dentaitoja. He voivat luoda abstrakteja sommitelmia tai jopa j\u00e4ljitell\u00e4 kuuluisia maalauksia. Aistileikit: Lapset voivat leikki\u00e4 lavoilla ja tarkkailla, kuinka valo kulkee niiden l\u00e4pi ja muuttuu v\u00e4rin mukaan. T\u00e4m\u00e4 voi olla my\u00f6s stimuloiva aistikokemus. Tieteelliset kokeet: Optisia lapoja voidaan k\u00e4ytt\u00e4\u00e4 yksinkertaisten kokeiden tekemiseen, kuten veden valon taittumisen tutkimiseen tai sateenkaaren havainnointiin.<\/p>\n<p>4. Puinen sateenkaarilaskuri<\/p>\n<p>Laskuri on upea oppimislelu, joka kasvaa lapsen mukana. Se kannustaa pienimpi\u00e4 tutkijoita k\u00e4sittelem\u00e4\u00e4n puisia helmi\u00e4 vet\u00e4m\u00e4ll\u00e4 niit\u00e4 metallilenkkien l\u00e4pi, samalla kun se tarjoaa vanhemmille lapsille laskurin ja tutustuttaa heid\u00e4t numeroiden maailmaan. Tukeva puinen pohja takaa vapaan ja mukaansatempaavan leikin, ja metallilenkit sateenkaarihelmill\u00e4 lis\u00e4\u00e4v\u00e4t koko kokonaisuuteen paljon charmia. Leikin kautta oppiminen on paras tapa opettaa lapsille uusia taitoja. 5. Montessori-munapulmapeli Montessori-munat on opettavainen lelu, joka kehitt\u00e4\u00e4 lasten motorisia taitoja ja k\u00e4si-silm\u00e4-koordinaatiota. Sarja sis\u00e4lt\u00e4\u00e4 6 valkoista munaa tarjottimella, jotka kannustavat leikkim\u00e4\u00e4n niiden v\u00e4rikk\u00e4ill\u00e4 ja erimuotoisilla sisuksilla. Peliss\u00e4 yhdistet\u00e4\u00e4n kaksi munapuoliskoa toisiinsa, jotta ne muodostavat kokonaisuuden. Munat on sovitettava yhteen sek\u00e4 v\u00e4rin ett\u00e4 muodon perusteella. Pikkulapset voivat k\u00e4ytt\u00e4\u00e4 sit\u00e4 oppiakseen lajittelua ja yhdist\u00e4mist\u00e4, mik\u00e4 nopeuttaa heid\u00e4n \u00e4lyllist\u00e4 kehityst\u00e4\u00e4n. Samalla se harjoittaa lapsen k\u00e4si-silm\u00e4-koordinaatiota, v\u00e4rien ja muotojen tunnistamista, hienomotoriikkaa ja parantaa sormien joustavuutta. Ne voidaan purkaa ja koota uudelleen yh\u00e4 uudelleen, ja lapset voivat nauttia niiden ottamisesta muovilaatikosta ja laittamisesta takaisin paikoilleen keskittymiskykyns\u00e4 harjoittamiseksi.<\/p>\n<p>6. Kuvakirja &#8221;Is\u00e4 ja min\u00e4&#8221;<\/p>\n<p>T\u00e4m\u00e4n kuvakirjan ansiosta lapset voivat selv\u00e4sti ymm\u00e4rt\u00e4\u00e4 ison ja pienen v\u00e4lisen suhteen vertaamalla is\u00e4n ja lasten omistamia asioita, syvent\u00e4\u00e4 ymm\u00e4rryst\u00e4\u00e4n asioiden koosta, vahvistaa kyky\u00e4\u00e4n ajatella itsen\u00e4isesti ja kasvattaa kiinnostustaan tutkia maailmaa. Yhdess\u00e4 lukeminen syvent\u00e4\u00e4 vanhemman ja lapsen suhdetta. Kuvakirjat antavat lapsille mahdollisuuden visualisoida tarinoita ja luoda omia mielikuvia, mik\u00e4 on erinomainen harjoitus mielikuvitukselle. Kuvitukset ovat usein v\u00e4rikk\u00e4it\u00e4, t\u00e4ynn\u00e4 yksityiskohtia ja maagisia elementtej\u00e4, mik\u00e4 inspiroi lapsia ajattelemaan luovasti. <\/p>\n<p>7. Ohjekirja<\/p>\n","protected":false},"excerpt":{"rendered":"<p>TOOKY LELU tarjoukset koulutus koulutus Montessori Lelu laatikon. T\u00e4m\u00e4 puiset lelu on suunniteltu lapsille lapsille 25\u201330 25\u201330 kuukautta. Matkalaukku matkalaukku sis\u00e4lt\u00e4\u00e4 6 erilaista kasvatuksellisia peli\u00e4 ja leluja jotka ovat varmoja kiinnostavat kiinnostavat sinua pieni pikku T\u00e4m\u00e4 laatikko on on loistava tapa kehitt\u00e4\u00e4 kehitt\u00e4\u00e4 kognitiivisia emotionaalinen, ja motoriset taidot ja nuorilla lapsilla! T\u00e4m\u00e4 sarja sis\u00e4lt\u00e4\u00e4 mukana [&hellip;]<\/p>\n","protected":false},"featured_media":0,"comment_status":"open","ping_status":"closed","template":"","meta":[],"product_brand":[],"product_cat":[32],"product_tag":[],"class_list":{"0":"post-29728","1":"product","2":"type-product","3":"status-publish","5":"product_cat-uncategorized-fi","7":"first","8":"instock","9":"shipping-taxable","10":"purchasable","11":"product-type-simple"},"_links":{"self":[{"href":"https:\/\/nordicmart.andreevmaster.com\/fi\/wp-json\/wp\/v2\/product\/29728","targetHints":{"allow":["GET"]}}],"collection":[{"href":"https:\/\/nordicmart.andreevmaster.com\/fi\/wp-json\/wp\/v2\/product"}],"about":[{"href":"https:\/\/nordicmart.andreevmaster.com\/fi\/wp-json\/wp\/v2\/types\/product"}],"replies":[{"embeddable":true,"href":"https:\/\/nordicmart.andreevmaster.com\/fi\/wp-json\/wp\/v2\/comments?post=29728"}],"wp:attachment":[{"href":"https:\/\/nordicmart.andreevmaster.com\/fi\/wp-json\/wp\/v2\/media?parent=29728"}],"wp:term":[{"taxonomy":"product_brand","embeddable":true,"href":"https:\/\/nordicmart.andreevmaster.com\/fi\/wp-json\/wp\/v2\/product_brand?post=29728"},{"taxonomy":"product_cat","embeddable":true,"href":"https:\/\/nordicmart.andreevmaster.com\/fi\/wp-json\/wp\/v2\/product_cat?post=29728"},{"taxonomy":"product_tag","embeddable":true,"href":"https:\/\/nordicmart.andreevmaster.com\/fi\/wp-json\/wp\/v2\/product_tag?post=29728"}],"curies":[{"name":"wp","href":"https:\/\/api.w.org\/{rel}","templated":true}]}}