{"id":29727,"date":"2026-02-27T00:07:42","date_gmt":"2026-02-27T00:07:42","guid":{"rendered":"https:\/\/nordicmart.andreevmaster.com\/product\/tooky-toy-box-xxl-montessori-educational-7-in-1-sensory-22-24-kuukautta\/"},"modified":"2026-02-27T09:31:55","modified_gmt":"2026-02-27T09:31:55","slug":"tooky-toy-box-xxl-montessori-educational-7-in-1-sensory-22-24-kuukautta","status":"publish","type":"product","link":"https:\/\/nordicmart.andreevmaster.com\/fi\/tuote\/tooky-toy-box-xxl-montessori-educational-7-in-1-sensory-22-24-kuukautta\/","title":{"rendered":"TOOKY TOY Box XXL Montessori Educational 7-in-1 Sensory 22-24 kuukautta"},"content":{"rendered":"<p>Tooky Toy -oppimispakkaus on suunniteltu 22\u201324 kuukauden ik\u00e4isille pikkulapsille. Se sis\u00e4lt\u00e4\u00e4 kuusi Montessori-aistien ja oppimisen lelua, jotka tukevat lapsen tervett\u00e4 psykomotorista kehityst\u00e4 ja stimuloivat aisteja: n\u00e4k\u00f6\u00e4, tuntoa ja kuuloa. Se kehitt\u00e4\u00e4 my\u00f6s loogista ajattelua ja k\u00e4si-silm\u00e4-koordinaatiota. Pakkauksessa on my\u00f6s yksityiskohtainen opas vanhemmille, jossa kerrotaan, milloin lelu kannattaa esitell\u00e4 lapselle ja miten sill\u00e4 leikit\u00e4\u00e4n. Tooky Toy -oppimispakkaus sopii lahjaksi vauvalle. Pakkaukseen kuuluu k\u00e4ytt\u00f6ohje, joka sis\u00e4lt\u00e4\u00e4 tietoa pakkauksen sis\u00e4ll\u00f6st\u00e4, ohjeet lelujen k\u00e4ytt\u00f6\u00f6n ja hy\u00f6dyllisi\u00e4 vinkkej\u00e4.Ominaisuudet:<\/p>\n<p>* &#8211; 22\u201324 kuukauden ik\u00e4isille vauvoille<br \/>\n* &#8211; 5 opettavaa lelua yhdess\u00e4 pakkauksessa<br \/>\n* &#8211; Opettavainen setti<br \/>\n* &#8211; K\u00e4ytt\u00f6ohje mukana<\/p>\n<p>Lelu kehitt\u00e4\u00e4:<\/p>\n<p>* &#8211; Terveellist\u00e4 psykomotorista kehityst\u00e4<br \/>\n* &#8211; Stimuloi n\u00e4k\u00f6-, tunto- ja kuuloaistia<br \/>\n* &#8211; Kehitt\u00e4\u00e4 loogista ajattelua<br \/>\n* &#8211; K\u00e4sien ja silmien koordinaatiota<\/p>\n<p>### Pakkauksen sis\u00e4lt\u00f6:<\/p>\n<p>1. Muotosortteri<\/p>\n<p>Puinen kuutio, jossa on 16 v\u00e4rik\u00e4st\u00e4 geometrista palikkaa nelj\u00e4ss\u00e4 eri muodossa. T\u00e4m\u00e4 lelu opettaa lapsille muotojen ja v\u00e4rien tunnistamista sek\u00e4 kehitt\u00e4\u00e4 motorisia taitoja ja k\u00e4si-silm\u00e4-koordinaatiota. Kirkkaat ja kyll\u00e4iset v\u00e4rit kannustavat pikkulapsia leikkim\u00e4\u00e4n ja stimuloivat heid\u00e4n mielikuvitustaan ja uteliaisuuttaan. Korkealaatuisesta puusta valmistettu kuutio on kest\u00e4v\u00e4 ja turvallinen. Lajittelijan kanssa leikkiminen on paitsi hauskaa, my\u00f6s tilaisuus oppia tekem\u00e4ll\u00e4. Pikkulapset voivat kokeilla erilaisia palikoita ja selvitt\u00e4\u00e4 itse, mik\u00e4 palikka sopii tiettyyn reik\u00e4\u00e4n, mik\u00e4 vahvistaa entisest\u00e4\u00e4n heid\u00e4n itsen\u00e4isyytt\u00e4\u00e4n ja itseluottamustaan. Puinen lajittelija on klassinen lelu, joka ei koskaan kyll\u00e4styt\u00e4, ja se on erinomainen valinta kaikille vanhemmille, jotka haluavat tukea lapsensa kehityst\u00e4 luonnollisella ja luovalla tavalla.<\/p>\n<p>2. Tyyny klipseill\u00e4<\/p>\n<p>Keltainen pehmolelu, jossa on v\u00e4rikk\u00e4it\u00e4 klipsej\u00e4, on pehme\u00e4 ja miellytt\u00e4v\u00e4 kosketuslelu, joka kannustaa pikkulapsia tutkimaan ja harjoittelemaan motorisia taitojaan. Tyynyss\u00e4 on nelj\u00e4 erilaista klipsi\u00e4 \u2013 jokaisella on eri v\u00e4ri ja kiinnitystapa, mik\u00e4 tekee leikkimisest\u00e4 paitsi mielenkiintoista, my\u00f6s monipuolista ja opettavaa. Avaamalla ja sulkemalla klipsej\u00e4 lapsi harjoittelee tarkkoja sormiliikkeit\u00e4, jotka ovat avainasemassa hienomotoriikan kehityksess\u00e4. P\u00e4ivitt\u00e4inen leikki t\u00e4ll\u00e4 tyynyll\u00e4 tukee my\u00f6s k\u00e4si-silm\u00e4-koordinaatiota ja opettaa lapselle loogista ajattelua ja k\u00e4rsiv\u00e4llisyytt\u00e4. Eriv\u00e4riset elementit her\u00e4tt\u00e4v\u00e4t pikkulasten huomion ja stimuloivat heid\u00e4n visuaalista havainnointiaan ja kyky\u00e4\u00e4n tunnistaa v\u00e4rej\u00e4. Se on ihanteellinen vanhemmille leikkim\u00e4\u00e4n lastensa kanssa.<\/p>\n<p>3. V\u00e4rikk\u00e4\u00e4t &#8221;Animal House&#8221; -rakennuspalikat<\/p>\n<p>Torni koostuu viidest\u00e4 palikkakerroksesta ja on upea lelu, joka yhdist\u00e4\u00e4 klassisen rakennusleikin ja oppimisen toiminnan kautta. Sarja sis\u00e4lt\u00e4\u00e4 15 huolellisesti valmistettua puupalikkaa kirkkaissa, silmiinpist\u00e4viss\u00e4 v\u00e4reiss\u00e4. Jokaisella palikalla on oma ainutlaatuinen muotonsa, mik\u00e4 tarkoittaa, ett\u00e4 lasten on oltava luovia ja k\u00e4rsiv\u00e4llisi\u00e4 rakentaakseen vakaan rakenteen. Torni tukee t\u00e4ydellisesti k\u00e4si-silm\u00e4-koordinaation kehityst\u00e4, harjoittaa k\u00e4den taitoja ja loogista ajattelua. Lapset voivat j\u00e4rjest\u00e4\u00e4 palikat mihin tahansa j\u00e4rjestykseen luodakseen erilaisia rakenteita, mik\u00e4 kehitt\u00e4\u00e4 heid\u00e4n mielikuvitustaan ja rohkaisee kokeilemaan.4. Kiert\u00e4v\u00e4 palapeli &#8221;J\u00e4rjest\u00e4 el\u00e4imet&#8221; Kiert\u00e4v\u00e4 kuutio on ainutlaatuinen puulelu, joka kannustaa pikkulapsia leikkim\u00e4\u00e4n aktiivisesti ja tutustumaan el\u00e4inten maailmaan. Se koostuu nelj\u00e4st\u00e4 kiert\u00e4v\u00e4st\u00e4 osasta, joissa on erilaisia el\u00e4inkuvia: koiranpentu, krokotiili, kissanpentu ja kettu. Lapsen teht\u00e4v\u00e4n\u00e4 on yhdist\u00e4\u00e4 yksitt\u00e4iset osat siten, ett\u00e4 ne muodostavat yhden el\u00e4imen kokonaisen kuvan. T\u00e4m\u00e4 leikkimuoto kehitt\u00e4\u00e4 k\u00e4den taitoja, k\u00e4si-silm\u00e4-koordinaatiota sek\u00e4 loogista ajattelua ja keskittymiskyky\u00e4. Palikoiden kiert\u00e4minen ja yhdisteleminen on hienoa harjoitusta pienille k\u00e4sille, joka valmistaa niit\u00e4 tulevaisuuden tarkempiin teht\u00e4viin. Erilaiset v\u00e4rit ja kuviot stimuloivat lapsen uteliaisuutta ja kehitt\u00e4v\u00e4t visuaalista havainnointia. 5. Kaksipuoliset palapelit Kaksipuolinen palapeli on palapelisetti, joka tarjoaa lapsille kaksinkertaisen m\u00e4\u00e4r\u00e4n hauskaa ja oppimista. Palapelin toisella puolella on v\u00e4rikk\u00e4it\u00e4 kuvioita, joiden avulla lapsi voi vapaasti luoda ja kokeilla palojen j\u00e4rjestelyj\u00e4. Toisella puolella on haasteena lepp\u00e4kerttu-palapeli \u2013 teht\u00e4v\u00e4n\u00e4 on yhdist\u00e4\u00e4 palat oikein, jotta syntyy kuva t\u00e4st\u00e4 suloisesta hy\u00f6nteisest\u00e4. Palapelin pelaaminen kehitt\u00e4\u00e4 luovuutta, havainnointikyky\u00e4 ja ongelmanratkaisutaitoja. Lapsesi harjoittelee tarkkoja k\u00e4den liikkeit\u00e4, loogista ajattelua ja keskittymist\u00e4 sek\u00e4 oppii k\u00e4rsiv\u00e4llisyytt\u00e4 ja sinnikkyytt\u00e4. Palapelin kaksipuolisuus tarkoittaa, ett\u00e4 lelu tarjoaa monipuolisia leikkimahdollisuuksia, joten lapsesi ei koskaan kyll\u00e4sty. <\/p>\n<p>6. &#8221;Shapes&#8221; -kirja V\u00e4rik\u00e4s kirja, jossa on kuvia ja kuvatekstej\u00e4 geometrisista muodoista ja jokap\u00e4iv\u00e4isist\u00e4 esineist\u00e4. Kehitt\u00e4\u00e4 sanastoa ja havainnointikyky\u00e4.<\/p>\n","protected":false},"excerpt":{"rendered":"<p>Tooky Toy -oppimispakkaus on suunniteltu 22\u201324 kuukauden ik\u00e4isille pikkulapsille. Se sis\u00e4lt\u00e4\u00e4 kuusi Montessori-aistien ja oppimisen lelua, jotka tukevat lapsen tervett\u00e4 psykomotorista kehityst\u00e4 ja stimuloivat aisteja: n\u00e4k\u00f6\u00e4, tuntoa ja kuuloa. Se kehitt\u00e4\u00e4 my\u00f6s loogista ajattelua ja k\u00e4si-silm\u00e4-koordinaatiota. Pakkauksessa on my\u00f6s yksityiskohtainen opas vanhemmille, jossa kerrotaan, milloin lelu kannattaa esitell\u00e4 lapselle ja miten sill\u00e4 leikit\u00e4\u00e4n. Tooky Toy [&hellip;]<\/p>\n","protected":false},"featured_media":0,"comment_status":"open","ping_status":"closed","template":"","meta":[],"product_brand":[],"product_cat":[32],"product_tag":[],"class_list":{"0":"post-29727","1":"product","2":"type-product","3":"status-publish","5":"product_cat-uncategorized-fi","7":"first","8":"instock","9":"shipping-taxable","10":"purchasable","11":"product-type-simple"},"_links":{"self":[{"href":"https:\/\/nordicmart.andreevmaster.com\/fi\/wp-json\/wp\/v2\/product\/29727","targetHints":{"allow":["GET"]}}],"collection":[{"href":"https:\/\/nordicmart.andreevmaster.com\/fi\/wp-json\/wp\/v2\/product"}],"about":[{"href":"https:\/\/nordicmart.andreevmaster.com\/fi\/wp-json\/wp\/v2\/types\/product"}],"replies":[{"embeddable":true,"href":"https:\/\/nordicmart.andreevmaster.com\/fi\/wp-json\/wp\/v2\/comments?post=29727"}],"wp:attachment":[{"href":"https:\/\/nordicmart.andreevmaster.com\/fi\/wp-json\/wp\/v2\/media?parent=29727"}],"wp:term":[{"taxonomy":"product_brand","embeddable":true,"href":"https:\/\/nordicmart.andreevmaster.com\/fi\/wp-json\/wp\/v2\/product_brand?post=29727"},{"taxonomy":"product_cat","embeddable":true,"href":"https:\/\/nordicmart.andreevmaster.com\/fi\/wp-json\/wp\/v2\/product_cat?post=29727"},{"taxonomy":"product_tag","embeddable":true,"href":"https:\/\/nordicmart.andreevmaster.com\/fi\/wp-json\/wp\/v2\/product_tag?post=29727"}],"curies":[{"name":"wp","href":"https:\/\/api.w.org\/{rel}","templated":true}]}}