{"id":29726,"date":"2026-02-27T00:07:42","date_gmt":"2026-02-27T00:07:42","guid":{"rendered":"https:\/\/nordicmart.andreevmaster.com\/product\/tooky-toy-box-xxl-montessori-educational-7-in-1-sensory-16-18-kuukautta\/"},"modified":"2026-02-27T09:31:55","modified_gmt":"2026-02-27T09:31:55","slug":"tooky-toy-box-xxl-montessori-educational-7-in-1-sensory-16-18-kuukautta","status":"publish","type":"product","link":"https:\/\/nordicmart.andreevmaster.com\/fi\/tuote\/tooky-toy-box-xxl-montessori-educational-7-in-1-sensory-16-18-kuukautta\/","title":{"rendered":"TOOKY TOY Box XXL Montessori Educational 7-in-1 Sensory 16-18 kuukautta"},"content":{"rendered":"<p>TOOKY TOY:n Montessori-kasvatusmatkalaukku on upea setti, joka sis\u00e4lt\u00e4\u00e4 5 erilaista puista aistilelua, jotka tarjoavat lapsellesi tuntikausia opettavaa ja mukaansatempaavaa hauskaa. Montessori-lelut kannustavat itsen\u00e4iseen ymp\u00e4rist\u00f6n tutkimiseen ja stimuloivat kognitiivisia taitoja. Aistilelut ovat aktiviteetteja, jotka aktivoivat aisteja ja auttavat kehitt\u00e4m\u00e4\u00e4n kognitiivisia, emotionaalisia ja motorisia taitoja.Ominaisuudet:<\/p>\n<p>* &#8211; Lelu 16\/18 kuukauden ik\u00e4isille ja sit\u00e4 vanhemmille<br \/>\n* &#8211; Edist\u00e4\u00e4 lapsen oikeaa kehityst\u00e4<br \/>\n* &#8211; Stimuloi aisteja ja hienomotoriikkaa<br \/>\n* &#8211; T\u00e4ysin turvallinen pienille lapsille<br \/>\n* &#8211; Leluun kuuluu k\u00e4ytt\u00f6ohjeet<\/p>\n<p>Sarja sis\u00e4lt\u00e4\u00e4:<\/p>\n<p>1. &#8221;Kosketus ja sovitus&#8221; -palikat<\/p>\n<p>T\u00e4m\u00e4 on ainutlaatuinen aistipeli pienille lapsille. Lelu tarjoaa nelj\u00e4 erilaista kosketustekstiili\u00e4, joita lapset voivat tutkia ja l\u00f6yt\u00e4\u00e4. Lelu auttaa lapsia ymm\u00e4rt\u00e4m\u00e4\u00e4n paremmin ymp\u00e4r\u00f6iv\u00e4\u00e4 maailmaa ja kehitt\u00e4m\u00e4\u00e4n kognitiivisia taitoja. Erilaisten tekstuurien, \u00e4\u00e4nien ja v\u00e4rien kokeileminen auttaa pikkulapsia ilmaisemaan tunteitaan ja kommunikoimaan muiden kanssa.<\/p>\n<p>[img-87636-left-thickbox_default]<\/p>\n<p>2. Rakettipalapeli<\/p>\n<p>Kest\u00e4v\u00e4st\u00e4 puusta valmistetut, kirkkaanv\u00e4riset raketit sopivat pienimmillekin lapsille. Lapset voivat koota kauniisti kuvioituja palikoita ja rakentaa vieh\u00e4tt\u00e4v\u00e4n raketin. 3D-mallit heijastavat usein todellisia esineit\u00e4, kuten ajoneuvoja, rakennuksia tai koneita. Lapset oppivat niist\u00e4 kokoamisen aikana, mik\u00e4 on kiehtova oppimiskokemus.<\/p>\n<p>[img-87639-left-thickbox_default]<\/p>\n<p>[img-87816-left-thickbox_default]<\/p>\n<p>3. &#8221;Vihannesten istuttaminen&#8221; -palapeli<\/p>\n<p>T\u00e4m\u00e4 puutarhanhoitoaiheinen palapeli on t\u00e4ydellinen lahja lapsille. Se sis\u00e4lt\u00e4\u00e4 4 vihannesta, 1 lapion ja alustan, jossa on vihanneksille sopivat kuviot. Realistiset kuviot parantavat lasten kognitiivisia kykyj\u00e4, ja nupin muotoilu vaatii pihditarttumista, mik\u00e4 parantaa lasten hienomotoriikkaa.<\/p>\n<p>4. Kuvakirja &#8221;Myju Myju&#8221;<\/p>\n<p>Lapset rakastavat mielenkiintoisia kuvakirjoja. Yksinkertaisten ja el\u00e4vien kuvien avulla lapset oppivat, ett\u00e4 paljaalla silm\u00e4ll\u00e4 n\u00e4kym\u00e4t\u00f6n &#8221;bakteerien maailma&#8221; on kaikkialla, joten he ymm\u00e4rt\u00e4v\u00e4t, kuinka t\u00e4rke\u00e4\u00e4 k\u00e4sien pesu on. He oppivat oikean k\u00e4sienpesutavan ja kehitt\u00e4v\u00e4t hyv\u00e4n k\u00e4sienpesutavan. [img-87814-left-thickbox_default] 5. Koulutus 3-in-1 Montessori-lelun lajittelulaatikko T\u00e4m\u00e4 koulutuslelu auttaa lapsia kehitt\u00e4m\u00e4\u00e4n motorisia taitoja, k\u00e4si-silm\u00e4-koordinaatiota, v\u00e4rien tunnistamista, kriittist\u00e4 ajattelua ja ongelmanratkaisutaitoja. Se auttaa my\u00f6s pieni\u00e4 lapsia tutkimaan maailmaa koskettelemalla erilaisia esineit\u00e4 ja havainnoimalla toimintansa tuloksia. Lelussa on useita tasoja:<\/p>\n<p>-Taso 1 Pallon heitt\u00e4minen py\u00f6re\u00e4n rei\u00e4n l\u00e4pi: Ensimm\u00e4inen askel tarkkojen liikkeiden oppimisessa, keskittyen peruskykyihin k\u00e4si-silm\u00e4-koordinaatiossa<\/p>\n<p>-Taso 2 Puisten kolikoiden heitt\u00e4minen: Toinen vaikeustaso esittelee elementtej\u00e4, jotka vaativat suurempaa tarkkuutta. Puisten kolikoiden heittely tuo uusia haasteita. <\/p>\n<p>&#8211; Taso 3 Porkkanoiden ker\u00e4\u00e4minen: Kolmas taso on seikkailu puutarhassa, jossa lapset leikkiv\u00e4t puisten porkkanoiden istuttamista ja sadonkorjuuta kehitt\u00e4en samalla k\u00e4den taitojaan. <\/p>\n<p>&#8211; Taso 4 Tikkujen lajittelu v\u00e4rin mukaan: Vaikein taso, jossa lapset oppivat tunnistamaan v\u00e4rej\u00e4 ja lajittelemaan tikkuja tarkasti oikeisiin reikiin.[img-87640-left-thickbox_default]<\/p>\n<p>6. Ohjekirja<\/p>\n<p>[img-87817-left-thickbox_default]<\/p>\n<p>[img-87638-left-thickbox_default]<\/p>\n","protected":false},"excerpt":{"rendered":"<p>TOOKY TOY:n Montessori-kasvatusmatkalaukku on upea setti, joka sis\u00e4lt\u00e4\u00e4 5 erilaista puista aistilelua, jotka tarjoavat lapsellesi tuntikausia opettavaa ja mukaansatempaavaa hauskaa. Montessori-lelut kannustavat itsen\u00e4iseen ymp\u00e4rist\u00f6n tutkimiseen ja stimuloivat kognitiivisia taitoja. Aistilelut ovat aktiviteetteja, jotka aktivoivat aisteja ja auttavat kehitt\u00e4m\u00e4\u00e4n kognitiivisia, emotionaalisia ja motorisia taitoja.Ominaisuudet: * &#8211; Lelu 16\/18 kuukauden ik\u00e4isille ja sit\u00e4 vanhemmille * &#8211; Edist\u00e4\u00e4 [&hellip;]<\/p>\n","protected":false},"featured_media":0,"comment_status":"open","ping_status":"closed","template":"","meta":[],"product_brand":[],"product_cat":[32],"product_tag":[],"class_list":{"0":"post-29726","1":"product","2":"type-product","3":"status-publish","5":"product_cat-uncategorized-fi","7":"first","8":"instock","9":"shipping-taxable","10":"purchasable","11":"product-type-simple"},"_links":{"self":[{"href":"https:\/\/nordicmart.andreevmaster.com\/fi\/wp-json\/wp\/v2\/product\/29726","targetHints":{"allow":["GET"]}}],"collection":[{"href":"https:\/\/nordicmart.andreevmaster.com\/fi\/wp-json\/wp\/v2\/product"}],"about":[{"href":"https:\/\/nordicmart.andreevmaster.com\/fi\/wp-json\/wp\/v2\/types\/product"}],"replies":[{"embeddable":true,"href":"https:\/\/nordicmart.andreevmaster.com\/fi\/wp-json\/wp\/v2\/comments?post=29726"}],"wp:attachment":[{"href":"https:\/\/nordicmart.andreevmaster.com\/fi\/wp-json\/wp\/v2\/media?parent=29726"}],"wp:term":[{"taxonomy":"product_brand","embeddable":true,"href":"https:\/\/nordicmart.andreevmaster.com\/fi\/wp-json\/wp\/v2\/product_brand?post=29726"},{"taxonomy":"product_cat","embeddable":true,"href":"https:\/\/nordicmart.andreevmaster.com\/fi\/wp-json\/wp\/v2\/product_cat?post=29726"},{"taxonomy":"product_tag","embeddable":true,"href":"https:\/\/nordicmart.andreevmaster.com\/fi\/wp-json\/wp\/v2\/product_tag?post=29726"}],"curies":[{"name":"wp","href":"https:\/\/api.w.org\/{rel}","templated":true}]}}