{"id":29725,"date":"2026-02-27T00:07:42","date_gmt":"2026-02-27T00:07:42","guid":{"rendered":"https:\/\/nordicmart.andreevmaster.com\/product\/tooky-toy-box-xxl-montessori-educational-5-in-1-sensory-box-11-12-kuukautta\/"},"modified":"2026-02-27T09:31:54","modified_gmt":"2026-02-27T09:31:54","slug":"tooky-toy-box-xxl-montessori-educational-5-in-1-sensory-box-11-12-kuukautta","status":"publish","type":"product","link":"https:\/\/nordicmart.andreevmaster.com\/fi\/tuote\/tooky-toy-box-xxl-montessori-educational-5-in-1-sensory-box-11-12-kuukautta\/","title":{"rendered":"TOOKY TOY Box XXL Montessori Educational 5-in-1 Sensory Box 11-12 kuukautta"},"content":{"rendered":"<p>Tooky Toy -oppimispakkaus on suunniteltu 11\u201312 kuukauden ik\u00e4isille vauvoille. Se sis\u00e4lt\u00e4\u00e4 viisi Montessori-aistien ja oppimisen lelua, jotka tukevat lapsen tervett\u00e4 psykomotorista kehityst\u00e4 ja stimuloivat aisteja: n\u00e4k\u00f6\u00e4, tuntoa ja kuuloa. Se kehitt\u00e4\u00e4 my\u00f6s loogista ajattelua ja k\u00e4si-silm\u00e4-koordinaatiota. Pakkauksessa on my\u00f6s yksityiskohtainen opas vanhemmille, jossa kerrotaan, milloin lelu kannattaa esitell\u00e4 vauvalle ja miten sill\u00e4 leikit\u00e4\u00e4n. Tooky Toy -oppimispakkaus sopii lahjaksi vauvalle. Ominaisuudet: * &#8211; 11\u201312 kuukauden ik\u00e4isille vauvoille * &#8211; 5 oppimislelua yhdess\u00e4 pakkauksessa * &#8211; Oppimispakkaus Lelu kehitt\u00e4\u00e4: * &#8211; Terveellist\u00e4 psykomotorista kehityst\u00e4<br \/>\n* &#8211; Stimuloi n\u00e4k\u00f6-, tunto- ja kuuloaistia<br \/>\n* &#8211; Kehitt\u00e4\u00e4 loogista ajattelua<br \/>\n* &#8211; K\u00e4sien ja silmien koordinaatiota<\/p>\n<p>Sarja sis\u00e4lt\u00e4\u00e4:<\/p>\n<p>1 . Joustava aistikuutio, jossa on 6 erimuotoista v\u00e4rik\u00e4st\u00e4 palikkaa<\/p>\n<p>6 erimuotoista v\u00e4rik\u00e4st\u00e4 palikkaa ja s\u00e4ilytyslaatikko, jossa on joustavat hihnat. Lelu kehitt\u00e4\u00e4 lapsen mielikuvitusta. Aistikuutio stimuloi lasten tilan hahmottamista. Joustavat hihnat mahdollistavat eri kulmissa ty\u00f6nt\u00e4misen ja vet\u00e4misen, mik\u00e4 auttaa lapsia kehitt\u00e4m\u00e4\u00e4n motorisia taitoja ja k\u00e4si-silm\u00e4-koordinaatiota. Palikoissa on 6 erilaista kuviota, ja lapset voivat n\u00e4hd\u00e4 ja tuntea erot koskettamalla niit\u00e4. Palikat ja kuutio on suunniteltu eri kirkkailla v\u00e4reill\u00e4, jotta ne lis\u00e4\u00e4v\u00e4t lasten herkkyytt\u00e4 v\u00e4reille.<br \/>\n2. Puinen painopallolaatikko (3 puupalloa)<\/p>\n<p>T\u00e4m\u00e4 lelu tarjoaa harjoituksia, kuten koputtamista, ly\u00f6mist\u00e4, painamista ja tarttumista, jotka tukevat lasten k\u00e4sivarsien lihasten kehityst\u00e4. Se opettaa lapsille, ett\u00e4 esineet, joita ei en\u00e4\u00e4 n\u00e4y, ovat silti olemassa. Laatikko sis\u00e4lt\u00e4\u00e4 3 puupalloa (punainen, keltainen ja sininen). T\u00e4m\u00e4 yksinkertainen peli ei vain her\u00e4t\u00e4 lasten kiinnostusta, vaan auttaa heit\u00e4 my\u00f6s parantamaan ongelmanratkaisutaitojaan, loogista ajattelua ja havainnointikyky\u00e4. <\/p>\n<p>3. Oranssi neli\u00f6pulmapeli peilill\u00e4<\/p>\n<p>T\u00e4m\u00e4 oranssi neli\u00f6pulmapeli eroaa perinteisist\u00e4 pulmapeleist\u00e4 siin\u00e4, ett\u00e4 sen alla on peili. Oranssi kuvio her\u00e4tt\u00e4\u00e4 lapsen huomion ja lis\u00e4\u00e4 h\u00e4nen herkkyytt\u00e4\u00e4n v\u00e4reille. Akryylipeili her\u00e4tt\u00e4\u00e4 uteliaisuutta pulmapeli\u00e4 kohtaan ja kannustaa lasta tutkimaan maailmaa.<\/p>\n<p>4. Monitoiminen Montessori-manipulatiivinen kuutio, joka on valmistettu 3D-kankaasta ja tuottaa kahisevia ja kitisevi\u00e4 \u00e4\u00e4ni\u00e4<\/p>\n<p>Monitoiminen lelu, joka rauhoittaa, stimuloi kognitiivisia taitoja ja auttaa lapsia nukahtamaan. Erilaiset kangasmuodot rikastuttavat lapsen tuntoaistia. Kirkkaat v\u00e4rit ja suloiset kuviot houkuttelevat lapsen n\u00e4k\u00f6aistia. 3D-kankaan rakenne tuottaa kahinaa ja kitin\u00e4\u00e4, jotka stimuloivat lapsen kuuloa. Ihana, hauska peili, joka her\u00e4tt\u00e4\u00e4 halun tutkia. Erityinen purulelu tyydytt\u00e4\u00e4 purunhalun, ja kirkkaat v\u00e4rit vetoavat lapsen n\u00e4k\u00f6aistiin. Ne auttavat kehitt\u00e4m\u00e4\u00e4n aisteja ja rohkaisevat tutkimaan. Lelu kehitt\u00e4\u00e4 motorisia taitoja, tyydytt\u00e4\u00e4 uteliaisuuden ja rohkaisee tutkimaan ja l\u00f6yt\u00e4m\u00e4\u00e4n. Se auttaa varhaiskasvatuksessa ja tutustuttaa lapset peruskonsepteihin hauskalla ja vuorovaikutteisella tavalla.<\/p>\n<p>5. Kuvakirja kehon osista<\/p>\n<p>Kuvakirja &#8221;My Body Parts&#8221; sis\u00e4lt\u00e4\u00e4 erilaisia valokuvia pienist\u00e4 lapsista, joissa keskityt\u00e4\u00e4n kehon eri osiin. Koska kirjassa k\u00e4ytet\u00e4\u00e4n todellista el\u00e4m\u00e4\u00e4 kuvaavia kuvia, vauvat ovat eritt\u00e4in innostuneita oppimaan kirjasta. T\u00e4m\u00e4 kirja tarjoaa lapsellesi k\u00e4yt\u00e4nn\u00f6llist\u00e4, aisteja rikastuttavaa oppimista. Se edist\u00e4\u00e4 kielellist\u00e4 kehityst\u00e4, kognitiivisia taitoja ja kehon tietoisuutta sek\u00e4 kasvattaa rakkautta kirjoihin ja oppimiseen.<\/p>\n<p>6. Ohjekirja<\/p>\n","protected":false},"excerpt":{"rendered":"<p>Tooky Toy -oppimispakkaus on suunniteltu 11\u201312 kuukauden ik\u00e4isille vauvoille. Se sis\u00e4lt\u00e4\u00e4 viisi Montessori-aistien ja oppimisen lelua, jotka tukevat lapsen tervett\u00e4 psykomotorista kehityst\u00e4 ja stimuloivat aisteja: n\u00e4k\u00f6\u00e4, tuntoa ja kuuloa. Se kehitt\u00e4\u00e4 my\u00f6s loogista ajattelua ja k\u00e4si-silm\u00e4-koordinaatiota. Pakkauksessa on my\u00f6s yksityiskohtainen opas vanhemmille, jossa kerrotaan, milloin lelu kannattaa esitell\u00e4 vauvalle ja miten sill\u00e4 leikit\u00e4\u00e4n. Tooky Toy [&hellip;]<\/p>\n","protected":false},"featured_media":0,"comment_status":"open","ping_status":"closed","template":"","meta":[],"product_brand":[],"product_cat":[32],"product_tag":[],"class_list":{"0":"post-29725","1":"product","2":"type-product","3":"status-publish","5":"product_cat-uncategorized-fi","7":"first","8":"instock","9":"shipping-taxable","10":"purchasable","11":"product-type-simple"},"_links":{"self":[{"href":"https:\/\/nordicmart.andreevmaster.com\/fi\/wp-json\/wp\/v2\/product\/29725","targetHints":{"allow":["GET"]}}],"collection":[{"href":"https:\/\/nordicmart.andreevmaster.com\/fi\/wp-json\/wp\/v2\/product"}],"about":[{"href":"https:\/\/nordicmart.andreevmaster.com\/fi\/wp-json\/wp\/v2\/types\/product"}],"replies":[{"embeddable":true,"href":"https:\/\/nordicmart.andreevmaster.com\/fi\/wp-json\/wp\/v2\/comments?post=29725"}],"wp:attachment":[{"href":"https:\/\/nordicmart.andreevmaster.com\/fi\/wp-json\/wp\/v2\/media?parent=29725"}],"wp:term":[{"taxonomy":"product_brand","embeddable":true,"href":"https:\/\/nordicmart.andreevmaster.com\/fi\/wp-json\/wp\/v2\/product_brand?post=29725"},{"taxonomy":"product_cat","embeddable":true,"href":"https:\/\/nordicmart.andreevmaster.com\/fi\/wp-json\/wp\/v2\/product_cat?post=29725"},{"taxonomy":"product_tag","embeddable":true,"href":"https:\/\/nordicmart.andreevmaster.com\/fi\/wp-json\/wp\/v2\/product_tag?post=29725"}],"curies":[{"name":"wp","href":"https:\/\/api.w.org\/{rel}","templated":true}]}}