{"id":29724,"date":"2026-02-27T00:07:42","date_gmt":"2026-02-27T00:07:42","guid":{"rendered":"https:\/\/nordicmart.andreevmaster.com\/product\/tooky-toy-box-xxl-montessori-educational-6-in-1-sensory-box-7-8-kuukautta\/"},"modified":"2026-02-27T09:31:54","modified_gmt":"2026-02-27T09:31:54","slug":"tooky-toy-box-xxl-montessori-educational-6-in-1-sensory-box-7-8-kuukautta","status":"publish","type":"product","link":"https:\/\/nordicmart.andreevmaster.com\/fi\/tuote\/tooky-toy-box-xxl-montessori-educational-6-in-1-sensory-box-7-8-kuukautta\/","title":{"rendered":"TOOKY TOY Box XXL Montessori Educational 6-in-1 Sensory Box 7-8 kuukautta"},"content":{"rendered":"<p>Tooky Toy -oppimispakkaus on suunniteltu 7\u20138 kuukauden ik\u00e4isille vauvoille. Se sis\u00e4lt\u00e4\u00e4 6 aistien kehityst\u00e4 edist\u00e4v\u00e4\u00e4 ja Montessori-oppimispakkausta, jotka tukevat lapsen tervett\u00e4 psykomotorista kehityst\u00e4 ja stimuloivat aisteja: n\u00e4k\u00f6\u00e4, tuntoa ja kuuloa. Se kehitt\u00e4\u00e4 my\u00f6s loogista ajattelua ja k\u00e4si-silm\u00e4-koordinaatiota. Pakkauksessa on my\u00f6s yksityiskohtainen opas vanhemmille, joka kertoo, milloin lelu kannattaa esitell\u00e4 vauvalle ja miten sill\u00e4 leikit\u00e4\u00e4n. Tooky Toy -oppimispakkaus sopii lahjaksi vauvalle. Ominaisuudet: * &#8211; 7\u20138 kuukauden ik\u00e4isille vauvoille * &#8211; 6 oppimislelua yhdess\u00e4 pakkauksessa * &#8211; Oppimispakkaus Lelu kehitt\u00e4\u00e4: * &#8211; Terveellist\u00e4 psykomotorista kehityst\u00e4<br \/>\n* &#8211; Stimuloi n\u00e4k\u00f6-, tunto- ja kuuloaistia<br \/>\n* &#8211; Kehitt\u00e4\u00e4 loogista ajattelua<br \/>\n* &#8211; K\u00e4sien ja silmien koordinaatiota<\/p>\n<p>Sarja sis\u00e4lt\u00e4\u00e4:<\/p>\n<p>1. Puinen muna ja teline<\/p>\n<p>T\u00e4m\u00e4 klassinen Montessori-lelu koostuu puusta valmistetusta munasta ja kupista. Se sopii lapsille, jotka osaavat istua itsen\u00e4isesti ja k\u00e4ytt\u00e4\u00e4 molempia k\u00e4si\u00e4. Vauvat voivat harjoitella k\u00e4si-silm\u00e4-koordinaatiota ja keskittymist\u00e4 yritt\u00e4m\u00e4ll\u00e4 laittaa munan kuppiin ja ottaa sen pois. T\u00e4m\u00e4 taito vaatii koordinaatiota ja voi olla lapselle vaikea teht\u00e4v\u00e4.<\/p>\n<p>2. Puinen monimuotoinen pelilaatikko, jossa on 3 puupalloa<\/p>\n<p>Puinen muotojen lajittelija on Montessori-inspiroitu oppimislelu, joka on suunniteltu auttamaan lapsia ymm\u00e4rt\u00e4m\u00e4\u00e4n, ett\u00e4 esineet ovat olemassa, vaikka ne eiv\u00e4t ole n\u00e4kyviss\u00e4. T\u00e4m\u00e4 k\u00e4site on merkkipaalu lapsen kognitiivisessa kehityksess\u00e4, ja se havaitaan yleens\u00e4 7\u20138 kuukauden ik\u00e4isill\u00e4 vauvoilla. Pallot kulkevat yl\u00e4osan rei\u00e4n l\u00e4pi ja putoavat ramppiin, josta ne vieriv\u00e4t tarjottimelle. T\u00e4m\u00e4 materiaali kannustaa vauvoja k\u00e4ytt\u00e4m\u00e4\u00e4n k\u00e4si\u00e4\u00e4n esineiden k\u00e4sittelyyn ja parantamaan k\u00e4si-silm\u00e4-koordinaatiotaan. Asettamalla pallot reikiin he kehitt\u00e4v\u00e4t tarkkoja liikkeit\u00e4 ja vahvistavat motorisia taitojaan.3. 10 kuvakorttia, joissa on 20 kuviota nimien ja esineiden yhdist\u00e4miseen T\u00e4m\u00e4n lelun avulla lapset ymm\u00e4rt\u00e4v\u00e4t kaiken ymp\u00e4rill\u00e4\u00e4n. Sarja koostuu 10 kortista, joissa on sis\u00e4lt\u00f6\u00e4 molemmilla puolilla. Kortit kattavat 20 yleisint\u00e4 esinett\u00e4 el\u00e4m\u00e4ss\u00e4, jolloin lapset voivat yhdist\u00e4\u00e4 nimet esineisiin, parantaa visuaalista muistiaan ja kehitt\u00e4\u00e4 kielitaitoaan.<\/p>\n<p>4. 8 pehme\u00e4\u00e4, neli\u00f6nmuotoista aistilohkoa<\/p>\n<p>T\u00e4m\u00e4 lelusetti sis\u00e4lt\u00e4\u00e4 8 lohkoa, joissa on kuvioita, kuten hedelmi\u00e4, numeroita ja geometrisia muotoja. Rakentelemalla ja tarkkailemalla lohkoja lapset voivat kehitt\u00e4\u00e4 tunto- ja n\u00e4k\u00f6aistiaan. T\u00e4m\u00e4 upea lohkosetti auttaa lapsia kehityksen alkuvaiheessa.<\/p>\n<p>5. Puinen kirja, jossa on kuvia maatilan el\u00e4imist\u00e4<\/p>\n<p>Esittele lapsellesi maatilan el\u00e4inten vieh\u00e4tt\u00e4v\u00e4 maailma t\u00e4ll\u00e4 puisella kirjalla. Huolella ja turvallisuus mieless\u00e4 suunniteltu, tukeva kirja sis\u00e4lt\u00e4\u00e4 kuvia rakastetuista maatilan el\u00e4imist\u00e4, jotka varmasti kiinnitt\u00e4v\u00e4t lapsesi huomion. Puiset sivut ovat helppoja pienten k\u00e4sien tarttua, mik\u00e4 kannustaa aistien tutkimiseen, kielelliseen kehitykseen, tuntoaistin k\u00e4ytt\u00f6\u00f6n ja tarjoaa mahdollisuuksia kiintymyksen ja vuorovaikutuksen syntymiseen hoitajien kanssa.<\/p>\n<p>6. Puinen autoh\u00e4lytin &#8211; Siili<\/p>\n<p>Siili-h\u00e4lytint\u00e4 voidaan k\u00e4ytt\u00e4\u00e4 sek\u00e4 h\u00e4lyttimen\u00e4 ett\u00e4 autona. Sen s\u00f6p\u00f6n siilin muodon ja oikean kokoisen kahvan ansiosta se on helppo tarttua pienille lapsille. T\u00e4m\u00e4n mielenkiintoisen lelun avulla lapset voivat harjoitella motorisia taitojaan.<\/p>\n<p>7. Ohjekirja<\/p>\n","protected":false},"excerpt":{"rendered":"<p>Tooky Toy -oppimispakkaus on suunniteltu 7\u20138 kuukauden ik\u00e4isille vauvoille. Se sis\u00e4lt\u00e4\u00e4 6 aistien kehityst\u00e4 edist\u00e4v\u00e4\u00e4 ja Montessori-oppimispakkausta, jotka tukevat lapsen tervett\u00e4 psykomotorista kehityst\u00e4 ja stimuloivat aisteja: n\u00e4k\u00f6\u00e4, tuntoa ja kuuloa. Se kehitt\u00e4\u00e4 my\u00f6s loogista ajattelua ja k\u00e4si-silm\u00e4-koordinaatiota. Pakkauksessa on my\u00f6s yksityiskohtainen opas vanhemmille, joka kertoo, milloin lelu kannattaa esitell\u00e4 vauvalle ja miten sill\u00e4 leikit\u00e4\u00e4n. Tooky [&hellip;]<\/p>\n","protected":false},"featured_media":0,"comment_status":"open","ping_status":"closed","template":"","meta":[],"product_brand":[],"product_cat":[32],"product_tag":[],"class_list":{"0":"post-29724","1":"product","2":"type-product","3":"status-publish","5":"product_cat-uncategorized-fi","7":"first","8":"instock","9":"shipping-taxable","10":"purchasable","11":"product-type-simple"},"_links":{"self":[{"href":"https:\/\/nordicmart.andreevmaster.com\/fi\/wp-json\/wp\/v2\/product\/29724","targetHints":{"allow":["GET"]}}],"collection":[{"href":"https:\/\/nordicmart.andreevmaster.com\/fi\/wp-json\/wp\/v2\/product"}],"about":[{"href":"https:\/\/nordicmart.andreevmaster.com\/fi\/wp-json\/wp\/v2\/types\/product"}],"replies":[{"embeddable":true,"href":"https:\/\/nordicmart.andreevmaster.com\/fi\/wp-json\/wp\/v2\/comments?post=29724"}],"wp:attachment":[{"href":"https:\/\/nordicmart.andreevmaster.com\/fi\/wp-json\/wp\/v2\/media?parent=29724"}],"wp:term":[{"taxonomy":"product_brand","embeddable":true,"href":"https:\/\/nordicmart.andreevmaster.com\/fi\/wp-json\/wp\/v2\/product_brand?post=29724"},{"taxonomy":"product_cat","embeddable":true,"href":"https:\/\/nordicmart.andreevmaster.com\/fi\/wp-json\/wp\/v2\/product_cat?post=29724"},{"taxonomy":"product_tag","embeddable":true,"href":"https:\/\/nordicmart.andreevmaster.com\/fi\/wp-json\/wp\/v2\/product_tag?post=29724"}],"curies":[{"name":"wp","href":"https:\/\/api.w.org\/{rel}","templated":true}]}}