{"id":29723,"date":"2026-02-27T00:07:42","date_gmt":"2026-02-27T00:07:42","guid":{"rendered":"https:\/\/nordicmart.andreevmaster.com\/product\/tooky-toy-box-xxl-montessori-educational-6-in-1-sensory-box-5-6-kuukautta\/"},"modified":"2026-02-27T09:31:54","modified_gmt":"2026-02-27T09:31:54","slug":"tooky-toy-box-xxl-montessori-educational-6-in-1-sensory-box-5-6-kuukautta","status":"publish","type":"product","link":"https:\/\/nordicmart.andreevmaster.com\/fi\/tuote\/tooky-toy-box-xxl-montessori-educational-6-in-1-sensory-box-5-6-kuukautta\/","title":{"rendered":"TOOKY TOY Box XXL Montessori Educational 6-in-1 Sensory Box 5-6 kuukautta"},"content":{"rendered":"<p>Tooky Toy -oppimispakkaus on suunniteltu 3\u20135 kuukauden ik\u00e4isille vauvoille. Se sis\u00e4lt\u00e4\u00e4 viisi aistien kehityst\u00e4 tukevaa ja Montessori-oppimispakkausta, jotka tukevat lapsen tervett\u00e4 psykomotorista kehityst\u00e4 ja stimuloivat aisteja: n\u00e4k\u00f6\u00e4, tuntoa ja kuuloa. Se kehitt\u00e4\u00e4 my\u00f6s loogista ajattelua ja k\u00e4si-silm\u00e4-koordinaatiota. Pakkauksessa on my\u00f6s yksityiskohtainen opas vanhemmille, jossa kerrotaan, milloin lelu kannattaa esitell\u00e4 vauvalle ja miten sill\u00e4 leikit\u00e4\u00e4n. Tooky Toy -oppimispakkaus sopii lahjaksi vauvalle. Pakkaukseen kuuluu k\u00e4ytt\u00f6ohje, joka sis\u00e4lt\u00e4\u00e4 tietoa pakkauksen sis\u00e4ll\u00f6st\u00e4, ohjeet lelujen k\u00e4ytt\u00f6\u00f6n ja hy\u00f6dyllisi\u00e4 vinkkej\u00e4.Ominaisuudet:<\/p>\n<p>* &#8211; 5\u20136 kuukauden ik\u00e4isille vauvoille<br \/>\n* &#8211; 5 opettavaa lelua yhdess\u00e4 pakkauksessa<br \/>\n* &#8211; Opettavainen sarja<br \/>\n* &#8211; K\u00e4ytt\u00f6ohje mukana<\/p>\n<p>Lelu kehitt\u00e4\u00e4:<\/p>\n<p>* &#8211; Terveellist\u00e4 psykomotorista kehityst\u00e4<br \/>\n* &#8211; Stimuloi n\u00e4k\u00f6-, tunto- ja kuuloaistia<br \/>\n* &#8211; Kehitt\u00e4\u00e4 loogista ajattelua<br \/>\n* &#8211; K\u00e4sien ja silmien koordinaatiota<\/p>\n<p>1. Kangasinen aistikirja<\/p>\n<p>Lapset rakastavat katsella v\u00e4rikk\u00e4it\u00e4 kirjoja, erityisesti sellaisia, joissa on kahisevia ja \u00e4\u00e4ni\u00e4 tuottavia elementtej\u00e4. Sarjan pehme\u00e4 kirja t\u00e4ytt\u00e4\u00e4 n\u00e4m\u00e4 odotukset ja stimuloi samalla aistien tutkimista, visuaalista tunnistamista, viestint\u00e4\u00e4 ja luovuutta. Kahisevat sivut ja vinkuvat elementit stimuloivat kuuloa ja kannustavat lapsia leikkim\u00e4\u00e4n \u00e4\u00e4nill\u00e4, kun taas kirkkaat kontrastiv\u00e4rit ja kuvitukset her\u00e4tt\u00e4v\u00e4t heid\u00e4n huomionsa ja tukevat visuaalisen havainnoinnin kehityst\u00e4. Kirja erottuu huolellisesta valmistuksesta, vahvasta ompelusta ja pesunkest\u00e4vyydest\u00e4.2. Taikalaatikko &#8221;V\u00e4rikk\u00e4\u00e4t nen\u00e4liinat&#8221; T\u00e4llaiset lelut ovat erinomainen kehityksen apuv\u00e4line pienille lapsille. Nen\u00e4liinojen vet\u00e4minen ulos ja laittaminen takaisin laatikkoon vaatii tarkkuutta, k\u00e4den tarttumisen ja k\u00e4sittelyn harjoittelua. Kauniit v\u00e4rit her\u00e4tt\u00e4v\u00e4t lapsen huomion, stimuloivat aisteja ja kannustavat tutkimaan laatikkoa. My\u00f6hemm\u00e4ss\u00e4 vaiheessa leikki on erinomainen v\u00e4rien oppimiseen ja k\u00e4sitteiden &#8221;tyhj\u00e4, t\u00e4ynn\u00e4&#8221; sek\u00e4 &#8221;sis\u00e4ll\u00e4, p\u00e4\u00e4ll\u00e4, alla&#8221; ymm\u00e4rt\u00e4miseen. Pyyhkeill\u00e4 leikkiminen opettaa keskittymist\u00e4 ja sinnikkyytt\u00e4, kun lapsi yritt\u00e4\u00e4 vet\u00e4\u00e4 seuraavan palan pakkauksesta.3. Elefantti-purulelu T\u00e4m\u00e4 suloinen elefantti tulee olemaan lapsesi paras yst\u00e4v\u00e4. Se on t\u00e4ysin turvallinen, helppo puhdistaa ja luonnonpuusta valmistettu, joten se on antibakteerinen ja tarjoaa uuden aistillisen kokemuksen tekstuurinsa ansiosta. Pehme\u00e4 silikoni rauhoittaa lapsen herkki\u00e4 ikeni\u00e4, mik\u00e4 on t\u00e4rke\u00e4\u00e4 hampaiden kasvuvaiheessa. Lis\u00e4ksi elefantti sopii t\u00e4ydellisesti lapsen pieniin k\u00e4siin ja kehitt\u00e4\u00e4 lapsen mielikuvitusta.<\/p>\n<p>4. Aistien kehittymist\u00e4 edist\u00e4v\u00e4 kori<\/p>\n<p>Sarja sis\u00e4lt\u00e4\u00e4 kolme aistien kehittymist\u00e4 edist\u00e4v\u00e4\u00e4 palloa, joiden pinnat ovat erilaiset, sek\u00e4 kudotun korin, johon pallot voidaan laittaa leikin j\u00e4lkeen. Erilaisista pinnoistaan johtuen pallot ovat erinomainen aistillinen lelu, joka tukee lapsen kehityst\u00e4. V\u00e4rikk\u00e4\u00e4t pallot kannustavat lasta tarttumaan niihin ja k\u00e4sittelem\u00e4\u00e4n niit\u00e4 vatsallaan leikkiess\u00e4\u00e4n, mik\u00e4 auttaa harjoittamaan k\u00e4sien ja jalkojen lihaksia ja valmistaa lasta ry\u00f6mim\u00e4\u00e4n. Sarjaan kuuluu my\u00f6s kudottu kori, josta lapset voivat ottaa pallot pois ja laittaa ne takaisin, mik\u00e4 opettaa heille samalla k\u00e4sitteet &#8221;tyhj\u00e4&#8221; ja &#8221;t\u00e4ynn\u00e4&#8221;. Lelu tukee lasten luonnollista uteliaisuutta ja motorisen koordinaation kehityst\u00e4 yst\u00e4v\u00e4llisell\u00e4 ja turvallisella tavalla. 5. Py\u00f6riv\u00e4 rumpu Py\u00f6riv\u00e4 rumpu on kehityst\u00e4 edist\u00e4v\u00e4 lelu, joka motivoi lapsia tutkimaan ja liikkumaan sek\u00e4 tukee aistien kehityst\u00e4 ja hienomotoriikkaa. Lelussa on viisi eriv\u00e4rist\u00e4 sivua ja lapsiturvallinen peili. Se auttaa kehitt\u00e4m\u00e4\u00e4n pikkulasten motorisia taitoja lelun py\u00f6ritt\u00e4misen ja k\u00e4sittelemisen avulla. Erilaiset v\u00e4rit auttavat lapsia oppimaan v\u00e4rej\u00e4. Py\u00f6rimisen aikana rummun sis\u00e4ll\u00e4 oleva puupallo tuottaa luonnollisen, miellytt\u00e4v\u00e4n \u00e4\u00e4nen, joka kiinnitt\u00e4\u00e4 pikkulasten huomion. 6. Ohjekirja<\/p>\n","protected":false},"excerpt":{"rendered":"<p>Tooky Toy -oppimispakkaus on suunniteltu 3\u20135 kuukauden ik\u00e4isille vauvoille. Se sis\u00e4lt\u00e4\u00e4 viisi aistien kehityst\u00e4 tukevaa ja Montessori-oppimispakkausta, jotka tukevat lapsen tervett\u00e4 psykomotorista kehityst\u00e4 ja stimuloivat aisteja: n\u00e4k\u00f6\u00e4, tuntoa ja kuuloa. Se kehitt\u00e4\u00e4 my\u00f6s loogista ajattelua ja k\u00e4si-silm\u00e4-koordinaatiota. Pakkauksessa on my\u00f6s yksityiskohtainen opas vanhemmille, jossa kerrotaan, milloin lelu kannattaa esitell\u00e4 vauvalle ja miten sill\u00e4 leikit\u00e4\u00e4n. Tooky [&hellip;]<\/p>\n","protected":false},"featured_media":0,"comment_status":"open","ping_status":"closed","template":"","meta":[],"product_brand":[],"product_cat":[32],"product_tag":[],"class_list":{"0":"post-29723","1":"product","2":"type-product","3":"status-publish","5":"product_cat-uncategorized-fi","7":"first","8":"instock","9":"shipping-taxable","10":"purchasable","11":"product-type-simple"},"_links":{"self":[{"href":"https:\/\/nordicmart.andreevmaster.com\/fi\/wp-json\/wp\/v2\/product\/29723","targetHints":{"allow":["GET"]}}],"collection":[{"href":"https:\/\/nordicmart.andreevmaster.com\/fi\/wp-json\/wp\/v2\/product"}],"about":[{"href":"https:\/\/nordicmart.andreevmaster.com\/fi\/wp-json\/wp\/v2\/types\/product"}],"replies":[{"embeddable":true,"href":"https:\/\/nordicmart.andreevmaster.com\/fi\/wp-json\/wp\/v2\/comments?post=29723"}],"wp:attachment":[{"href":"https:\/\/nordicmart.andreevmaster.com\/fi\/wp-json\/wp\/v2\/media?parent=29723"}],"wp:term":[{"taxonomy":"product_brand","embeddable":true,"href":"https:\/\/nordicmart.andreevmaster.com\/fi\/wp-json\/wp\/v2\/product_brand?post=29723"},{"taxonomy":"product_cat","embeddable":true,"href":"https:\/\/nordicmart.andreevmaster.com\/fi\/wp-json\/wp\/v2\/product_cat?post=29723"},{"taxonomy":"product_tag","embeddable":true,"href":"https:\/\/nordicmart.andreevmaster.com\/fi\/wp-json\/wp\/v2\/product_tag?post=29723"}],"curies":[{"name":"wp","href":"https:\/\/api.w.org\/{rel}","templated":true}]}}