{"id":29722,"date":"2026-02-27T00:07:41","date_gmt":"2026-02-27T00:07:41","guid":{"rendered":"https:\/\/nordicmart.andreevmaster.com\/product\/songmics-bambusta-valmistettu-saadettava-kylpyammeen-hylly-kylpyammeen-hyllyt-juomatelineella-kirjatelineella\/"},"modified":"2026-02-27T09:31:54","modified_gmt":"2026-02-27T09:31:54","slug":"songmics-bambusta-valmistettu-saadettava-kylpyammeen-hylly-kylpyammeen-hyllyt-juomatelineella-kirjatelineella","status":"publish","type":"product","link":"https:\/\/nordicmart.andreevmaster.com\/fi\/tuote\/songmics-bambusta-valmistettu-saadettava-kylpyammeen-hylly-kylpyammeen-hyllyt-juomatelineella-kirjatelineella\/","title":{"rendered":"SONGMICS Bambusta valmistettu, s\u00e4\u00e4dett\u00e4v\u00e4 kylpyammeen hylly, kylpyammeen hyllyt, juomatelineell\u00e4, kirjatelineell\u00e4"},"content":{"rendered":"<p>Tuotetiedot: &#8211; V\u00e4ri: luonnonv\u00e4ri &#8211; Materiaali: bambu &#8211; Kantavuus: 3 kg &#8211; Mitat: 75\u2013109 x 4,5 x 23 cm (L x K x S) &#8211; Paino: 1,96 kg Toimitus sis\u00e4lt\u00e4\u00e4: &#8211; 1 x kylpyammeen hylly Huomautukset:  &#8211; Pyyhi ennen k\u00e4ytt\u00f6\u00e4 kostealla liinalla bambukuidut pois pinnalta.<\/p>\n","protected":false},"excerpt":{"rendered":"<p>Ulosvedett\u00e4v\u00e4 kylpyammeen hylly bambusta, s\u00e4\u00e4dett\u00e4v\u00e4 kylpyammeen hylly, kylpyammeen hyllyt, juomateline, kirjatuki, saippuateline, luonnonv\u00e4ri<\/p>\n","protected":false},"featured_media":39146,"comment_status":"open","ping_status":"closed","template":"","meta":[],"product_brand":[],"product_cat":[32],"product_tag":[],"class_list":{"0":"post-29722","1":"product","2":"type-product","3":"status-publish","4":"has-post-thumbnail","6":"product_cat-uncategorized-fi","8":"first","9":"instock","10":"shipping-taxable","11":"purchasable","12":"product-type-simple"},"_links":{"self":[{"href":"https:\/\/nordicmart.andreevmaster.com\/fi\/wp-json\/wp\/v2\/product\/29722","targetHints":{"allow":["GET"]}}],"collection":[{"href":"https:\/\/nordicmart.andreevmaster.com\/fi\/wp-json\/wp\/v2\/product"}],"about":[{"href":"https:\/\/nordicmart.andreevmaster.com\/fi\/wp-json\/wp\/v2\/types\/product"}],"replies":[{"embeddable":true,"href":"https:\/\/nordicmart.andreevmaster.com\/fi\/wp-json\/wp\/v2\/comments?post=29722"}],"wp:featuredmedia":[{"embeddable":true,"href":"https:\/\/nordicmart.andreevmaster.com\/fi\/wp-json\/wp\/v2\/media\/39146"}],"wp:attachment":[{"href":"https:\/\/nordicmart.andreevmaster.com\/fi\/wp-json\/wp\/v2\/media?parent=29722"}],"wp:term":[{"taxonomy":"product_brand","embeddable":true,"href":"https:\/\/nordicmart.andreevmaster.com\/fi\/wp-json\/wp\/v2\/product_brand?post=29722"},{"taxonomy":"product_cat","embeddable":true,"href":"https:\/\/nordicmart.andreevmaster.com\/fi\/wp-json\/wp\/v2\/product_cat?post=29722"},{"taxonomy":"product_tag","embeddable":true,"href":"https:\/\/nordicmart.andreevmaster.com\/fi\/wp-json\/wp\/v2\/product_tag?post=29722"}],"curies":[{"name":"wp","href":"https:\/\/api.w.org\/{rel}","templated":true}]}}