{"id":29716,"date":"2026-02-27T00:07:40","date_gmt":"2026-02-27T00:07:40","guid":{"rendered":"https:\/\/nordicmart.andreevmaster.com\/product\/songmics-kylpyhuonehylly-kylpyhuonehylly-keittiohylly\/"},"modified":"2026-02-27T09:31:53","modified_gmt":"2026-02-27T09:31:53","slug":"songmics-kylpyhuonehylly-kylpyhuonehylly-keittiohylly","status":"publish","type":"product","link":"https:\/\/nordicmart.andreevmaster.com\/fi\/tuote\/songmics-kylpyhuonehylly-kylpyhuonehylly-keittiohylly\/","title":{"rendered":"SONGMICS kylpyhuonehylly, kylpyhuonehylly, keitti\u00f6hylly"},"content":{"rendered":"<p>Miten tyylik\u00e4s koriste: luonnollisesta bambusta valmistettu moderni hylly tuo raikkautta kotiisi. Viidell\u00e4 s\u00e4\u00e4dett\u00e4v\u00e4ll\u00e4 hyllytasolla varustettu hylly tarjoaa joustavan s\u00e4ilytystilan ja s\u00e4\u00e4st\u00e4\u00e4 tilaa kapean muotonsa ansiosta. Hanki t\u00e4m\u00e4 monik\u00e4ytt\u00f6inen hylly ja vapauta kotisi kaaoksesta!T\u00e4m\u00e4n hyllyn kanssa mik\u00e4\u00e4n ei voi menn\u00e4 pieleen: bambu on paitsi uusiutuva raaka-aine, my\u00f6s kest\u00e4v\u00e4, helppohoitoinen ja eritt\u00e4in kest\u00e4v\u00e4 materiaali. Sijoita t\u00e4m\u00e4 bambuhylly sinne, miss\u00e4 sit\u00e4 tarvitset, ja se on suuri apu s\u00e4ilytystilana \u2013 olohuoneessa, ty\u00f6huoneessa, eteisess\u00e4, keitti\u00f6ss\u00e4, parvekkeella jne. Tuotetiedot:V\u00e4ri: valkoinen-luonnonv\u00e4ri Materiaali: bambu Koko: 60 x 26 x 130 cm (P x L x K) Paino: 5,76 kg Maks. staattinen kantavuus hylly\u00e4 kohti: 10 kg Toimitus sis\u00e4lt\u00e4\u00e4: 1 x bambuhylly 5 tasolla 1 x kaatumissuoja 1 x s\u00e4ilytysastia lis\u00e4varusteilla SONGMICS-ohjeet:T\u00e4m\u00e4 tuote on kiinnitett\u00e4v\u00e4 sein\u00e4\u00e4n mukana toimitetulla kaatumissuojalla kaatumisen est\u00e4miseksi. Pyyhi tuote p\u00e4ivitt\u00e4in kostealla liinalla.<\/p>\n","protected":false},"excerpt":{"rendered":"<p>SONGMICS kylpyhuonehylly, kylpyhuonehylly, lattiateline, keitti\u00f6hylly, kukkiteline, bambusta valmistettu kirjahylly, 5 hylly\u00e4, s\u00e4\u00e4dett\u00e4v\u00e4t hyllytasot, 60 x 26 x 130 cm BCB35Y<\/p>\n","protected":false},"featured_media":39140,"comment_status":"open","ping_status":"closed","template":"","meta":[],"product_brand":[],"product_cat":[32],"product_tag":[],"class_list":{"0":"post-29716","1":"product","2":"type-product","3":"status-publish","4":"has-post-thumbnail","6":"product_cat-uncategorized-fi","8":"first","9":"instock","10":"shipping-taxable","11":"purchasable","12":"product-type-simple"},"_links":{"self":[{"href":"https:\/\/nordicmart.andreevmaster.com\/fi\/wp-json\/wp\/v2\/product\/29716","targetHints":{"allow":["GET"]}}],"collection":[{"href":"https:\/\/nordicmart.andreevmaster.com\/fi\/wp-json\/wp\/v2\/product"}],"about":[{"href":"https:\/\/nordicmart.andreevmaster.com\/fi\/wp-json\/wp\/v2\/types\/product"}],"replies":[{"embeddable":true,"href":"https:\/\/nordicmart.andreevmaster.com\/fi\/wp-json\/wp\/v2\/comments?post=29716"}],"wp:featuredmedia":[{"embeddable":true,"href":"https:\/\/nordicmart.andreevmaster.com\/fi\/wp-json\/wp\/v2\/media\/39140"}],"wp:attachment":[{"href":"https:\/\/nordicmart.andreevmaster.com\/fi\/wp-json\/wp\/v2\/media?parent=29716"}],"wp:term":[{"taxonomy":"product_brand","embeddable":true,"href":"https:\/\/nordicmart.andreevmaster.com\/fi\/wp-json\/wp\/v2\/product_brand?post=29716"},{"taxonomy":"product_cat","embeddable":true,"href":"https:\/\/nordicmart.andreevmaster.com\/fi\/wp-json\/wp\/v2\/product_cat?post=29716"},{"taxonomy":"product_tag","embeddable":true,"href":"https:\/\/nordicmart.andreevmaster.com\/fi\/wp-json\/wp\/v2\/product_tag?post=29716"}],"curies":[{"name":"wp","href":"https:\/\/api.w.org\/{rel}","templated":true}]}}