{"id":29707,"date":"2026-02-27T00:07:38","date_gmt":"2026-02-27T00:07:38","guid":{"rendered":"https:\/\/nordicmart.andreevmaster.com\/product\/songmics-kylpyhuonehylly-5-tasoa-kapea-seisova-hylly-monikayttoinen-sailytyshylly\/"},"modified":"2026-02-27T09:31:51","modified_gmt":"2026-02-27T09:31:51","slug":"songmics-kylpyhuonehylly-5-tasoa-kapea-seisova-hylly-monikayttoinen-sailytyshylly","status":"publish","type":"product","link":"https:\/\/nordicmart.andreevmaster.com\/fi\/tuote\/songmics-kylpyhuonehylly-5-tasoa-kapea-seisova-hylly-monikayttoinen-sailytyshylly\/","title":{"rendered":"SONGMICS kylpyhuonehylly 5 tasoa, kapea seisova hylly,  monik\u00e4ytt\u00f6inen s\u00e4ilytyshylly"},"content":{"rendered":"<p>SONGMICS kylpyhuonehylly 5 tasoa, kapea seisova hylly, bambuhylly, monik\u00e4ytt\u00f6inen s\u00e4ilytyshylly, keitti\u00f6\u00f6n, olohuoneeseen, makuuhuoneeseen, kylpyhuoneeseen, pilvinen valkoinen BCB055W01<br \/>\nTekniset tiedot:<br \/>\n&#8211; Mitat: 33 x 33 x 146 cm (S x L x K)<br \/>\n&#8211; Paino: 4,6 kg<br \/>\n&#8211; Maks. staattinen kantavuus hylly\u00e4 kohti: 10 kg<br \/>\n&#8211; Materiaali: bambu<br \/>\n&#8211; V\u00e4ri: pilvinen valkoinen-luonnonbeige<\/p>\n","protected":false},"excerpt":{"rendered":"<p>SONGMICS kylpyhuonehylly 5 tasoa, kapea seisova hylly, bambuhylly, monik\u00e4ytt\u00f6inen s\u00e4ilytyshylly, keitti\u00f6\u00f6n, olohuoneeseen, makuuhuoneeseen, kylpyhuoneeseen, pilvinen valkoinen BCB055W01<\/p>\n","protected":false},"featured_media":39131,"comment_status":"open","ping_status":"closed","template":"","meta":[],"product_brand":[],"product_cat":[32],"product_tag":[],"class_list":{"0":"post-29707","1":"product","2":"type-product","3":"status-publish","4":"has-post-thumbnail","6":"product_cat-uncategorized-fi","8":"first","9":"instock","10":"shipping-taxable","11":"purchasable","12":"product-type-simple"},"_links":{"self":[{"href":"https:\/\/nordicmart.andreevmaster.com\/fi\/wp-json\/wp\/v2\/product\/29707","targetHints":{"allow":["GET"]}}],"collection":[{"href":"https:\/\/nordicmart.andreevmaster.com\/fi\/wp-json\/wp\/v2\/product"}],"about":[{"href":"https:\/\/nordicmart.andreevmaster.com\/fi\/wp-json\/wp\/v2\/types\/product"}],"replies":[{"embeddable":true,"href":"https:\/\/nordicmart.andreevmaster.com\/fi\/wp-json\/wp\/v2\/comments?post=29707"}],"wp:featuredmedia":[{"embeddable":true,"href":"https:\/\/nordicmart.andreevmaster.com\/fi\/wp-json\/wp\/v2\/media\/39131"}],"wp:attachment":[{"href":"https:\/\/nordicmart.andreevmaster.com\/fi\/wp-json\/wp\/v2\/media?parent=29707"}],"wp:term":[{"taxonomy":"product_brand","embeddable":true,"href":"https:\/\/nordicmart.andreevmaster.com\/fi\/wp-json\/wp\/v2\/product_brand?post=29707"},{"taxonomy":"product_cat","embeddable":true,"href":"https:\/\/nordicmart.andreevmaster.com\/fi\/wp-json\/wp\/v2\/product_cat?post=29707"},{"taxonomy":"product_tag","embeddable":true,"href":"https:\/\/nordicmart.andreevmaster.com\/fi\/wp-json\/wp\/v2\/product_tag?post=29707"}],"curies":[{"name":"wp","href":"https:\/\/api.w.org\/{rel}","templated":true}]}}