{"id":29704,"date":"2026-02-27T00:07:38","date_gmt":"2026-02-27T00:07:38","guid":{"rendered":"https:\/\/nordicmart.andreevmaster.com\/product\/songmics-suihkuhylly-korkeussaadettava-kulmahylly-kylpyhuoneeseen-kylpyhuonehylly\/"},"modified":"2026-02-27T09:31:51","modified_gmt":"2026-02-27T09:31:51","slug":"songmics-suihkuhylly-korkeussaadettava-kulmahylly-kylpyhuoneeseen-kylpyhuonehylly","status":"publish","type":"product","link":"https:\/\/nordicmart.andreevmaster.com\/fi\/tuote\/songmics-suihkuhylly-korkeussaadettava-kulmahylly-kylpyhuoneeseen-kylpyhuonehylly\/","title":{"rendered":"SONGMICS Suihkuhylly, korkeuss\u00e4\u00e4dett\u00e4v\u00e4, kulmahylly kylpyhuoneeseen, kylpyhuonehylly"},"content":{"rendered":"<p>SONGMICS suihkuhylly, korkeuss\u00e4\u00e4dett\u00e4v\u00e4, ulosvedett\u00e4v\u00e4, kokonaiskorkeus 95\u2013300 cm, ruostumaton ter\u00e4s, 4 tasoa, 3 koukkua, 1 pyyheteline, hopea ja musta BCB002B01<br \/>\nTekniset tiedot:<br \/>\n&#8211; Sopiva korkeus lattiasta kattoon: 95\u2013300 cm<br \/>\n&#8211; Jalustan halkaisija: 7 cm<br \/>\n&#8211; Paino: 1,7 kg<br \/>\n&#8211; Maks. staattinen kantavuus hylly\u00e4 kohti: 2 kg<br \/>\n&#8211; Materiaali: 304 ruostumaton ter\u00e4s, PP-muovi, ABS, PVC<br \/>\n&#8211; V\u00e4ri: hopea-musta<\/p>\n","protected":false},"excerpt":{"rendered":"<p>SONGMICS suihkuhylly, korkeuss\u00e4\u00e4dett\u00e4v\u00e4, ulosvedett\u00e4v\u00e4, kokonaiskorkeus 95\u2013300 cm, ruostumaton ter\u00e4s, 4 tasoa, 3 koukkua, 1 pyyheteline, hopea ja musta BCB002B01<\/p>\n","protected":false},"featured_media":39128,"comment_status":"open","ping_status":"closed","template":"","meta":[],"product_brand":[],"product_cat":[32],"product_tag":[],"class_list":{"0":"post-29704","1":"product","2":"type-product","3":"status-publish","4":"has-post-thumbnail","6":"product_cat-uncategorized-fi","8":"first","9":"instock","10":"shipping-taxable","11":"purchasable","12":"product-type-simple"},"_links":{"self":[{"href":"https:\/\/nordicmart.andreevmaster.com\/fi\/wp-json\/wp\/v2\/product\/29704","targetHints":{"allow":["GET"]}}],"collection":[{"href":"https:\/\/nordicmart.andreevmaster.com\/fi\/wp-json\/wp\/v2\/product"}],"about":[{"href":"https:\/\/nordicmart.andreevmaster.com\/fi\/wp-json\/wp\/v2\/types\/product"}],"replies":[{"embeddable":true,"href":"https:\/\/nordicmart.andreevmaster.com\/fi\/wp-json\/wp\/v2\/comments?post=29704"}],"wp:featuredmedia":[{"embeddable":true,"href":"https:\/\/nordicmart.andreevmaster.com\/fi\/wp-json\/wp\/v2\/media\/39128"}],"wp:attachment":[{"href":"https:\/\/nordicmart.andreevmaster.com\/fi\/wp-json\/wp\/v2\/media?parent=29704"}],"wp:term":[{"taxonomy":"product_brand","embeddable":true,"href":"https:\/\/nordicmart.andreevmaster.com\/fi\/wp-json\/wp\/v2\/product_brand?post=29704"},{"taxonomy":"product_cat","embeddable":true,"href":"https:\/\/nordicmart.andreevmaster.com\/fi\/wp-json\/wp\/v2\/product_cat?post=29704"},{"taxonomy":"product_tag","embeddable":true,"href":"https:\/\/nordicmart.andreevmaster.com\/fi\/wp-json\/wp\/v2\/product_tag?post=29704"}],"curies":[{"name":"wp","href":"https:\/\/api.w.org\/{rel}","templated":true}]}}