{"id":29702,"date":"2026-02-27T00:07:38","date_gmt":"2026-02-27T00:07:38","guid":{"rendered":"https:\/\/nordicmart.andreevmaster.com\/product\/songmics-kylpyammeen-hylly-bambusta-109-cm\/"},"modified":"2026-02-27T09:31:51","modified_gmt":"2026-02-27T09:31:51","slug":"songmics-kylpyammeen-hylly-bambusta-109-cm","status":"publish","type":"product","link":"https:\/\/nordicmart.andreevmaster.com\/fi\/tuote\/songmics-kylpyammeen-hylly-bambusta-109-cm\/","title":{"rendered":"SONGMICS kylpyammeen hylly bambusta 109 cm"},"content":{"rendered":"<p>Tuotetiedot: &#8211; V\u00e4ri: luonnonv\u00e4ri &#8211; Materiaali: bambu &#8211; Kantavuus: 3 kg &#8211; Mitat: 75-109 x 4,5 x 23 cm (L x K x S) &#8211; Paino: 1,96 kg Toimitus sis\u00e4lt\u00e4\u00e4: &#8211; 1 x kylpyammeen hylly Huomautukset:  &#8211; Pyyhi ennen k\u00e4ytt\u00f6\u00e4 kostealla liinalla bambukuidut pois pinnalta.<\/p>\n","protected":false},"excerpt":{"rendered":"<p>SONGMICS Bambusta valmistettu kylpyammehylly, ulosvedett\u00e4v\u00e4, s\u00e4\u00e4dett\u00e4v\u00e4 kylpyammehylly, tarjotin juomatelineell\u00e4, kirjatuki ja saippualaatikko, (75-109) x 4,5 x 23 cm (L x K x S) BCB88Y<\/p>\n","protected":false},"featured_media":39126,"comment_status":"open","ping_status":"closed","template":"","meta":[],"product_brand":[],"product_cat":[32],"product_tag":[],"class_list":{"0":"post-29702","1":"product","2":"type-product","3":"status-publish","4":"has-post-thumbnail","6":"product_cat-uncategorized-fi","8":"first","9":"instock","10":"shipping-taxable","11":"purchasable","12":"product-type-simple"},"_links":{"self":[{"href":"https:\/\/nordicmart.andreevmaster.com\/fi\/wp-json\/wp\/v2\/product\/29702","targetHints":{"allow":["GET"]}}],"collection":[{"href":"https:\/\/nordicmart.andreevmaster.com\/fi\/wp-json\/wp\/v2\/product"}],"about":[{"href":"https:\/\/nordicmart.andreevmaster.com\/fi\/wp-json\/wp\/v2\/types\/product"}],"replies":[{"embeddable":true,"href":"https:\/\/nordicmart.andreevmaster.com\/fi\/wp-json\/wp\/v2\/comments?post=29702"}],"wp:featuredmedia":[{"embeddable":true,"href":"https:\/\/nordicmart.andreevmaster.com\/fi\/wp-json\/wp\/v2\/media\/39126"}],"wp:attachment":[{"href":"https:\/\/nordicmart.andreevmaster.com\/fi\/wp-json\/wp\/v2\/media?parent=29702"}],"wp:term":[{"taxonomy":"product_brand","embeddable":true,"href":"https:\/\/nordicmart.andreevmaster.com\/fi\/wp-json\/wp\/v2\/product_brand?post=29702"},{"taxonomy":"product_cat","embeddable":true,"href":"https:\/\/nordicmart.andreevmaster.com\/fi\/wp-json\/wp\/v2\/product_cat?post=29702"},{"taxonomy":"product_tag","embeddable":true,"href":"https:\/\/nordicmart.andreevmaster.com\/fi\/wp-json\/wp\/v2\/product_tag?post=29702"}],"curies":[{"name":"wp","href":"https:\/\/api.w.org\/{rel}","templated":true}]}}