{"id":29701,"date":"2026-02-27T00:07:37","date_gmt":"2026-02-27T00:07:37","guid":{"rendered":"https:\/\/nordicmart.andreevmaster.com\/product\/songmics-kylpyammehylly-bambu-harmaa\/"},"modified":"2026-02-27T09:31:51","modified_gmt":"2026-02-27T09:31:51","slug":"songmics-kylpyammehylly-bambu-harmaa","status":"publish","type":"product","link":"https:\/\/nordicmart.andreevmaster.com\/fi\/tuote\/songmics-kylpyammehylly-bambu-harmaa\/","title":{"rendered":"SONGMICS kylpyammehylly bambu harmaa"},"content":{"rendered":"<p>Tykk\u00e4\u00e4tk\u00f6 lukea tai katsella elokuvia kylpyammeessa? Tarvitsetko vain paikan viinilasilliselle kylpyyn menness\u00e4si? Songmics-kylpyammehylly on suunniteltu juuri sinua varten! Haluatko rentoutua kylpyhuoneessa pitk\u00e4n ty\u00f6p\u00e4iv\u00e4n j\u00e4lkeen? T\u00e4m\u00e4 kylpyammehylly t\u00e4ytt\u00e4\u00e4 varmasti tarpeesi. Kun menet kylpyhuoneeseen, voit nojata mukavasti taaksep\u00e4in ilman huolta siit\u00e4, ett\u00e4 kirjasi, puhelimesi tai iPadisi kastuvat tai k\u00e4sivartesi v\u00e4syv\u00e4t. Jos haluat luoda ylim\u00e4\u00e4r\u00e4ist\u00e4 tunnelmaa, voit laittaa hyllylle kynttil\u00e4n ja kukkia. Uppoudu vaahtokupliin ja nauti h\u00e4iri\u00f6tt\u00f6m\u00e4st\u00e4 rentouttavasta hetkest\u00e4 Songmics-kylpyammehyllyn avulla.Tuotetiedot: V\u00e4ri: harmaa Materiaali: bambu Mitat: 75-109 x 4,5 x 23 cm (L x K x S) Kantavuus: 3 kg Paino: 1,96 kg Toimitus sis\u00e4lt\u00e4\u00e4: 1 x kylpyammeen hylly SONGMICS Huomautukset: Pyyhi ennen k\u00e4ytt\u00f6\u00e4 kostealla liinalla bambukuidut pois pinnalta.<\/p>\n","protected":false},"excerpt":{"rendered":"<p>SONGMICS Bambusta valmistettu kylpyammehylly, ulosvedett\u00e4v\u00e4, s\u00e4\u00e4dett\u00e4v\u00e4 kylpyammehylly, tarjotin juomatelineell\u00e4, kirjatuki ja saippualaatikko, (75-109) x 4,5 x 23 cm (L x K x S) BCB88Y<\/p>\n","protected":false},"featured_media":39125,"comment_status":"open","ping_status":"closed","template":"","meta":[],"product_brand":[],"product_cat":[32],"product_tag":[],"class_list":{"0":"post-29701","1":"product","2":"type-product","3":"status-publish","4":"has-post-thumbnail","6":"product_cat-uncategorized-fi","8":"first","9":"instock","10":"shipping-taxable","11":"purchasable","12":"product-type-simple"},"_links":{"self":[{"href":"https:\/\/nordicmart.andreevmaster.com\/fi\/wp-json\/wp\/v2\/product\/29701","targetHints":{"allow":["GET"]}}],"collection":[{"href":"https:\/\/nordicmart.andreevmaster.com\/fi\/wp-json\/wp\/v2\/product"}],"about":[{"href":"https:\/\/nordicmart.andreevmaster.com\/fi\/wp-json\/wp\/v2\/types\/product"}],"replies":[{"embeddable":true,"href":"https:\/\/nordicmart.andreevmaster.com\/fi\/wp-json\/wp\/v2\/comments?post=29701"}],"wp:featuredmedia":[{"embeddable":true,"href":"https:\/\/nordicmart.andreevmaster.com\/fi\/wp-json\/wp\/v2\/media\/39125"}],"wp:attachment":[{"href":"https:\/\/nordicmart.andreevmaster.com\/fi\/wp-json\/wp\/v2\/media?parent=29701"}],"wp:term":[{"taxonomy":"product_brand","embeddable":true,"href":"https:\/\/nordicmart.andreevmaster.com\/fi\/wp-json\/wp\/v2\/product_brand?post=29701"},{"taxonomy":"product_cat","embeddable":true,"href":"https:\/\/nordicmart.andreevmaster.com\/fi\/wp-json\/wp\/v2\/product_cat?post=29701"},{"taxonomy":"product_tag","embeddable":true,"href":"https:\/\/nordicmart.andreevmaster.com\/fi\/wp-json\/wp\/v2\/product_tag?post=29701"}],"curies":[{"name":"wp","href":"https:\/\/api.w.org\/{rel}","templated":true}]}}