{"id":29698,"date":"2026-02-27T00:07:37","date_gmt":"2026-02-27T00:07:37","guid":{"rendered":"https:\/\/nordicmart.andreevmaster.com\/product\/songmics-bambusta-valmistettu-hyllykko-valkoinen-luonnonvari\/"},"modified":"2026-02-27T09:31:50","modified_gmt":"2026-02-27T09:31:50","slug":"songmics-bambusta-valmistettu-hyllykko-valkoinen-luonnonvari","status":"publish","type":"product","link":"https:\/\/nordicmart.andreevmaster.com\/fi\/tuote\/songmics-bambusta-valmistettu-hyllykko-valkoinen-luonnonvari\/","title":{"rendered":"SONGMICS bambusta valmistettu hyllykk\u00f6, valkoinen-luonnonv\u00e4ri"},"content":{"rendered":"<p>J\u00e4rjestyksen taika!  T\u00e4m\u00e4 tuote auttaa sinua pit\u00e4m\u00e4\u00e4n kaikki tavarasi j\u00e4rjestyksess\u00e4 makuuhuoneessa, kylpyhuoneessa, keitti\u00f6ss\u00e4, pukeutumishuoneessa tai eteisess\u00e4. Sen muotoilu ja v\u00e4riyhdistelm\u00e4 ovat aina katseenvangitsijoita. Jokainen hyllytaso kest\u00e4\u00e4 jopa 15 kg ja koko hylly jopa 36 kg. Bambu on yht\u00e4 vahvaa kuin muut puulajit, mutta paljon helpompi puhdistaa. Voit my\u00f6s suojella ymp\u00e4rist\u00f6\u00e4 paremmin, koska bambu on nopeasti uusiutuva raaka-aine. Valitse t\u00e4m\u00e4 kest\u00e4v\u00e4 tuote, niin saat kotisi j\u00e4rjestykseen ja autat samalla suojelemaan ymp\u00e4rist\u00f6\u00e4!  \u00c4l\u00e4 odota en\u00e4\u00e4, vaan hanki t\u00e4m\u00e4 hylly! Erinomainen asiakaspalvelumme vastaa kysymyksiisi s\u00e4hk\u00f6postitse 24 tunnin kuluessa. Tyytyv\u00e4isyytesi on aina etusijalla! Tuotetiedot: &#8211; V\u00e4ri: luonnonv\u00e4ri (hyllytaso) + valkoinen (runko) &#8211; Materiaali: bambu &#8211; Koko: 45 x 31,5 x 80 cm (L x S x K) &#8211; Paino: 3 kg &#8211; Maks. Kantavuus: 15 kg\/hylly, 36 kg\/kokonaispaino Toimitus sis\u00e4lt\u00e4\u00e4: &#8211; 1 x hylly &#8211; 1 x lis\u00e4varustepussi &#8211; 1 x ohjeet (DE, EN, FR, ES, IT) SONGMICS Huomautukset: &#8211; Pyyhi p\u00e4ivitt\u00e4isess\u00e4 hoidossa pehme\u00e4ll\u00e4 liinalla. &#8211; V\u00e4lt\u00e4 kosteutta ja suoraa auringonvaloa.<\/p>\n","protected":false},"excerpt":{"rendered":"<p>SONGMICS bambu keitti\u00f6hylly, leveys 45 cm, lattialla seisova hylly, kirjahylly, kylpyhuonehylly, luonnonv\u00e4ri, 3 hylly\u00e4 BCB73Y<\/p>\n","protected":false},"featured_media":39122,"comment_status":"open","ping_status":"closed","template":"","meta":[],"product_brand":[],"product_cat":[32],"product_tag":[],"class_list":{"0":"post-29698","1":"product","2":"type-product","3":"status-publish","4":"has-post-thumbnail","6":"product_cat-uncategorized-fi","8":"first","9":"instock","10":"shipping-taxable","11":"purchasable","12":"product-type-simple"},"_links":{"self":[{"href":"https:\/\/nordicmart.andreevmaster.com\/fi\/wp-json\/wp\/v2\/product\/29698","targetHints":{"allow":["GET"]}}],"collection":[{"href":"https:\/\/nordicmart.andreevmaster.com\/fi\/wp-json\/wp\/v2\/product"}],"about":[{"href":"https:\/\/nordicmart.andreevmaster.com\/fi\/wp-json\/wp\/v2\/types\/product"}],"replies":[{"embeddable":true,"href":"https:\/\/nordicmart.andreevmaster.com\/fi\/wp-json\/wp\/v2\/comments?post=29698"}],"wp:featuredmedia":[{"embeddable":true,"href":"https:\/\/nordicmart.andreevmaster.com\/fi\/wp-json\/wp\/v2\/media\/39122"}],"wp:attachment":[{"href":"https:\/\/nordicmart.andreevmaster.com\/fi\/wp-json\/wp\/v2\/media?parent=29698"}],"wp:term":[{"taxonomy":"product_brand","embeddable":true,"href":"https:\/\/nordicmart.andreevmaster.com\/fi\/wp-json\/wp\/v2\/product_brand?post=29698"},{"taxonomy":"product_cat","embeddable":true,"href":"https:\/\/nordicmart.andreevmaster.com\/fi\/wp-json\/wp\/v2\/product_cat?post=29698"},{"taxonomy":"product_tag","embeddable":true,"href":"https:\/\/nordicmart.andreevmaster.com\/fi\/wp-json\/wp\/v2\/product_tag?post=29698"}],"curies":[{"name":"wp","href":"https:\/\/api.w.org\/{rel}","templated":true}]}}