{"id":29697,"date":"2026-02-27T00:07:37","date_gmt":"2026-02-27T00:07:37","guid":{"rendered":"https:\/\/nordicmart.andreevmaster.com\/product\/vasagle-kaksioinen-kylpyhuoneen-kaappi\/"},"modified":"2026-02-27T09:31:50","modified_gmt":"2026-02-27T09:31:50","slug":"vasagle-kaksioinen-kylpyhuoneen-kaappi","status":"publish","type":"product","link":"https:\/\/nordicmart.andreevmaster.com\/fi\/tuote\/vasagle-kaksioinen-kylpyhuoneen-kaappi\/","title":{"rendered":"VASAGLE Kaksioinen kylpyhuoneen kaappi"},"content":{"rendered":"<p>Tuotetiedot: &#8211; Mitat: 60 x 80 x 30 cm (L x K x S) &#8211; Pakkauksen mitat: 87 x 36 x 19 cm &#8211; Materiaali: MDF-levy &#8211; V\u00e4ri: valkoinen &#8211; Nettopaino: 12,4 kg &#8211; Bruttopaino: 13,7 kg Toimitus sis\u00e4lt\u00e4\u00e4: &#8211; 1 x kylpyhuoneen kaappi &#8211; 1 x lis\u00e4varustepussi &#8211; 1 x ohjeet (DE, EN, IT, FR, ES)<\/p>\n","protected":false},"excerpt":{"rendered":"<p>VASAGLE kylpyhuonekaappi, kylpyhuoneen kaappi, kenk\u00e4kaappi, hyllykotelo kaksoisovilla, 2 s\u00e4\u00e4dett\u00e4v\u00e4\u00e4 hylly\u00e4, 60 x 80 x 30 cm (L x K x S), valkoinen BCB60W<\/p>\n","protected":false},"featured_media":0,"comment_status":"open","ping_status":"closed","template":"","meta":[],"product_brand":[],"product_cat":[32],"product_tag":[],"class_list":{"0":"post-29697","1":"product","2":"type-product","3":"status-publish","5":"product_cat-uncategorized-fi","7":"first","8":"instock","9":"shipping-taxable","10":"purchasable","11":"product-type-simple"},"_links":{"self":[{"href":"https:\/\/nordicmart.andreevmaster.com\/fi\/wp-json\/wp\/v2\/product\/29697","targetHints":{"allow":["GET"]}}],"collection":[{"href":"https:\/\/nordicmart.andreevmaster.com\/fi\/wp-json\/wp\/v2\/product"}],"about":[{"href":"https:\/\/nordicmart.andreevmaster.com\/fi\/wp-json\/wp\/v2\/types\/product"}],"replies":[{"embeddable":true,"href":"https:\/\/nordicmart.andreevmaster.com\/fi\/wp-json\/wp\/v2\/comments?post=29697"}],"wp:attachment":[{"href":"https:\/\/nordicmart.andreevmaster.com\/fi\/wp-json\/wp\/v2\/media?parent=29697"}],"wp:term":[{"taxonomy":"product_brand","embeddable":true,"href":"https:\/\/nordicmart.andreevmaster.com\/fi\/wp-json\/wp\/v2\/product_brand?post=29697"},{"taxonomy":"product_cat","embeddable":true,"href":"https:\/\/nordicmart.andreevmaster.com\/fi\/wp-json\/wp\/v2\/product_cat?post=29697"},{"taxonomy":"product_tag","embeddable":true,"href":"https:\/\/nordicmart.andreevmaster.com\/fi\/wp-json\/wp\/v2\/product_tag?post=29697"}],"curies":[{"name":"wp","href":"https:\/\/api.w.org\/{rel}","templated":true}]}}