{"id":29696,"date":"2026-02-27T00:07:37","date_gmt":"2026-02-27T00:07:37","guid":{"rendered":"https:\/\/nordicmart.andreevmaster.com\/product\/vasagle-kylpyhuonekaappi-harmaa\/"},"modified":"2026-02-27T09:31:50","modified_gmt":"2026-02-27T09:31:50","slug":"vasagle-kylpyhuonekaappi-harmaa","status":"publish","type":"product","link":"https:\/\/nordicmart.andreevmaster.com\/fi\/tuote\/vasagle-kylpyhuonekaappi-harmaa\/","title":{"rendered":"VASAGLE kylpyhuonekaappi, harmaa"},"content":{"rendered":"<p>Kuinka saat rauhaa olohuoneeseesi? T\u00e4ll\u00e4 kaapilla! Harmaa v\u00e4ri tuo valoa ja puhtautta olohuoneeseesi. T\u00e4m\u00e4 skandinaavistyylinen kaappi huokuu keveytt\u00e4 ja herkkyytt\u00e4 ja luo 100 % virkist\u00e4v\u00e4n ilmapiirin. Kuinka pit\u00e4\u00e4 kylpyhuone siistin\u00e4? My\u00f6s t\u00e4ll\u00e4 kaapilla! Oletko kyll\u00e4stynyt kammasi piilotteluun? Kompastutko jatkuvasti lattialle pudonneisiin suihkugeelipulloihin? S\u00e4ilyt\u00e4 kaikki tarvikkeet siististi t\u00e4ss\u00e4 2 hyllyll\u00e4 varustetussa kylpyhuonekaapissa (3 korkeusasentoa) ja pid\u00e4 kylpyhuoneesi aina valmiina. T\u00e4ydellist\u00e4! Tuotetiedot: &#8211; V\u00e4ri: harmaa &#8211; Materiaali: MDF (keskitihe\u00e4 kuitulevy) &#8211; Koko: 60 x 30 x 80 cm (P x L x K) &#8211; Paino: 13 kg Toimitus sis\u00e4lt\u00e4\u00e4:- 1 x kylpyhuonekaappi &#8211; 1 x kaatumissuoja &#8211; 1 x lis\u00e4varustepaketti &#8211; 1 x ohjeet (DE, EN, FR, ES, IT) VASAGLE-huomautukset: &#8211; Turvallisuussyist\u00e4 lapset eiv\u00e4t saa kiivet\u00e4 tuotteen p\u00e4\u00e4lle tai leikki\u00e4 sill\u00e4. &#8211; Kiinnit\u00e4 t\u00e4m\u00e4 tuote sein\u00e4\u00e4n mukana toimitetulla kaatumissuojalla turvallisen k\u00e4yt\u00f6n varmistamiseksi.<\/p>\n","protected":false},"excerpt":{"rendered":"<p>VASAGLE kylpyhuonekaappi, kylpyhuoneen kaappi, kenk\u00e4kaappi, hyllykotelo kaksoisovilla, 2 s\u00e4\u00e4dett\u00e4v\u00e4\u00e4 hylly\u00e4, 60 x 80 x 30 cm (L x K x S), valkoinen BCB60W<\/p>\n","protected":false},"featured_media":0,"comment_status":"open","ping_status":"closed","template":"","meta":[],"product_brand":[],"product_cat":[32],"product_tag":[],"class_list":{"0":"post-29696","1":"product","2":"type-product","3":"status-publish","5":"product_cat-uncategorized-fi","7":"first","8":"instock","9":"shipping-taxable","10":"purchasable","11":"product-type-simple"},"_links":{"self":[{"href":"https:\/\/nordicmart.andreevmaster.com\/fi\/wp-json\/wp\/v2\/product\/29696","targetHints":{"allow":["GET"]}}],"collection":[{"href":"https:\/\/nordicmart.andreevmaster.com\/fi\/wp-json\/wp\/v2\/product"}],"about":[{"href":"https:\/\/nordicmart.andreevmaster.com\/fi\/wp-json\/wp\/v2\/types\/product"}],"replies":[{"embeddable":true,"href":"https:\/\/nordicmart.andreevmaster.com\/fi\/wp-json\/wp\/v2\/comments?post=29696"}],"wp:attachment":[{"href":"https:\/\/nordicmart.andreevmaster.com\/fi\/wp-json\/wp\/v2\/media?parent=29696"}],"wp:term":[{"taxonomy":"product_brand","embeddable":true,"href":"https:\/\/nordicmart.andreevmaster.com\/fi\/wp-json\/wp\/v2\/product_brand?post=29696"},{"taxonomy":"product_cat","embeddable":true,"href":"https:\/\/nordicmart.andreevmaster.com\/fi\/wp-json\/wp\/v2\/product_cat?post=29696"},{"taxonomy":"product_tag","embeddable":true,"href":"https:\/\/nordicmart.andreevmaster.com\/fi\/wp-json\/wp\/v2\/product_tag?post=29696"}],"curies":[{"name":"wp","href":"https:\/\/api.w.org\/{rel}","templated":true}]}}