{"id":29695,"date":"2026-02-27T00:07:36","date_gmt":"2026-02-27T00:07:36","guid":{"rendered":"https:\/\/nordicmart.andreevmaster.com\/product\/songmics-bambu-5-hyllya-33-x-33-x-146-cm-kapea\/"},"modified":"2026-02-27T09:31:50","modified_gmt":"2026-02-27T09:31:50","slug":"songmics-bambu-5-hyllya-33-x-33-x-146-cm-kapea","status":"publish","type":"product","link":"https:\/\/nordicmart.andreevmaster.com\/fi\/tuote\/songmics-bambu-5-hyllya-33-x-33-x-146-cm-kapea\/","title":{"rendered":"SONGMICS bambu 5 hylly\u00e4 33 x 33 x 146 cm kapea"},"content":{"rendered":"<p>Tarvitsetko varastohyllyn, johon voit s\u00e4ilytt\u00e4\u00e4 lukuisia esineit\u00e4 k\u00e4den ulottuvilla ja joka on niin tukeva, ett\u00e4 voit k\u00e4ytt\u00e4\u00e4 sit\u00e4 vuosien ajan? Haluatko lis\u00e4ksi maksimoida kodin v\u00e4h\u00e4isen s\u00e4ilytystilan? Kokeile sitten t\u00e4t\u00e4 SONGMICS-bambu-hylly\u00e4! Se ei pet\u00e4 sinua koskaan.  Bambu tekee eron Mit\u00e4 ajattelet, kun n\u00e4et bambua? Luonnollista materiaalia? Aivan, mutta se ei ole kaikki! Bambu on my\u00f6s kulutusta kest\u00e4v\u00e4\u00e4 ja k\u00e4ytt\u00e4j\u00e4yst\u00e4v\u00e4llist\u00e4. Materiaali on lis\u00e4ksi pitk\u00e4ik\u00e4ist\u00e4 ja s\u00e4ilytt\u00e4\u00e4 tyylikk\u00e4\u00e4n ulkon\u00e4k\u00f6ns\u00e4 vuosienkin kuluttua. Katseenvangitsija kaikkialla! Kauniin, hyvin viimeistellyn bambupinnan ansiosta t\u00e4m\u00e4 hylly tuo kotiisi luonnollisen ja silti tyylikk\u00e4\u00e4n ilmeen. Valokuvakehyksist\u00e4 ja suihkugeeleist\u00e4 kasveihin ja keitti\u00f6v\u00e4lineisiin \u2013 kaikki l\u00f6yt\u00e4\u00e4 paikkansa t\u00e4lt\u00e4 hyllylt\u00e4. Olipa kyseess\u00e4 olohuone, kylpyhuone, eteinen tai keitti\u00f6 \u2013 kokeile, miss\u00e4 hylly sopii parhaiten, ja kerro se meille arvosteluissa! Tuotetiedot: &#8211; V\u00e4ri: luonnonv\u00e4ri &#8211; Materiaali: bambu &#8211; Tuotteen koko: 33 x 33 x 146 cm (P x L x S) &#8211; Hyllyjen v\u00e4linen et\u00e4isyys: 13 cm &#8211; Paino: 4,6 kg  Toimitus sis\u00e4lt\u00e4\u00e4: &#8211; 1 x bambuhylly &#8211; 1 x kuusiokoloavain &#8211; 1 x ohjeet (DE, EN, FR, ES, IT)  SONGMICS-ohjeet &#8211; Suosittelemme kiinnitt\u00e4m\u00e4\u00e4n hyllyn sein\u00e4\u00e4n mukana toimitetulla kaatumissuojalla turvallisuuden lis\u00e4\u00e4miseksi. <\/p>\n","protected":false},"excerpt":{"rendered":"<p>SONGMICS 5-tasoinen kylpyhuonehylly bambusta, lattialla seisova hylly, keitti\u00f6hylly, 33 x 33 x 146 cm, kapea ahtaisiin tiloihin, olohuoneeseen, makuuhuoneeseen BCB55Y<\/p>\n","protected":false},"featured_media":39121,"comment_status":"open","ping_status":"closed","template":"","meta":[],"product_brand":[],"product_cat":[32],"product_tag":[],"class_list":{"0":"post-29695","1":"product","2":"type-product","3":"status-publish","4":"has-post-thumbnail","6":"product_cat-uncategorized-fi","8":"first","9":"instock","10":"shipping-taxable","11":"purchasable","12":"product-type-simple"},"_links":{"self":[{"href":"https:\/\/nordicmart.andreevmaster.com\/fi\/wp-json\/wp\/v2\/product\/29695","targetHints":{"allow":["GET"]}}],"collection":[{"href":"https:\/\/nordicmart.andreevmaster.com\/fi\/wp-json\/wp\/v2\/product"}],"about":[{"href":"https:\/\/nordicmart.andreevmaster.com\/fi\/wp-json\/wp\/v2\/types\/product"}],"replies":[{"embeddable":true,"href":"https:\/\/nordicmart.andreevmaster.com\/fi\/wp-json\/wp\/v2\/comments?post=29695"}],"wp:featuredmedia":[{"embeddable":true,"href":"https:\/\/nordicmart.andreevmaster.com\/fi\/wp-json\/wp\/v2\/media\/39121"}],"wp:attachment":[{"href":"https:\/\/nordicmart.andreevmaster.com\/fi\/wp-json\/wp\/v2\/media?parent=29695"}],"wp:term":[{"taxonomy":"product_brand","embeddable":true,"href":"https:\/\/nordicmart.andreevmaster.com\/fi\/wp-json\/wp\/v2\/product_brand?post=29695"},{"taxonomy":"product_cat","embeddable":true,"href":"https:\/\/nordicmart.andreevmaster.com\/fi\/wp-json\/wp\/v2\/product_cat?post=29695"},{"taxonomy":"product_tag","embeddable":true,"href":"https:\/\/nordicmart.andreevmaster.com\/fi\/wp-json\/wp\/v2\/product_tag?post=29695"}],"curies":[{"name":"wp","href":"https:\/\/api.w.org\/{rel}","templated":true}]}}