{"id":29694,"date":"2026-02-27T00:07:36","date_gmt":"2026-02-27T00:07:36","guid":{"rendered":"https:\/\/nordicmart.andreevmaster.com\/product\/4-tasoiset-monikayttoiset-kylpyhuoneen-hyllyt-100-bambu-sailytysyksikko-2\/"},"modified":"2026-02-27T09:31:50","modified_gmt":"2026-02-27T09:31:50","slug":"4-tasoiset-monikayttoiset-kylpyhuoneen-hyllyt-100-bambu-sailytysyksikko-2","status":"publish","type":"product","link":"https:\/\/nordicmart.andreevmaster.com\/fi\/tuote\/4-tasoiset-monikayttoiset-kylpyhuoneen-hyllyt-100-bambu-sailytysyksikko-2\/","title":{"rendered":"4-tasoiset monik\u00e4ytt\u00f6iset kylpyhuoneen hyllyt 100% bambu s\u00e4ilytysyksikk\u00f6"},"content":{"rendered":"<p>Monik\u00e4ytt\u00f6inen bambuhylly: 100 % luonnon bambua, ymp\u00e4rist\u00f6yst\u00e4v\u00e4llinen ja kest\u00e4v\u00e4; 4-portainen hyllyteline ja s\u00e4ilytys kylpyhuoneen esineille, pyyhkeille, sekatavaroille, koriste-esineille, nikkaroille, kengille, kirjoille, kasveille, mausteille ja pienille vempaimille kylpyhuoneessa, olohuoneessa, parvekkeella, keitti\u00f6ss\u00e4 jne.Huolellinen ty\u00f6st\u00f6, k\u00e4yt\u00e4 sit\u00e4 haluamallasi tavalla: luonnollinen ja sile\u00e4 viimeistely, py\u00f6ristetyt kulmat, suojaa perhett\u00e4si naarmuuntumiselta, erityisesti lapsia. Voit poistaa tason korkeille esineille.<\/p>\n<p>Harkitut lis\u00e4varusteet: 4 liukumatonta tyyny\u00e4 jokaisen jalan alaosassa suojaamaan lattiaa naarmuilta.<\/p>\n<p>Helppo kokoaminen ja purkaminen: Ruosteenesto ja kest\u00e4v\u00e4t ruuvit, voidaan asentaa ja purkaa toistuvasti, ty\u00f6kalut mukana.Tilaa s\u00e4\u00e4st\u00e4v\u00e4 s\u00e4ilytysteline: Tuotteen koko: 38 5\/8 &#8221;L x 12 7\/8&#8221; W x 12 7\/8 &#8221;H, ohut luku olla miss\u00e4 tahansa sopivassa paikassa talossasi.<\/p>\n<p>Tekniset tiedot:<\/p>\n<p>V\u00e4ri: Luonnollinen<br \/>\nMateriaali: Materiaali: Bambu<br \/>\nTuotteen koko: 13 &#8221;D x 13&#8221; W x 38,6 &#8221;H (33 x 33 x 98 cm).Kunkin tason korkeus: 9,8&#8243; (25 cm).<br \/>\nViimeisen tason ja lattian v\u00e4linen korkeus: 13 cm (5,1&#8221;).Tuotteen paino: 3,4 kg (7,5 lb).<br \/>\nPakkauksen sis\u00e4lt\u00f6:<\/p>\n<p>1 x bambuhylly<br \/>\n1 x tarvikepussi<br \/>\n1 x Anti-Tip Kit<br \/>\n1 x Ohjeet<\/p>\n","protected":false},"excerpt":{"rendered":"<p>Monik\u00e4ytt\u00f6inen bambuhylly: 100 % luonnon bambua, ymp\u00e4rist\u00f6yst\u00e4v\u00e4llinen ja kest\u00e4v\u00e4; 4-portainen hyllyteline ja s\u00e4ilytys kylpyhuoneen esineille, pyyhkeille, sekatavaroille, koriste-esineille, nikkaroille, kengille, kirjoille, kasveille, mausteille ja pienille vempaimille kylpyhuoneessa, olohuoneessa, parvekkeella, keitti\u00f6ss\u00e4 jne.Huolellinen ty\u00f6st\u00f6, k\u00e4yt\u00e4 sit\u00e4 haluamallasi tavalla: luonnollinen ja sile\u00e4 viimeistely, py\u00f6ristetyt kulmat, suojaa perhett\u00e4si naarmuuntumiselta, erityisesti lapsia. Voit poistaa tason korkeille esineille. Harkitut lis\u00e4varusteet: 4 [&hellip;]<\/p>\n","protected":false},"featured_media":0,"comment_status":"open","ping_status":"closed","template":"","meta":[],"product_brand":[],"product_cat":[32],"product_tag":[],"class_list":{"0":"post-29694","1":"product","2":"type-product","3":"status-publish","5":"product_cat-uncategorized-fi","7":"first","8":"instock","9":"shipping-taxable","10":"product-type-simple"},"_links":{"self":[{"href":"https:\/\/nordicmart.andreevmaster.com\/fi\/wp-json\/wp\/v2\/product\/29694","targetHints":{"allow":["GET"]}}],"collection":[{"href":"https:\/\/nordicmart.andreevmaster.com\/fi\/wp-json\/wp\/v2\/product"}],"about":[{"href":"https:\/\/nordicmart.andreevmaster.com\/fi\/wp-json\/wp\/v2\/types\/product"}],"replies":[{"embeddable":true,"href":"https:\/\/nordicmart.andreevmaster.com\/fi\/wp-json\/wp\/v2\/comments?post=29694"}],"wp:attachment":[{"href":"https:\/\/nordicmart.andreevmaster.com\/fi\/wp-json\/wp\/v2\/media?parent=29694"}],"wp:term":[{"taxonomy":"product_brand","embeddable":true,"href":"https:\/\/nordicmart.andreevmaster.com\/fi\/wp-json\/wp\/v2\/product_brand?post=29694"},{"taxonomy":"product_cat","embeddable":true,"href":"https:\/\/nordicmart.andreevmaster.com\/fi\/wp-json\/wp\/v2\/product_cat?post=29694"},{"taxonomy":"product_tag","embeddable":true,"href":"https:\/\/nordicmart.andreevmaster.com\/fi\/wp-json\/wp\/v2\/product_tag?post=29694"}],"curies":[{"name":"wp","href":"https:\/\/api.w.org\/{rel}","templated":true}]}}