{"id":29693,"date":"2026-02-27T00:07:36","date_gmt":"2026-02-27T00:07:36","guid":{"rendered":"https:\/\/nordicmart.andreevmaster.com\/product\/songmics-kylpyhuonehylly-bambusta-5-hyllya\/"},"modified":"2026-02-27T09:31:50","modified_gmt":"2026-02-27T09:31:50","slug":"songmics-kylpyhuonehylly-bambusta-5-hyllya","status":"publish","type":"product","link":"https:\/\/nordicmart.andreevmaster.com\/fi\/tuote\/songmics-kylpyhuonehylly-bambusta-5-hyllya\/","title":{"rendered":"SONGMICS kylpyhuonehylly bambusta, 5 hylly\u00e4"},"content":{"rendered":"<p>Tuotetiedot:  &#8211; Materiaali: bambu  &#8211; Mitat: 60 x 130 x 26 cm (L x K x S)  &#8211; Kahden hyllyn v\u00e4linen et\u00e4isyys: 28 cm  &#8211; V\u00e4ri: bambunv\u00e4rinen  &#8211; Paino: 7 kgToimitus sis\u00e4lt\u00e4\u00e4:- 1 x kylpyhuonehylly- 1 x ohjeet- 1 x lis\u00e4varustesarja<\/p>\n","protected":false},"excerpt":{"rendered":"<p>SONGMICS kylpyhuonehylly, kylpyhuonehylly, lattialla seisova hylly, keitti\u00f6hylly, kukkiteline, bambusta valmistettu kirjahylly, 5 hylly\u00e4, s\u00e4\u00e4dett\u00e4v\u00e4t hyllytasot, 60 x 26 x 130 cm BCB35Y<\/p>\n","protected":false},"featured_media":39120,"comment_status":"open","ping_status":"closed","template":"","meta":[],"product_brand":[],"product_cat":[32],"product_tag":[],"class_list":{"0":"post-29693","1":"product","2":"type-product","3":"status-publish","4":"has-post-thumbnail","6":"product_cat-uncategorized-fi","8":"first","9":"instock","10":"shipping-taxable","11":"purchasable","12":"product-type-simple"},"_links":{"self":[{"href":"https:\/\/nordicmart.andreevmaster.com\/fi\/wp-json\/wp\/v2\/product\/29693","targetHints":{"allow":["GET"]}}],"collection":[{"href":"https:\/\/nordicmart.andreevmaster.com\/fi\/wp-json\/wp\/v2\/product"}],"about":[{"href":"https:\/\/nordicmart.andreevmaster.com\/fi\/wp-json\/wp\/v2\/types\/product"}],"replies":[{"embeddable":true,"href":"https:\/\/nordicmart.andreevmaster.com\/fi\/wp-json\/wp\/v2\/comments?post=29693"}],"wp:featuredmedia":[{"embeddable":true,"href":"https:\/\/nordicmart.andreevmaster.com\/fi\/wp-json\/wp\/v2\/media\/39120"}],"wp:attachment":[{"href":"https:\/\/nordicmart.andreevmaster.com\/fi\/wp-json\/wp\/v2\/media?parent=29693"}],"wp:term":[{"taxonomy":"product_brand","embeddable":true,"href":"https:\/\/nordicmart.andreevmaster.com\/fi\/wp-json\/wp\/v2\/product_brand?post=29693"},{"taxonomy":"product_cat","embeddable":true,"href":"https:\/\/nordicmart.andreevmaster.com\/fi\/wp-json\/wp\/v2\/product_cat?post=29693"},{"taxonomy":"product_tag","embeddable":true,"href":"https:\/\/nordicmart.andreevmaster.com\/fi\/wp-json\/wp\/v2\/product_tag?post=29693"}],"curies":[{"name":"wp","href":"https:\/\/api.w.org\/{rel}","templated":true}]}}