{"id":29690,"date":"2026-02-27T00:07:35","date_gmt":"2026-02-27T00:07:35","guid":{"rendered":"https:\/\/nordicmart.andreevmaster.com\/product\/songmics-bambusta-valmistettu-kylpyhuonehylly\/"},"modified":"2026-02-27T09:31:49","modified_gmt":"2026-02-27T09:31:49","slug":"songmics-bambusta-valmistettu-kylpyhuonehylly","status":"publish","type":"product","link":"https:\/\/nordicmart.andreevmaster.com\/fi\/tuote\/songmics-bambusta-valmistettu-kylpyhuonehylly\/","title":{"rendered":"SONGMICS bambusta valmistettu kylpyhuonehylly"},"content":{"rendered":"<p>Songmicsin bambuhylly on optimaalinen yhdistelm\u00e4 toiminnallisuutta ja muotoilua! Vankka ja kest\u00e4v\u00e4 hylly on valmistettu korkealaatuisesta bambusta. Bambu on nopeasti uusiutuva raaka-aine ja siten ymp\u00e4rist\u00f6yst\u00e4v\u00e4llinen vaihtoehto muille materiaaleille. Lakkaus suojaa bambua lis\u00e4ksi kosteudelta. Sopiva ruuvisarja ja asennusohjeet toimitetaan mukana. Siksi se on eritt\u00e4in helppo koota. Kaksi hylly\u00e4 ovat eri korkuisia ja sopivat erikokoisille esineille.  T\u00e4m\u00e4 kaunis hylly tuo kodikasta mukavuutta.  Moderni ja ajaton hylly tarjoaa runsaasti tilaa p\u00e4ivitt\u00e4isten tarvikkeiden s\u00e4ilytt\u00e4miseen ja on samalla katseenvangitsija kodissasi! Huomautukset: 1. Noudata asennusohjeita kokoamisessa. \u00c4l\u00e4 kirist\u00e4 ruuveja liian tiukalle. Kirist\u00e4 ruuvit kunnolla vasta, kun kaikki osat on asennettu. 2. Kylpyhuoneessa vesi on poistettava ajoissa ja kenk\u00e4hylly on pidett\u00e4v\u00e4 kuivana. 3. Hylly\u00e4 on suojattava sateelta ja voimakkaalta auringonvalolta. Tuotetiedot: Materiaali: bambu Mitat: 60 x 66 x 26 cm (L x K x S) V\u00e4ri: bambunv\u00e4rinen Paino: 4,5 kg Toimitus sis\u00e4lt\u00e4\u00e4: 1 x kylpyhuonehylly 1 x ohjeet 1 x lis\u00e4varustesarja<\/p>\n","protected":false},"excerpt":{"rendered":"<p>SONGMICS kylpyhuonehylly, kylpyhuonehylly, keitti\u00f6hylly, kenk\u00e4hylly, bambusta valmistettu seisomahylly, 60 x 26 x 66 cm, ihanteellinen kylpyhuoneeseen, olohuoneeseen, eteiseen, keitti\u00f6\u00f6n, parvekkeelle BCB33Y<\/p>\n","protected":false},"featured_media":39118,"comment_status":"open","ping_status":"closed","template":"","meta":[],"product_brand":[],"product_cat":[32],"product_tag":[],"class_list":{"0":"post-29690","1":"product","2":"type-product","3":"status-publish","4":"has-post-thumbnail","6":"product_cat-uncategorized-fi","8":"first","9":"instock","10":"shipping-taxable","11":"purchasable","12":"product-type-simple"},"_links":{"self":[{"href":"https:\/\/nordicmart.andreevmaster.com\/fi\/wp-json\/wp\/v2\/product\/29690","targetHints":{"allow":["GET"]}}],"collection":[{"href":"https:\/\/nordicmart.andreevmaster.com\/fi\/wp-json\/wp\/v2\/product"}],"about":[{"href":"https:\/\/nordicmart.andreevmaster.com\/fi\/wp-json\/wp\/v2\/types\/product"}],"replies":[{"embeddable":true,"href":"https:\/\/nordicmart.andreevmaster.com\/fi\/wp-json\/wp\/v2\/comments?post=29690"}],"wp:featuredmedia":[{"embeddable":true,"href":"https:\/\/nordicmart.andreevmaster.com\/fi\/wp-json\/wp\/v2\/media\/39118"}],"wp:attachment":[{"href":"https:\/\/nordicmart.andreevmaster.com\/fi\/wp-json\/wp\/v2\/media?parent=29690"}],"wp:term":[{"taxonomy":"product_brand","embeddable":true,"href":"https:\/\/nordicmart.andreevmaster.com\/fi\/wp-json\/wp\/v2\/product_brand?post=29690"},{"taxonomy":"product_cat","embeddable":true,"href":"https:\/\/nordicmart.andreevmaster.com\/fi\/wp-json\/wp\/v2\/product_cat?post=29690"},{"taxonomy":"product_tag","embeddable":true,"href":"https:\/\/nordicmart.andreevmaster.com\/fi\/wp-json\/wp\/v2\/product_tag?post=29690"}],"curies":[{"name":"wp","href":"https:\/\/api.w.org\/{rel}","templated":true}]}}