{"id":29689,"date":"2026-02-27T00:07:35","date_gmt":"2026-02-27T00:07:35","guid":{"rendered":"https:\/\/nordicmart.andreevmaster.com\/product\/songmics-3-tasoinen-kasvien-hylly\/"},"modified":"2026-02-27T09:31:49","modified_gmt":"2026-02-27T09:31:49","slug":"songmics-3-tasoinen-kasvien-hylly","status":"publish","type":"product","link":"https:\/\/nordicmart.andreevmaster.com\/fi\/tuote\/songmics-3-tasoinen-kasvien-hylly\/","title":{"rendered":"SONGMICS 3-tasoinen kasvien hylly"},"content":{"rendered":"<p>Toivota bambu tervetulleeksi kotiisi Luonnollinen materiaali? Uusiutuva? Kest\u00e4v\u00e4? N\u00e4m\u00e4 ovat vain muutamia bambun eduista. Luonnollinen materiaali on my\u00f6s kaunis katsella. Sinun ei siis tarvitse valita tyylin ja pitk\u00e4n k\u00e4ytt\u00f6i\u00e4n v\u00e4lill\u00e4! Todellinen monipuolinen tuote Sijoita t\u00e4m\u00e4 hylly minne tahansa, miss\u00e4 sit\u00e4 tarvitset: eteiseen, kylpyhuoneeseen tai parvekkeelle. Kengist\u00e4 kylpyhuonetarvikkeisiin ja ruukkukasveihin \u2013 kaikki l\u00f6yt\u00e4\u00e4 paikkansa t\u00e4lt\u00e4 hyllylt\u00e4. Tuotetiedot: &#8211; V\u00e4ri: luonnonv\u00e4ri-valkoinen &#8211; Materiaali: bambu &#8211; Koko: 60 x 26 x 66 cm (P x L x K) &#8211; Paino: 3,9 kg &#8211; Maks. staattinen kantavuus hylly\u00e4 kohti: 10 kg Toimitus sis\u00e4lt\u00e4\u00e4:- 1 x bambuhylly, 3 tasoa &#8211; 1 x kaatumissuoja &#8211; 1 x s\u00e4ilytysastia lis\u00e4varusteilla SONGICSin ohjeet: &#8211; T\u00e4m\u00e4 tuote tulee kiinnitt\u00e4\u00e4 sein\u00e4\u00e4n kaatumissuojalla kaatumisen est\u00e4miseksi. &#8211; \u00c4l\u00e4 sijoita tuotetta pitk\u00e4ksi aikaa kosteaan ymp\u00e4rist\u00f6\u00f6n. &#8211; Lapset eiv\u00e4t saa kiivet\u00e4 tuotteelle tai leikki\u00e4 sill\u00e4. Tuotekuvaus<\/p>\n","protected":false},"excerpt":{"rendered":"<p>SONGMICS kylpyhuonehylly, kylpyhuonehylly, keitti\u00f6hylly, kenk\u00e4hylly, bambusta valmistettu seisomahylly, 60 x 26 x 66 cm, ihanteellinen kylpyhuoneeseen, olohuoneeseen, eteiseen, keitti\u00f6\u00f6n, parvekkeelle BCB33Y<\/p>\n","protected":false},"featured_media":39117,"comment_status":"open","ping_status":"closed","template":"","meta":[],"product_brand":[],"product_cat":[32],"product_tag":[],"class_list":{"0":"post-29689","1":"product","2":"type-product","3":"status-publish","4":"has-post-thumbnail","6":"product_cat-uncategorized-fi","8":"first","9":"instock","10":"shipping-taxable","11":"purchasable","12":"product-type-simple"},"_links":{"self":[{"href":"https:\/\/nordicmart.andreevmaster.com\/fi\/wp-json\/wp\/v2\/product\/29689","targetHints":{"allow":["GET"]}}],"collection":[{"href":"https:\/\/nordicmart.andreevmaster.com\/fi\/wp-json\/wp\/v2\/product"}],"about":[{"href":"https:\/\/nordicmart.andreevmaster.com\/fi\/wp-json\/wp\/v2\/types\/product"}],"replies":[{"embeddable":true,"href":"https:\/\/nordicmart.andreevmaster.com\/fi\/wp-json\/wp\/v2\/comments?post=29689"}],"wp:featuredmedia":[{"embeddable":true,"href":"https:\/\/nordicmart.andreevmaster.com\/fi\/wp-json\/wp\/v2\/media\/39117"}],"wp:attachment":[{"href":"https:\/\/nordicmart.andreevmaster.com\/fi\/wp-json\/wp\/v2\/media?parent=29689"}],"wp:term":[{"taxonomy":"product_brand","embeddable":true,"href":"https:\/\/nordicmart.andreevmaster.com\/fi\/wp-json\/wp\/v2\/product_brand?post=29689"},{"taxonomy":"product_cat","embeddable":true,"href":"https:\/\/nordicmart.andreevmaster.com\/fi\/wp-json\/wp\/v2\/product_cat?post=29689"},{"taxonomy":"product_tag","embeddable":true,"href":"https:\/\/nordicmart.andreevmaster.com\/fi\/wp-json\/wp\/v2\/product_tag?post=29689"}],"curies":[{"name":"wp","href":"https:\/\/api.w.org\/{rel}","templated":true}]}}