{"id":29686,"date":"2026-02-27T00:07:35","date_gmt":"2026-02-27T00:07:35","guid":{"rendered":"https:\/\/nordicmart.andreevmaster.com\/product\/songmics-bambuhylly-3-hyllya-valkoinen\/"},"modified":"2026-02-27T09:31:48","modified_gmt":"2026-02-27T09:31:48","slug":"songmics-bambuhylly-3-hyllya-valkoinen","status":"publish","type":"product","link":"https:\/\/nordicmart.andreevmaster.com\/fi\/tuote\/songmics-bambuhylly-3-hyllya-valkoinen\/","title":{"rendered":"SONGMICS bambuhylly, 3 hylly\u00e4, valkoinen"},"content":{"rendered":"<p>T\u00e4m\u00e4 SONGMICS:n yksinkertainen bambuhylly yhdist\u00e4\u00e4 tyylikk\u00e4\u00e4n ulkon\u00e4\u00f6n ja k\u00e4yt\u00e4nn\u00f6llisyyden. Kevyen painonsa ja yksinkertaisen rakenteensa ansiosta se voidaan asentaa eteiseen kenkien, hattujen ja huivien s\u00e4ilytt\u00e4mist\u00e4 varten, kylpyhuoneeseen shampoon, pyyhkeiden ja muiden kylpyhuonetarvikkeiden s\u00e4ilytt\u00e4mist\u00e4 varten tai toimistoon paperipinojen s\u00e4ilytt\u00e4mist\u00e4 varten \u2013 monia muita k\u00e4ytt\u00f6tarkoituksia odottaa viel\u00e4 l\u00f6yt\u00e4j\u00e4\u00e4ns\u00e4. Erityisesti suunnitellut uppokantaruuvit suojaavat sinua ja perhett\u00e4si naarmuilta. SONCMICS \u2013 parempi valinta upeaan el\u00e4m\u00e4ntyyliin. Tuotetiedot: &#8211; Materiaali: bambu &#8211; Mitat: 60 x 54 x 15 cm (L x K x S) &#8211; V\u00e4ri: valkoinen Toimitus sis\u00e4lt\u00e4\u00e4: &#8211; 1 x kylpyhuonehylly &#8211; 1 x ohjeet &#8211; 1 x lis\u00e4varustesarja SONGMICS-ohjeet:- Varmista, ett\u00e4 sein\u00e4ss\u00e4 ei ole s\u00e4hk\u00f6johtoja tai vesiputkia, ennen kuin kiinnit\u00e4t hyllyn sein\u00e4\u00e4n. &#8211; Suuntaa ruuvit ohjeiden mukaisesti ja kirist\u00e4 ne vasta, kun asennus on valmis.<\/p>\n","protected":false},"excerpt":{"rendered":"<p>SONGMICS bambuhylly, korkeuss\u00e4\u00e4dett\u00e4v\u00e4, 3-tasoinen kylpyhuonehylly, sein\u00e4hylly, lattiateline, keitti\u00f6hylly, kirjahylly, 60 x 15 x 54 cm, valkoinen BCB13W<\/p>\n","protected":false},"featured_media":39114,"comment_status":"open","ping_status":"closed","template":"","meta":[],"product_brand":[],"product_cat":[32],"product_tag":[],"class_list":{"0":"post-29686","1":"product","2":"type-product","3":"status-publish","4":"has-post-thumbnail","6":"product_cat-uncategorized-fi","8":"first","9":"instock","10":"shipping-taxable","11":"purchasable","12":"product-type-simple"},"_links":{"self":[{"href":"https:\/\/nordicmart.andreevmaster.com\/fi\/wp-json\/wp\/v2\/product\/29686","targetHints":{"allow":["GET"]}}],"collection":[{"href":"https:\/\/nordicmart.andreevmaster.com\/fi\/wp-json\/wp\/v2\/product"}],"about":[{"href":"https:\/\/nordicmart.andreevmaster.com\/fi\/wp-json\/wp\/v2\/types\/product"}],"replies":[{"embeddable":true,"href":"https:\/\/nordicmart.andreevmaster.com\/fi\/wp-json\/wp\/v2\/comments?post=29686"}],"wp:featuredmedia":[{"embeddable":true,"href":"https:\/\/nordicmart.andreevmaster.com\/fi\/wp-json\/wp\/v2\/media\/39114"}],"wp:attachment":[{"href":"https:\/\/nordicmart.andreevmaster.com\/fi\/wp-json\/wp\/v2\/media?parent=29686"}],"wp:term":[{"taxonomy":"product_brand","embeddable":true,"href":"https:\/\/nordicmart.andreevmaster.com\/fi\/wp-json\/wp\/v2\/product_brand?post=29686"},{"taxonomy":"product_cat","embeddable":true,"href":"https:\/\/nordicmart.andreevmaster.com\/fi\/wp-json\/wp\/v2\/product_cat?post=29686"},{"taxonomy":"product_tag","embeddable":true,"href":"https:\/\/nordicmart.andreevmaster.com\/fi\/wp-json\/wp\/v2\/product_tag?post=29686"}],"curies":[{"name":"wp","href":"https:\/\/api.w.org\/{rel}","templated":true}]}}