{"id":29685,"date":"2026-02-27T00:07:34","date_gmt":"2026-02-27T00:07:34","guid":{"rendered":"https:\/\/nordicmart.andreevmaster.com\/product\/songmics-saadettava-kylpyhuonehylly-2-koukulla\/"},"modified":"2026-02-27T09:31:48","modified_gmt":"2026-02-27T09:31:48","slug":"songmics-saadettava-kylpyhuonehylly-2-koukulla","status":"publish","type":"product","link":"https:\/\/nordicmart.andreevmaster.com\/fi\/tuote\/songmics-saadettava-kylpyhuonehylly-2-koukulla\/","title":{"rendered":"SONGMICS S\u00e4\u00e4dett\u00e4v\u00e4 kylpyhuonehylly 2 koukulla"},"content":{"rendered":"<p>Asenna se kylpyhuoneesi sein\u00e4lle: t\u00e4m\u00e4n kapean ja siten tilaa s\u00e4\u00e4st\u00e4v\u00e4n hyllyn avulla voit muuttaa kylpyhuoneesi tyhj\u00e4n sein\u00e4n s\u00e4ilytysihmeeksi: siihen voi siististi sijoittaa p\u00e4ivitt\u00e4isi\u00e4 tarvikkeita, kuten kasvojen puhdistusaineita, hammasharjoja, partakoneita, shampoita, suihkugeelipulloja, kylpykylpypalloja ja eteerisi\u00e4 \u00f6ljyj\u00e4. Lis\u00e4ksi alaosan tanko toimii pyyheiden ripustustelineen\u00e4 ja varmistaa, ett\u00e4 ne kuivuvat nopeasti. Lis\u00e4ksi voit ripustaa kylpysienet lis\u00e4koukkuihin. K\u00e4yt\u00e4 sit\u00e4 olohuoneessasi: Ehk\u00e4 olohuoneestasi puuttuu juuri kest\u00e4v\u00e4 s\u00e4ilytysratkaisu \u2013 miksi et kokeilisi t\u00e4t\u00e4 SONGMICS-bambuhylly\u00e4? Sen avulla voit tuoda ripauksen luontoa kotiisi. Lis\u00e4ksi t\u00e4m\u00e4 s\u00e4ilytysratkaisu sopii t\u00e4ydellisesti muihin huonekaluihisi. Tuotetiedot:V\u00e4ri: valkoinen, luonnonv\u00e4ri Materiaali: bambu, metalli Mitat: 60,5 x 54 x 20 cm (P x L x K) Paino: 1,95 kg Maks. kantavuus: 25 kg Toimitus sis\u00e4lt\u00e4\u00e4: 1 x bambuhylly 2 x koukku 1 x lis\u00e4varustepussi 1 x ohjeet (DE, EN, FR, ES, IT) SONGMICS-huomautukset:T\u00e4m\u00e4n hyllyn kantavuus on enint\u00e4\u00e4n 25 kg. \u00c4l\u00e4 aseta tuotteen p\u00e4\u00e4lle painavampia esineit\u00e4 vahingoittumisen v\u00e4ltt\u00e4miseksi. \u00c4l\u00e4 puhdista hylly\u00e4 suoraan vedell\u00e4, vaan pyyhi se kostealla liinalla. N\u00e4in v\u00e4lt\u00e4t homeen muodostumisen.<\/p>\n","protected":false},"excerpt":{"rendered":"<p>SONGMICS kylpyhuonehylly bambusta, pyyhetelineell\u00e4, s\u00e4\u00e4dett\u00e4v\u00e4 sein\u00e4hylly 2 koukulla, monik\u00e4ytt\u00f6inen, s\u00e4ilytyshylly, j\u00e4rjestelij\u00e4 kylpyhuoneeseen, olohuoneeseen, keitti\u00f6\u00f6n, valkoinen ja luonnonv\u00e4rinen BCB12WN<\/p>\n","protected":false},"featured_media":39113,"comment_status":"open","ping_status":"closed","template":"","meta":[],"product_brand":[],"product_cat":[32],"product_tag":[],"class_list":{"0":"post-29685","1":"product","2":"type-product","3":"status-publish","4":"has-post-thumbnail","6":"product_cat-uncategorized-fi","8":"first","9":"instock","10":"shipping-taxable","11":"purchasable","12":"product-type-simple"},"_links":{"self":[{"href":"https:\/\/nordicmart.andreevmaster.com\/fi\/wp-json\/wp\/v2\/product\/29685","targetHints":{"allow":["GET"]}}],"collection":[{"href":"https:\/\/nordicmart.andreevmaster.com\/fi\/wp-json\/wp\/v2\/product"}],"about":[{"href":"https:\/\/nordicmart.andreevmaster.com\/fi\/wp-json\/wp\/v2\/types\/product"}],"replies":[{"embeddable":true,"href":"https:\/\/nordicmart.andreevmaster.com\/fi\/wp-json\/wp\/v2\/comments?post=29685"}],"wp:featuredmedia":[{"embeddable":true,"href":"https:\/\/nordicmart.andreevmaster.com\/fi\/wp-json\/wp\/v2\/media\/39113"}],"wp:attachment":[{"href":"https:\/\/nordicmart.andreevmaster.com\/fi\/wp-json\/wp\/v2\/media?parent=29685"}],"wp:term":[{"taxonomy":"product_brand","embeddable":true,"href":"https:\/\/nordicmart.andreevmaster.com\/fi\/wp-json\/wp\/v2\/product_brand?post=29685"},{"taxonomy":"product_cat","embeddable":true,"href":"https:\/\/nordicmart.andreevmaster.com\/fi\/wp-json\/wp\/v2\/product_cat?post=29685"},{"taxonomy":"product_tag","embeddable":true,"href":"https:\/\/nordicmart.andreevmaster.com\/fi\/wp-json\/wp\/v2\/product_tag?post=29685"}],"curies":[{"name":"wp","href":"https:\/\/api.w.org\/{rel}","templated":true}]}}