{"id":29684,"date":"2026-02-27T00:07:34","date_gmt":"2026-02-27T00:07:34","guid":{"rendered":"https:\/\/nordicmart.andreevmaster.com\/product\/songmics-bambusta-valmistettu-kylpyammeen-hylly-valkoinen\/"},"modified":"2026-02-27T09:31:48","modified_gmt":"2026-02-27T09:31:48","slug":"songmics-bambusta-valmistettu-kylpyammeen-hylly-valkoinen","status":"publish","type":"product","link":"https:\/\/nordicmart.andreevmaster.com\/fi\/tuote\/songmics-bambusta-valmistettu-kylpyammeen-hylly-valkoinen\/","title":{"rendered":"SONGMICS bambusta valmistettu kylpyammeen hylly, valkoinen"},"content":{"rendered":"<p>Tuotetiedot: V\u00e4ri: valkoinen Materiaali: bambu Koko: (75\u2013109) x 23 x 4,5 cm (P x L x K) Paino: 2,5 kg Maks. staattinen kantavuus: 3 kg Toimitus sis\u00e4lt\u00e4\u00e4: 1 x kylpyammeen hylly SONGMICS Huomautukset: Pyyhi hylly ennen k\u00e4ytt\u00f6\u00e4 kostealla liinalla poistaaksesi irtonaiset bambukuidut.<\/p>\n","protected":false},"excerpt":{"rendered":"<p>SONGMICS Bambusta valmistettu kylpyammehylly, ulosvedett\u00e4v\u00e4, s\u00e4\u00e4dett\u00e4v\u00e4 kylpyammehylly, tarjotin juomatelineell\u00e4, kirjatuki ja saippualaatikko, (75-109) x 4,5 x 23 cm (L x K x S) BCB88Y<\/p>\n","protected":false},"featured_media":39112,"comment_status":"open","ping_status":"closed","template":"","meta":[],"product_brand":[],"product_cat":[32],"product_tag":[],"class_list":{"0":"post-29684","1":"product","2":"type-product","3":"status-publish","4":"has-post-thumbnail","6":"product_cat-uncategorized-fi","8":"first","9":"instock","10":"shipping-taxable","11":"purchasable","12":"product-type-simple"},"_links":{"self":[{"href":"https:\/\/nordicmart.andreevmaster.com\/fi\/wp-json\/wp\/v2\/product\/29684","targetHints":{"allow":["GET"]}}],"collection":[{"href":"https:\/\/nordicmart.andreevmaster.com\/fi\/wp-json\/wp\/v2\/product"}],"about":[{"href":"https:\/\/nordicmart.andreevmaster.com\/fi\/wp-json\/wp\/v2\/types\/product"}],"replies":[{"embeddable":true,"href":"https:\/\/nordicmart.andreevmaster.com\/fi\/wp-json\/wp\/v2\/comments?post=29684"}],"wp:featuredmedia":[{"embeddable":true,"href":"https:\/\/nordicmart.andreevmaster.com\/fi\/wp-json\/wp\/v2\/media\/39112"}],"wp:attachment":[{"href":"https:\/\/nordicmart.andreevmaster.com\/fi\/wp-json\/wp\/v2\/media?parent=29684"}],"wp:term":[{"taxonomy":"product_brand","embeddable":true,"href":"https:\/\/nordicmart.andreevmaster.com\/fi\/wp-json\/wp\/v2\/product_brand?post=29684"},{"taxonomy":"product_cat","embeddable":true,"href":"https:\/\/nordicmart.andreevmaster.com\/fi\/wp-json\/wp\/v2\/product_cat?post=29684"},{"taxonomy":"product_tag","embeddable":true,"href":"https:\/\/nordicmart.andreevmaster.com\/fi\/wp-json\/wp\/v2\/product_tag?post=29684"}],"curies":[{"name":"wp","href":"https:\/\/api.w.org\/{rel}","templated":true}]}}