{"id":29680,"date":"2026-02-27T00:07:33","date_gmt":"2026-02-27T00:07:33","guid":{"rendered":"https:\/\/nordicmart.andreevmaster.com\/product\/songmics-bambuhylly-3-tasoa-luonnonvari\/"},"modified":"2026-02-27T09:31:48","modified_gmt":"2026-02-27T09:31:48","slug":"songmics-bambuhylly-3-tasoa-luonnonvari","status":"publish","type":"product","link":"https:\/\/nordicmart.andreevmaster.com\/fi\/tuote\/songmics-bambuhylly-3-tasoa-luonnonvari\/","title":{"rendered":"SONGMICS bambuhylly, 3 tasoa, luonnonv\u00e4ri"},"content":{"rendered":"<p>Miten tyylik\u00e4s koriste! Luonnollisesta bambusta valmistettu moderni hylly tuo raikkautta kotiisi. 3 s\u00e4\u00e4dett\u00e4v\u00e4n hyllytasoa tarjoavat joustavan s\u00e4ilytystilan, ja kapea muoto s\u00e4\u00e4st\u00e4\u00e4 tilaa. Hanki t\u00e4m\u00e4 monik\u00e4ytt\u00f6inen hylly ja vapauta kotisi kaaoksesta!T\u00e4m\u00e4n hyllyn kanssa mik\u00e4\u00e4n ei voi menn\u00e4 pieleenBambu on paitsi uusiutuva raaka-aine, my\u00f6s kest\u00e4v\u00e4, helppohoitoinen ja eritt\u00e4in kest\u00e4v\u00e4 materiaali. Sijoita t\u00e4m\u00e4 bambuhylly sinne, miss\u00e4 sit\u00e4 tarvitset, ja se on suuri apu s\u00e4ilytystilana \u2013 olohuoneessa, makuuhuoneessa, ty\u00f6huoneessa, eteisess\u00e4, keitti\u00f6ss\u00e4 jne. Tuotetiedot: &#8211; V\u00e4ri: luonnonv\u00e4rit &#8211; Materiaali: bambu &#8211; Koko: 45 x 31,5 x 80 cm (P x L x K) &#8211; Paino: 3,3 kg &#8211; Maks. staattinen kantavuus hylly\u00e4 kohti: 15 kg Toimitus sis\u00e4lt\u00e4\u00e4: &#8211; 1 x hylly &#8211; 1 x kaatumissuoja &#8211; 1 x lis\u00e4varustepaketti &#8211; 1 x ohjeet (DE, EN, FR, ES, IT) SONGMICS-ohjeet:- Pyyhi tuote p\u00e4ivitt\u00e4in kostealla liinalla. &#8211; T\u00e4m\u00e4 tuote tulee kiinnitt\u00e4\u00e4 sein\u00e4\u00e4n kaatumissuojalla kaatumisen est\u00e4miseksi. &#8211; \u00c4l\u00e4 j\u00e4t\u00e4 tuotetta pitk\u00e4ksi aikaa kosteaan ymp\u00e4rist\u00f6\u00f6n. &#8211; Lapset eiv\u00e4t saa kiivet\u00e4 tuotteelle tai leikki\u00e4 sill\u00e4.<\/p>\n","protected":false},"excerpt":{"rendered":"<p>SONGMICS bambu keitti\u00f6hylly, leveys 45 cm, lattialla seisova hylly, kirjahylly, kylpyhuonehylly, luonnonv\u00e4ri, 3 hylly\u00e4 BCB73Y<\/p>\n","protected":false},"featured_media":39108,"comment_status":"open","ping_status":"closed","template":"","meta":[],"product_brand":[],"product_cat":[32],"product_tag":[],"class_list":{"0":"post-29680","1":"product","2":"type-product","3":"status-publish","4":"has-post-thumbnail","6":"product_cat-uncategorized-fi","8":"first","9":"instock","10":"shipping-taxable","11":"purchasable","12":"product-type-simple"},"_links":{"self":[{"href":"https:\/\/nordicmart.andreevmaster.com\/fi\/wp-json\/wp\/v2\/product\/29680","targetHints":{"allow":["GET"]}}],"collection":[{"href":"https:\/\/nordicmart.andreevmaster.com\/fi\/wp-json\/wp\/v2\/product"}],"about":[{"href":"https:\/\/nordicmart.andreevmaster.com\/fi\/wp-json\/wp\/v2\/types\/product"}],"replies":[{"embeddable":true,"href":"https:\/\/nordicmart.andreevmaster.com\/fi\/wp-json\/wp\/v2\/comments?post=29680"}],"wp:featuredmedia":[{"embeddable":true,"href":"https:\/\/nordicmart.andreevmaster.com\/fi\/wp-json\/wp\/v2\/media\/39108"}],"wp:attachment":[{"href":"https:\/\/nordicmart.andreevmaster.com\/fi\/wp-json\/wp\/v2\/media?parent=29680"}],"wp:term":[{"taxonomy":"product_brand","embeddable":true,"href":"https:\/\/nordicmart.andreevmaster.com\/fi\/wp-json\/wp\/v2\/product_brand?post=29680"},{"taxonomy":"product_cat","embeddable":true,"href":"https:\/\/nordicmart.andreevmaster.com\/fi\/wp-json\/wp\/v2\/product_cat?post=29680"},{"taxonomy":"product_tag","embeddable":true,"href":"https:\/\/nordicmart.andreevmaster.com\/fi\/wp-json\/wp\/v2\/product_tag?post=29680"}],"curies":[{"name":"wp","href":"https:\/\/api.w.org\/{rel}","templated":true}]}}