{"id":29675,"date":"2026-02-27T00:07:33","date_gmt":"2026-02-27T00:07:33","guid":{"rendered":"https:\/\/nordicmart.andreevmaster.com\/product\/songmics-bambusta-valmistettu-kylpyhuonehylly-26-x-60-x-100-cm-valkoinen\/"},"modified":"2026-02-27T09:31:47","modified_gmt":"2026-02-27T09:31:47","slug":"songmics-bambusta-valmistettu-kylpyhuonehylly-26-x-60-x-100-cm-valkoinen","status":"publish","type":"product","link":"https:\/\/nordicmart.andreevmaster.com\/fi\/tuote\/songmics-bambusta-valmistettu-kylpyhuonehylly-26-x-60-x-100-cm-valkoinen\/","title":{"rendered":"SONGMICS bambusta valmistettu kylpyhuonehylly 26 x 60 x 100 cm valkoinen"},"content":{"rendered":"<p>SONGMICS kylpyhuonehylly, kylpyhuonehylly, keitti\u00f6hylly, kenk\u00e4hylly, bambusta valmistettu lattiateline, 26 x 60 x 100 cm, ihanteellinen kylpyhuoneeseen, olohuoneeseen, eteiseen, keitti\u00f6\u00f6n, valkoinen-luonnonv\u00e4ri BCB034N01<br \/>\nV\u00e4ri: valkoinen<br \/>\nMateriaali: bambu<br \/>\nKoko: 26 x 60 x 100 cm (S x L x K)<br \/>\nPaino: 4,7 kg<br \/>\nMaks. staattinen kantavuus hylly\u00e4 kohti: 10 kg<\/p>\n","protected":false},"excerpt":{"rendered":"<p>SONGMICS kylpyhuonehylly, kylpyhuonehylly, keitti\u00f6hylly, kenk\u00e4hylly, bambusta valmistettu lattiateline, 26 x 60 x 100 cm, ihanteellinen kylpyhuoneeseen, olohuoneeseen, eteiseen, keitti\u00f6\u00f6n, valkoinen-luonnonv\u00e4ri BCB034N01<\/p>\n","protected":false},"featured_media":39103,"comment_status":"open","ping_status":"closed","template":"","meta":[],"product_brand":[],"product_cat":[32],"product_tag":[],"class_list":{"0":"post-29675","1":"product","2":"type-product","3":"status-publish","4":"has-post-thumbnail","6":"product_cat-uncategorized-fi","8":"first","9":"instock","10":"shipping-taxable","11":"purchasable","12":"product-type-simple"},"_links":{"self":[{"href":"https:\/\/nordicmart.andreevmaster.com\/fi\/wp-json\/wp\/v2\/product\/29675","targetHints":{"allow":["GET"]}}],"collection":[{"href":"https:\/\/nordicmart.andreevmaster.com\/fi\/wp-json\/wp\/v2\/product"}],"about":[{"href":"https:\/\/nordicmart.andreevmaster.com\/fi\/wp-json\/wp\/v2\/types\/product"}],"replies":[{"embeddable":true,"href":"https:\/\/nordicmart.andreevmaster.com\/fi\/wp-json\/wp\/v2\/comments?post=29675"}],"wp:featuredmedia":[{"embeddable":true,"href":"https:\/\/nordicmart.andreevmaster.com\/fi\/wp-json\/wp\/v2\/media\/39103"}],"wp:attachment":[{"href":"https:\/\/nordicmart.andreevmaster.com\/fi\/wp-json\/wp\/v2\/media?parent=29675"}],"wp:term":[{"taxonomy":"product_brand","embeddable":true,"href":"https:\/\/nordicmart.andreevmaster.com\/fi\/wp-json\/wp\/v2\/product_brand?post=29675"},{"taxonomy":"product_cat","embeddable":true,"href":"https:\/\/nordicmart.andreevmaster.com\/fi\/wp-json\/wp\/v2\/product_cat?post=29675"},{"taxonomy":"product_tag","embeddable":true,"href":"https:\/\/nordicmart.andreevmaster.com\/fi\/wp-json\/wp\/v2\/product_tag?post=29675"}],"curies":[{"name":"wp","href":"https:\/\/api.w.org\/{rel}","templated":true}]}}