{"id":29673,"date":"2026-02-27T00:07:32","date_gmt":"2026-02-27T00:07:32","guid":{"rendered":"https:\/\/nordicmart.andreevmaster.com\/product\/songmics-suihkuhylly-95-300-cm\/"},"modified":"2026-02-27T09:31:47","modified_gmt":"2026-02-27T09:31:47","slug":"songmics-suihkuhylly-95-300-cm","status":"publish","type":"product","link":"https:\/\/nordicmart.andreevmaster.com\/fi\/tuote\/songmics-suihkuhylly-95-300-cm\/","title":{"rendered":"SONGMICS suihkuhylly 95\u2013300 cm"},"content":{"rendered":"<p>Jokainen kylpyhuone tarvitsee t\u00e4m\u00e4n hyllyn: Puuttuuko sinulta s\u00e4ilytystilaa, johon voit laittaa saippuat, suihkugeelit ja kasvojen puhdistusaineet k\u00e4den ulottuville? Sitten sinun kannattaa kokeilla t\u00e4t\u00e4 SONGMICS-suihkuhylly\u00e4! T\u00e4m\u00e4 hylly, jossa on 4 hylly\u00e4 ja pyyheteline, tarjoaa sopivan paikan suihkutarvikkeillesi. Lis\u00e4ksi pesulaput ja sienet voidaan ripustaa kuivumaan siististi koukkuihin. Asennus on lastenleikki\u00e4! T\u00e4m\u00e4n kulmahyllyn asennukseen ei tarvita poraa eik\u00e4 ty\u00f6kaluja. Yhdist\u00e4 putket toisiinsa ja kiinnit\u00e4 molemmat jalat, hyllyt ja kumirenkaat. Sen j\u00e4lkeen voit kiinnitt\u00e4\u00e4 t\u00e4m\u00e4n suihkuhyllyn kylpyhuoneen nurkkaan tai kylpyammeen reunalle. Tuotetiedot: V\u00e4ri: valkoinen-hopea Materiaali: 304 ruostumaton ter\u00e4s, PP-muovi, ABS, PVC Sopiva korkeus lattiasta kattoon: 95\u2013300 cm Jalkojen halkaisija: 7 cm Paino: 1,7 kg Hyllyn enimm\u00e4iskuormitus: 2 kg Toimitus sis\u00e4lt\u00e4\u00e4: 1 x suihkuhylly 1 x ohjeet (DE, EN, FR, ES, IT) SONGMICS-huomautukset: Tuotetta ei saa k\u00e4ytt\u00e4\u00e4 kaltevalla lattialla tai katon kaltevalla pinnalla. Jokainen hylly kest\u00e4\u00e4 enint\u00e4\u00e4n 2 kg:n kuormituksen. \u00c4l\u00e4 s\u00e4ilyt\u00e4 tuotteella painavampia esineit\u00e4.<\/p>\n","protected":false},"excerpt":{"rendered":"<p>SONGMICS Suihkuhylly, korkeuss\u00e4\u00e4dett\u00e4v\u00e4, kulmahylly kylpyhuoneeseen, kylpyhuonehylly, 95\u2013300 cm, lattiasta kattoon, ruostumaton ter\u00e4s, 4 hylly\u00e4, 3 koukkua, 1 pyyheteline, valkoinen-hopea BCB02SW<\/p>\n","protected":false},"featured_media":39101,"comment_status":"open","ping_status":"closed","template":"","meta":[],"product_brand":[],"product_cat":[32],"product_tag":[],"class_list":{"0":"post-29673","1":"product","2":"type-product","3":"status-publish","4":"has-post-thumbnail","6":"product_cat-uncategorized-fi","8":"first","9":"instock","10":"shipping-taxable","11":"purchasable","12":"product-type-simple"},"_links":{"self":[{"href":"https:\/\/nordicmart.andreevmaster.com\/fi\/wp-json\/wp\/v2\/product\/29673","targetHints":{"allow":["GET"]}}],"collection":[{"href":"https:\/\/nordicmart.andreevmaster.com\/fi\/wp-json\/wp\/v2\/product"}],"about":[{"href":"https:\/\/nordicmart.andreevmaster.com\/fi\/wp-json\/wp\/v2\/types\/product"}],"replies":[{"embeddable":true,"href":"https:\/\/nordicmart.andreevmaster.com\/fi\/wp-json\/wp\/v2\/comments?post=29673"}],"wp:featuredmedia":[{"embeddable":true,"href":"https:\/\/nordicmart.andreevmaster.com\/fi\/wp-json\/wp\/v2\/media\/39101"}],"wp:attachment":[{"href":"https:\/\/nordicmart.andreevmaster.com\/fi\/wp-json\/wp\/v2\/media?parent=29673"}],"wp:term":[{"taxonomy":"product_brand","embeddable":true,"href":"https:\/\/nordicmart.andreevmaster.com\/fi\/wp-json\/wp\/v2\/product_brand?post=29673"},{"taxonomy":"product_cat","embeddable":true,"href":"https:\/\/nordicmart.andreevmaster.com\/fi\/wp-json\/wp\/v2\/product_cat?post=29673"},{"taxonomy":"product_tag","embeddable":true,"href":"https:\/\/nordicmart.andreevmaster.com\/fi\/wp-json\/wp\/v2\/product_tag?post=29673"}],"curies":[{"name":"wp","href":"https:\/\/api.w.org\/{rel}","templated":true}]}}