{"id":29671,"date":"2026-02-27T00:07:32","date_gmt":"2026-02-27T00:07:32","guid":{"rendered":"https:\/\/nordicmart.andreevmaster.com\/product\/kirjahylly-bamburungolla\/"},"modified":"2026-02-27T09:31:47","modified_gmt":"2026-02-27T09:31:47","slug":"kirjahylly-bamburungolla","status":"publish","type":"product","link":"https:\/\/nordicmart.andreevmaster.com\/fi\/tuote\/kirjahylly-bamburungolla\/","title":{"rendered":"Kirjahylly bamburungolla"},"content":{"rendered":"<p>Estetiikka kohtaa toiminnallisuuden: Kun mattamusta yhdistyy vintage-ruskeaan&#8230; Mit\u00e4 tapahtuu? &#8211; Tuloksena on tyylik\u00e4s teollisen muotoilun hylly. Lis\u00e4ksi t\u00e4m\u00e4 4-kerroksinen hylly on monik\u00e4ytt\u00f6inen ja siihen mahtuu kaikki tarvitsemasi!<br \/>\nLuotettava vakaus: Kukaan ei halua kotiinsa heiluvia hyllyj\u00e4. T\u00e4m\u00e4 seisova hylly on varustettu bamburungolla, X-tangolla ja tukevilla hyllyill\u00e4 \u2013 jokainen taso kest\u00e4\u00e4 jopa 5 kg:n painon.Paljon s\u00e4ilytystilaa aarteillesi: Yl\u00e4osaan kapenevat askelmat tarjoavat runsaasti tilaa luoville leluille: sijoita vihre\u00e4t kasvit, kirjat, koristeet ja valokuvakehykset t\u00e4nne, ja t\u00e4st\u00e4 hyllyst\u00e4 tulee ainutlaatuinen. Pelk\u00e4\u00e4tk\u00f6 sen kokoamista? Ymm\u00e4rrett\u00e4vien ohjeiden ja merkittyjen osien ansiosta 63 x 34 x 137 cm (P x L x K) kokoisen tikkaahyllyn kokoaminen ei vaadi suurta vaivann\u00e4k\u00f6\u00e4.<br \/>\nMit\u00e4 saat: Tikkaahyllyn, jossa on tukeva bamburunko ja kest\u00e4v\u00e4 MDF-levy sek\u00e4 selke\u00e4t kokoamisohjeet. Hemmottele siis itse\u00e4si t\u00e4ll\u00e4 hyllyll\u00e4 ja anna kirjoillesi ja koriste-esineillesi kunniapaikka!<\/p>\n<p>Tuotetiedot:- V\u00e4ri: Vintage ruskea-musta- Materiaali: MDF (keskitihe\u00e4 kuitulevy), bambu- Koko: 63 x 34 x 137 cm (P x L x K)- Paino: 8,6 kg- Maks. staattinen kantavuus hylly\u00e4 kohti: 5 kgToimitus sis\u00e4lt\u00e4\u00e4:- 1 x tikkaat-hylly- 1 x lis\u00e4varustepaketti- 1 x kaatumissuoja- 1 x ohjeVASAGLE Huomautukset:- Tuotetta ei saa altistaa suoralle auringonvalolle- Pid\u00e4 tuote poissa ter\u00e4vien esineiden l\u00e4heisyydest\u00e4 vahingoittumisen v\u00e4ltt\u00e4miseksi.<\/p>\n","protected":false},"excerpt":{"rendered":"<p>Estetiikka kohtaa toiminnallisuuden: Kun mattamusta yhdistyy vintage-ruskeaan&#8230; Mit\u00e4 tapahtuu? &#8211; Tuloksena on tyylik\u00e4s teollisen muotoilun hylly. Lis\u00e4ksi t\u00e4m\u00e4 4-kerroksinen hylly on monik\u00e4ytt\u00f6inen ja siihen mahtuu kaikki tarvitsemasi! Luotettava vakaus: Kukaan ei halua kotiinsa heiluvia hyllyj\u00e4. T\u00e4m\u00e4 seisova hylly on varustettu bamburungolla, X-tangolla ja tukevilla hyllyill\u00e4 \u2013 jokainen taso kest\u00e4\u00e4 jopa 5 kg:n painon.Paljon s\u00e4ilytystilaa aarteillesi: [&hellip;]<\/p>\n","protected":false},"featured_media":0,"comment_status":"open","ping_status":"closed","template":"","meta":[],"product_brand":[],"product_cat":[32],"product_tag":[],"class_list":{"0":"post-29671","1":"product","2":"type-product","3":"status-publish","5":"product_cat-uncategorized-fi","7":"first","8":"instock","9":"shipping-taxable","10":"product-type-simple"},"_links":{"self":[{"href":"https:\/\/nordicmart.andreevmaster.com\/fi\/wp-json\/wp\/v2\/product\/29671","targetHints":{"allow":["GET"]}}],"collection":[{"href":"https:\/\/nordicmart.andreevmaster.com\/fi\/wp-json\/wp\/v2\/product"}],"about":[{"href":"https:\/\/nordicmart.andreevmaster.com\/fi\/wp-json\/wp\/v2\/types\/product"}],"replies":[{"embeddable":true,"href":"https:\/\/nordicmart.andreevmaster.com\/fi\/wp-json\/wp\/v2\/comments?post=29671"}],"wp:attachment":[{"href":"https:\/\/nordicmart.andreevmaster.com\/fi\/wp-json\/wp\/v2\/media?parent=29671"}],"wp:term":[{"taxonomy":"product_brand","embeddable":true,"href":"https:\/\/nordicmart.andreevmaster.com\/fi\/wp-json\/wp\/v2\/product_brand?post=29671"},{"taxonomy":"product_cat","embeddable":true,"href":"https:\/\/nordicmart.andreevmaster.com\/fi\/wp-json\/wp\/v2\/product_cat?post=29671"},{"taxonomy":"product_tag","embeddable":true,"href":"https:\/\/nordicmart.andreevmaster.com\/fi\/wp-json\/wp\/v2\/product_tag?post=29671"}],"curies":[{"name":"wp","href":"https:\/\/api.w.org\/{rel}","templated":true}]}}